{"id":1972,"date":"2026-03-04T00:53:02","date_gmt":"2026-03-04T00:53:02","guid":{"rendered":"https:\/\/desucla.com\/carreiras\/"},"modified":"2026-03-04T01:09:30","modified_gmt":"2026-03-04T01:09:30","slug":"carreiras","status":"publish","type":"page","link":"https:\/\/www.desucla.com\/pt\/carreiras\/","title":{"rendered":"Carreiras"},"content":{"rendered":"<section class=\"careers-hero\">\n\t<div class=\"container\">\n\t\t<div class=\"careers-hero-content\">\n\t\t\t<div class=\"careers-hero-label\">Carreiras na Desucla<\/div>\t\t\t<h1>Construir infraestrutura de plataforma para entrega de conformidade transfronteiri\u00e7a<\/h1>\t\t\t<p>Junte-se a uma equipa de especialistas a construir infraestrutura controlada, de n\u00edvel de tesouraria, para entrega de conformidade operacional fiscal e comercial transfronteiri\u00e7a. Os nossos sistemas e solu\u00e7\u00f5es s\u00e3o confi\u00e1veis por empresas e organiza\u00e7\u00f5es que operam globalmente.<\/p>\t\t\t\t\t\t\t<a href=\"#open-positions\" class=\"btn btn-primary\">\n\t\t\t\t\tVer posi\u00e7\u00f5es abertas\t\t\t\t\t<img decoding=\"async\" src=\"https:\/\/www.desucla.com\/wp-content\/themes\/desucla\/assets\/images\/button-arrow.svg\" alt=\"Careers\">\n\t\t\t\t<\/a>\n\t\t\t\t\t<\/div>\n\t<\/div>\n\t<div class=\"careers-hero-image\">\n\t\t<img decoding=\"async\" src=\"https:\/\/www.desucla.com\/wp-content\/uploads\/2026\/03\/careers.webp\" alt=\"Desucla team collaborating\">\n\t<\/div>\n<\/section>\n\n\n<section class=\"careers-stats\">\n\t<div class=\"container\">\n\t\t<div class=\"careers-stats-grid\">\n\t\t\t\t\t\t\t<div class=\"careers-stat\">\n\t\t\t\t\t<div class=\"careers-stat-value\">50+<\/div>\n\t\t\t\t\t<div class=\"careers-stat-label\">Membros da equipa<\/div>\t\t\t\t<\/div>\n\t\t\t\t\t\t\t<div class=\"careers-stat\">\n\t\t\t\t\t<div class=\"careers-stat-value\">12<\/div>\n\t\t\t\t\t<div class=\"careers-stat-label\">Pa\u00edses<\/div>\t\t\t\t<\/div>\n\t\t\t\t\t\t\t<div class=\"careers-stat\">\n\t\t\t\t\t<div class=\"careers-stat-value\">\u20ac2B+<\/div>\n\t\t\t\t\t<div class=\"careers-stat-label\">Transa\u00e7\u00f5es processadas<\/div>\t\t\t\t<\/div>\n\t\t\t\t\t\t\t<div class=\"careers-stat\">\n\t\t\t\t\t<div class=\"careers-stat-value\">100+<\/div>\n\t\t\t\t\t<div class=\"careers-stat-label\">Clientes empresariais<\/div>\t\t\t\t<\/div>\n\t\t\t\t\t<\/div>\n\t<\/div>\n<\/section>\n\n\n<section class=\"careers-why\">\n\t<div class=\"container\">\n\t\t<div class=\"careers-why-layout\">\n\t\t\t<div class=\"careers-why-intro\">\n\t\t\t\t<h2>Por que juntar-se \u00e0 Desucla?<\/h2>\t\t\t\t<p>Operamos na interse\u00e7\u00e3o da entrega de conformidade operacional, execu\u00e7\u00e3o de pagamentos e tecnologia de plataforma governada. As nossas equipas desenham e entregam modelos de processamento de conformidade estruturados que s\u00e3o utilizados em ambientes corporativos regulados.<\/p>\t\t\t\t\t\t\t\t\t<a href=\"https:\/\/desucla.com\/about\/\" class=\"btn btn-primary\">\n\t\t\t\t\t\tConhe\u00e7a a equipa\t\t\t\t\t\t<img decoding=\"async\" src=\"https:\/\/www.desucla.com\/wp-content\/themes\/desucla\/assets\/images\/button-arrow.svg\" alt=\"Por que juntar-se \u00e0 Desucla?\">\n\t\t\t\t\t<\/a>\n\t\t\t\t\t\t\t<\/div>\n\t\t\t\t\t\t\t<div class=\"careers-why-grid\">\n\t\t\t\t\t\t\t\t\t\t\t<div class=\"careers-why-card\">\n\t\t\t\t\t\t\t<div class=\"careers-why-icon\">\n\t\t\t\t\t\t\t\t<img decoding=\"async\" src=\"https:\/\/www.desucla.com\/wp-content\/uploads\/2026\/02\/impact.svg\" alt=\"Trabalho de alto impacto\">\n\t\t\t\t\t\t\t<\/div>\n\t\t\t\t\t\t\t<h3>Trabalho de alto impacto<\/h3>\t\t\t\t\t\t\t<p>Contribua para a constru\u00e7\u00e3o dos sistemas que suportam a entrega de conformidade transfronteiri\u00e7a cr\u00edtica para a miss\u00e3o.<\/p>\t\t\t\t\t\t<\/div>\n\t\t\t\t\t\t\t\t\t\t\t<div class=\"careers-why-card\">\n\t\t\t\t\t\t\t<div class=\"careers-why-icon\">\n\t\t\t\t\t\t\t\t<img decoding=\"async\" src=\"https:\/\/www.desucla.com\/wp-content\/uploads\/2026\/02\/expert.svg\" alt=\"Profundidade regulat\u00f3ria\">\n\t\t\t\t\t\t\t<\/div>\n\t\t\t\t\t\t\t<h3>Profundidade regulat\u00f3ria<\/h3>\t\t\t\t\t\t\t<p>Trabalhe ao lado de especialistas em impostos, alf\u00e2ndega e tesouraria para entregar solu\u00e7\u00f5es de conformidade operacional em ambientes regulat\u00f3rios complexos.<\/p>\t\t\t\t\t\t<\/div>\n\t\t\t\t\t\t\t\t\t\t\t<div class=\"careers-why-card\">\n\t\t\t\t\t\t\t<div class=\"careers-why-icon\">\n\t\t\t\t\t\t\t\t<img decoding=\"async\" src=\"https:\/\/www.desucla.com\/wp-content\/uploads\/2026\/02\/global.svg\" alt=\"\u00c2mbito internacional\">\n\t\t\t\t\t\t\t<\/div>\n\t\t\t\t\t\t\t<h3>\u00c2mbito internacional<\/h3>\t\t\t\t\t\t\t<p>Trabalhe em mercados internacionais e com equipas especializadas para oferecer uma solu\u00e7\u00e3o abrangente de entrega de conformidade operacional internacional.<\/p>\t\t\t\t\t\t<\/div>\n\t\t\t\t\t\t\t\t\t\t\t<div class=\"careers-why-card\">\n\t\t\t\t\t\t\t<div class=\"careers-why-icon\">\n\t\t\t\t\t\t\t\t<img decoding=\"async\" src=\"https:\/\/www.desucla.com\/wp-content\/uploads\/2026\/02\/systems.svg\" alt=\"Sistemas controlados\">\n\t\t\t\t\t\t\t<\/div>\n\t\t\t\t\t\t\t<h3>Sistemas controlados<\/h3>\t\t\t\t\t\t\t<p>Construa infraestrutura projetada para fornecer rastreabilidade, responsabilidade e governan\u00e7a a n\u00edvel empresarial.<\/p>\t\t\t\t\t\t<\/div>\n\t\t\t\t\t\t\t\t\t<\/div>\n\t\t\t\t\t<\/div>\n\t<\/div>\n<\/section>\n\n\n<section class=\"careers-life\">\n\t<div class=\"container\">\n\t\t<div class=\"careers-life-header\">\n\t\t\t<h2>Vida na Desucla<\/h2>\t\t\t<p>Um ambiente estruturado e colaborativo onde a expertise operacional e a engenharia de plataformas se unem para entregar resultados mensur\u00e1veis.<\/p>\t\t<\/div>\n\t\t<div class=\"careers-life-gallery\">\n\t\t\t<div class=\"careers-life-image careers-life-image-large\">\n\t\t\t\t<img decoding=\"async\" src=\"https:\/\/www.desucla.com\/wp-content\/uploads\/2026\/03\/Life-at-Desucla.webp\" alt=\"Team collaboration\">\n\t\t\t<\/div>\n\t\t\t<div class=\"careers-life-image\">\n\t\t\t\t<img decoding=\"async\" src=\"https:\/\/www.desucla.com\/wp-content\/uploads\/2026\/03\/Life-at-Desucla2.webp\" alt=\"Office environment\">\n\t\t\t<\/div>\n\t\t\t<div class=\"careers-life-image\">\n\t\t\t\t<img decoding=\"async\" src=\"https:\/\/www.desucla.com\/wp-content\/uploads\/2026\/03\/Life-at-Desucla3.webp\" alt=\"Team meeting\">\n\t\t\t<\/div>\n\t\t<\/div>\n\t<\/div>\n<\/section>\n\n\n<section class=\"careers-benefits\">\n\t<div class=\"container\">\n\t\t<div class=\"careers-benefits-header\">\n\t\t\t<h2>Benef\u00edcios &amp; Vantagens<\/h2>\t\t\t<p>Benef\u00edcios tang\u00edveis para profissionais que constroem sistemas de longo prazo e alta responsabilidade.<\/p>\t\t<\/div>\n\t\t\t\t\t<div class=\"careers-benefits-grid\">\n\t\t\t\t\t\t\t\t\t<div class=\"careers-benefit-card\">\n\t\t\t\t\t\t<h3>Remunera\u00e7\u00e3o competitiva<\/h3>\t\t\t\t\t\t<p>Sal\u00e1rio alinhado ao mercado, incentivos de desempenho e participa\u00e7\u00e3o a longo prazo no crescimento da empresa.<\/p>\t\t\t\t\t<\/div>\n\t\t\t\t\t\t\t\t\t<div class=\"careers-benefit-card\">\n\t\t\t\t\t\t<h3>Sa\u00fade &amp; Bem-estar<\/h3>\t\t\t\t\t\t<p>Benef\u00edcios de sa\u00fade e bem-estar para si e para a sua fam\u00edlia.<\/p>\t\t\t\t\t<\/div>\n\t\t\t\t\t\t\t\t\t<div class=\"careers-benefit-card\">\n\t\t\t\t\t\t<h3>Trabalho flex\u00edvel<\/h3>\t\t\t\t\t\t<p>Op\u00e7\u00f5es de trabalho h\u00edbrido e remoto, oferecendo flexibilidade e equil\u00edbrio entre vida pessoal e profissional.<\/p>\t\t\t\t\t<\/div>\n\t\t\t\t\t\t\t\t\t<div class=\"careers-benefit-card\">\n\t\t\t\t\t\t<h3>Desenvolvimento profissional<\/h3>\t\t\t\t\t\t<p>Forma\u00e7\u00e3o cont\u00ednua, apoio \u00e0 certifica\u00e7\u00e3o e oportunidades estruturadas de desenvolvimento pessoal e de carreira.<\/p>\t\t\t\t\t<\/div>\n\t\t\t\t\t\t\t\t\t<div class=\"careers-benefit-card\">\n\t\t\t\t\t\t<h3>F\u00e9rias anuais<\/h3>\t\t\t\t\t\t<p>F\u00e9rias anuais estatut\u00e1rias padr\u00e3o mais feriados p\u00fablicos, bem como licen\u00e7a parental estruturada.<\/p>\t\t\t\t\t<\/div>\n\t\t\t\t\t\t\t\t\t<div class=\"careers-benefit-card\">\n\t\t\t\t\t\t<h3>Pens\u00e3o<\/h3>\t\t\t\t\t\t<p>Recompensas de pens\u00e3o competitivas e apoio ao planeamento financeiro a longo prazo, dependendo da localiza\u00e7\u00e3o.<\/p>\t\t\t\t\t<\/div>\n\t\t\t\t\t\t\t<\/div>\n\t\t\t<\/div>\n<\/section>\n","protected":false},"excerpt":{"rendered":"","protected":false},"author":1,"featured_media":0,"parent":0,"menu_order":0,"comment_status":"closed","ping_status":"closed","template":"page-careers.php","meta":{"_acf_changed":false,"footnotes":""},"class_list":["post-1972","page","type-page","status-publish","hentry"],"acf":[],"yoast_head":"<!-- This site is optimized with the Yoast SEO plugin v27.4 - https:\/\/yoast.com\/product\/yoast-seo-wordpress\/ -->\n<title>Carreiras na Desucla | Junte-se \u00e0 nossa equipa<\/title>\n<meta name=\"description\" content=\"Explore as posi\u00e7\u00f5es abertas na Desucla. Estamos a recrutar nas equipas de engenharia, conformidade, produto e comercial para construir o futuro da infraestrutura de conformidade transfronteiri\u00e7a.\" \/>\n<meta name=\"robots\" content=\"index, follow, max-snippet:-1, max-image-preview:large, max-video-preview:-1\" \/>\n<link rel=\"canonical\" href=\"https:\/\/www.desucla.com\/pt\/carreiras\/\" \/>\n<meta property=\"og:locale\" content=\"pt_PT\" \/>\n<meta property=\"og:type\" content=\"article\" \/>\n<meta property=\"og:title\" content=\"Carreiras na Desucla | Junte-se \u00e0 nossa equipa\" \/>\n<meta property=\"og:description\" content=\"Explore as posi\u00e7\u00f5es abertas na Desucla. Estamos a recrutar nas equipas de engenharia, conformidade, produto e comercial para construir o futuro da infraestrutura de conformidade transfronteiri\u00e7a.\" \/>\n<meta property=\"og:url\" content=\"https:\/\/www.desucla.com\/pt\/carreiras\/\" \/>\n<meta property=\"og:site_name\" content=\"Desucla\" \/>\n<meta property=\"article:modified_time\" content=\"2026-03-04T01:09:30+00:00\" \/>\n<meta name=\"twitter:card\" content=\"summary_large_image\" \/>\n<script type=\"application\/ld+json\" class=\"yoast-schema-graph\">{\"@context\":\"https:\\\/\\\/schema.org\",\"@graph\":[{\"@type\":\"WebPage\",\"@id\":\"https:\\\/\\\/www.desucla.com\\\/pt\\\/carreiras\\\/\",\"url\":\"https:\\\/\\\/www.desucla.com\\\/pt\\\/carreiras\\\/\",\"name\":\"Carreiras na Desucla | Junte-se \u00e0 nossa equipa\",\"isPartOf\":{\"@id\":\"https:\\\/\\\/www.desucla.com\\\/pt\\\/#website\"},\"datePublished\":\"2026-03-04T00:53:02+00:00\",\"dateModified\":\"2026-03-04T01:09:30+00:00\",\"description\":\"Explore as posi\u00e7\u00f5es abertas na Desucla. Estamos a recrutar nas equipas de engenharia, conformidade, produto e comercial para construir o futuro da infraestrutura de conformidade transfronteiri\u00e7a.\",\"breadcrumb\":{\"@id\":\"https:\\\/\\\/www.desucla.com\\\/pt\\\/carreiras\\\/#breadcrumb\"},\"inLanguage\":\"pt-PT\",\"potentialAction\":[{\"@type\":\"ReadAction\",\"target\":[\"https:\\\/\\\/www.desucla.com\\\/pt\\\/carreiras\\\/\"]}]},{\"@type\":\"BreadcrumbList\",\"@id\":\"https:\\\/\\\/www.desucla.com\\\/pt\\\/carreiras\\\/#breadcrumb\",\"itemListElement\":[{\"@type\":\"ListItem\",\"position\":1,\"name\":\"Home\",\"item\":\"https:\\\/\\\/www.desucla.com\\\/pt\\\/\"},{\"@type\":\"ListItem\",\"position\":2,\"name\":\"Carreiras\"}]},{\"@type\":\"WebSite\",\"@id\":\"https:\\\/\\\/www.desucla.com\\\/pt\\\/#website\",\"url\":\"https:\\\/\\\/www.desucla.com\\\/pt\\\/\",\"name\":\"Desucla\",\"description\":\"\",\"potentialAction\":[{\"@type\":\"SearchAction\",\"target\":{\"@type\":\"EntryPoint\",\"urlTemplate\":\"https:\\\/\\\/www.desucla.com\\\/pt\\\/?s={search_term_string}\"},\"query-input\":{\"@type\":\"PropertyValueSpecification\",\"valueRequired\":true,\"valueName\":\"search_term_string\"}}],\"inLanguage\":\"pt-PT\"}]}<\/script>\n<!-- \/ Yoast SEO plugin. -->","yoast_head_json":{"title":"Carreiras na Desucla | Junte-se \u00e0 nossa equipa","description":"Explore as posi\u00e7\u00f5es abertas na Desucla. Estamos a recrutar nas equipas de engenharia, conformidade, produto e comercial para construir o futuro da infraestrutura de conformidade transfronteiri\u00e7a.","robots":{"index":"index","follow":"follow","max-snippet":"max-snippet:-1","max-image-preview":"max-image-preview:large","max-video-preview":"max-video-preview:-1"},"canonical":"https:\/\/www.desucla.com\/pt\/carreiras\/","og_locale":"pt_PT","og_type":"article","og_title":"Carreiras na Desucla | Junte-se \u00e0 nossa equipa","og_description":"Explore as posi\u00e7\u00f5es abertas na Desucla. Estamos a recrutar nas equipas de engenharia, conformidade, produto e comercial para construir o futuro da infraestrutura de conformidade transfronteiri\u00e7a.","og_url":"https:\/\/www.desucla.com\/pt\/carreiras\/","og_site_name":"Desucla","article_modified_time":"2026-03-04T01:09:30+00:00","twitter_card":"summary_large_image","schema":{"@context":"https:\/\/schema.org","@graph":[{"@type":"WebPage","@id":"https:\/\/www.desucla.com\/pt\/carreiras\/","url":"https:\/\/www.desucla.com\/pt\/carreiras\/","name":"Carreiras na Desucla | Junte-se \u00e0 nossa equipa","isPartOf":{"@id":"https:\/\/www.desucla.com\/pt\/#website"},"datePublished":"2026-03-04T00:53:02+00:00","dateModified":"2026-03-04T01:09:30+00:00","description":"Explore as posi\u00e7\u00f5es abertas na Desucla. Estamos a recrutar nas equipas de engenharia, conformidade, produto e comercial para construir o futuro da infraestrutura de conformidade transfronteiri\u00e7a.","breadcrumb":{"@id":"https:\/\/www.desucla.com\/pt\/carreiras\/#breadcrumb"},"inLanguage":"pt-PT","potentialAction":[{"@type":"ReadAction","target":["https:\/\/www.desucla.com\/pt\/carreiras\/"]}]},{"@type":"BreadcrumbList","@id":"https:\/\/www.desucla.com\/pt\/carreiras\/#breadcrumb","itemListElement":[{"@type":"ListItem","position":1,"name":"Home","item":"https:\/\/www.desucla.com\/pt\/"},{"@type":"ListItem","position":2,"name":"Carreiras"}]},{"@type":"WebSite","@id":"https:\/\/www.desucla.com\/pt\/#website","url":"https:\/\/www.desucla.com\/pt\/","name":"Desucla","description":"","potentialAction":[{"@type":"SearchAction","target":{"@type":"EntryPoint","urlTemplate":"https:\/\/www.desucla.com\/pt\/?s={search_term_string}"},"query-input":{"@type":"PropertyValueSpecification","valueRequired":true,"valueName":"search_term_string"}}],"inLanguage":"pt-PT"}]}},"_links":{"self":[{"href":"https:\/\/www.desucla.com\/pt\/wp-json\/wp\/v2\/pages\/1972","targetHints":{"allow":["GET"]}}],"collection":[{"href":"https:\/\/www.desucla.com\/pt\/wp-json\/wp\/v2\/pages"}],"about":[{"href":"https:\/\/www.desucla.com\/pt\/wp-json\/wp\/v2\/types\/page"}],"author":[{"embeddable":true,"href":"https:\/\/www.desucla.com\/pt\/wp-json\/wp\/v2\/users\/1"}],"replies":[{"embeddable":true,"href":"https:\/\/www.desucla.com\/pt\/wp-json\/wp\/v2\/comments?post=1972"}],"version-history":[{"count":0,"href":"https:\/\/www.desucla.com\/pt\/wp-json\/wp\/v2\/pages\/1972\/revisions"}],"wp:attachment":[{"href":"https:\/\/www.desucla.com\/pt\/wp-json\/wp\/v2\/media?parent=1972"}],"curies":[{"name":"wp","href":"https:\/\/api.w.org\/{rel}","templated":true}]}}