{"id":1914,"date":"2026-03-03T23:46:21","date_gmt":"2026-03-03T23:46:21","guid":{"rendered":"https:\/\/desucla.com\/glossario\/"},"modified":"2026-03-03T23:53:55","modified_gmt":"2026-03-03T23:53:55","slug":"glossario","status":"publish","type":"page","link":"https:\/\/www.desucla.com\/pt\/glossario\/","title":{"rendered":"Gloss\u00e1rio"},"content":{"rendered":"","protected":false},"excerpt":{"rendered":"","protected":false},"author":1,"featured_media":0,"parent":0,"menu_order":0,"comment_status":"closed","ping_status":"closed","template":"page-glossary.php","meta":{"_acf_changed":false,"footnotes":""},"class_list":["post-1914","page","type-page","status-publish","hentry"],"acf":[],"yoast_head":"<!-- This site is optimized with the Yoast SEO plugin v27.4 - https:\/\/yoast.com\/product\/yoast-seo-wordpress\/ -->\n<title>Gloss\u00e1rio | Termos fiscais e aduaneiros | Desucla<\/title>\n<meta name=\"description\" content=\"Um gloss\u00e1rio abrangente de termos de fiscalidade transfronteiri\u00e7a, IVA, alf\u00e2ndegas e conformidade para ajud\u00e1-lo a navegar o com\u00e9rcio internacional e os requisitos regulamentares.\" \/>\n<meta name=\"robots\" content=\"index, follow, max-snippet:-1, max-image-preview:large, max-video-preview:-1\" \/>\n<link rel=\"canonical\" href=\"https:\/\/www.desucla.com\/pt\/glossario\/\" \/>\n<meta property=\"og:locale\" content=\"pt_PT\" \/>\n<meta property=\"og:type\" content=\"article\" \/>\n<meta property=\"og:title\" content=\"Gloss\u00e1rio | Termos fiscais e aduaneiros | Desucla\" \/>\n<meta property=\"og:description\" content=\"Um gloss\u00e1rio abrangente de termos de fiscalidade transfronteiri\u00e7a, IVA, alf\u00e2ndegas e conformidade para ajud\u00e1-lo a navegar o com\u00e9rcio internacional e os requisitos regulamentares.\" \/>\n<meta property=\"og:url\" content=\"https:\/\/www.desucla.com\/pt\/glossario\/\" \/>\n<meta property=\"og:site_name\" content=\"Desucla\" \/>\n<meta property=\"article:modified_time\" content=\"2026-03-03T23:53:55+00:00\" \/>\n<meta name=\"twitter:card\" content=\"summary_large_image\" \/>\n<script type=\"application\/ld+json\" class=\"yoast-schema-graph\">{\"@context\":\"https:\\\/\\\/schema.org\",\"@graph\":[{\"@type\":\"WebPage\",\"@id\":\"https:\\\/\\\/www.desucla.com\\\/pt\\\/glossario\\\/\",\"url\":\"https:\\\/\\\/www.desucla.com\\\/pt\\\/glossario\\\/\",\"name\":\"Gloss\u00e1rio | Termos fiscais e aduaneiros | Desucla\",\"isPartOf\":{\"@id\":\"https:\\\/\\\/www.desucla.com\\\/pt\\\/#website\"},\"datePublished\":\"2026-03-03T23:46:21+00:00\",\"dateModified\":\"2026-03-03T23:53:55+00:00\",\"description\":\"Um gloss\u00e1rio abrangente de termos de fiscalidade transfronteiri\u00e7a, IVA, alf\u00e2ndegas e conformidade para ajud\u00e1-lo a navegar o com\u00e9rcio internacional e os requisitos regulamentares.\",\"breadcrumb\":{\"@id\":\"https:\\\/\\\/www.desucla.com\\\/pt\\\/glossario\\\/#breadcrumb\"},\"inLanguage\":\"pt-PT\",\"potentialAction\":[{\"@type\":\"ReadAction\",\"target\":[\"https:\\\/\\\/www.desucla.com\\\/pt\\\/glossario\\\/\"]}]},{\"@type\":\"BreadcrumbList\",\"@id\":\"https:\\\/\\\/www.desucla.com\\\/pt\\\/glossario\\\/#breadcrumb\",\"itemListElement\":[{\"@type\":\"ListItem\",\"position\":1,\"name\":\"Home\",\"item\":\"https:\\\/\\\/www.desucla.com\\\/pt\\\/\"},{\"@type\":\"ListItem\",\"position\":2,\"name\":\"Gloss\u00e1rio\"}]},{\"@type\":\"WebSite\",\"@id\":\"https:\\\/\\\/www.desucla.com\\\/pt\\\/#website\",\"url\":\"https:\\\/\\\/www.desucla.com\\\/pt\\\/\",\"name\":\"Desucla\",\"description\":\"\",\"potentialAction\":[{\"@type\":\"SearchAction\",\"target\":{\"@type\":\"EntryPoint\",\"urlTemplate\":\"https:\\\/\\\/www.desucla.com\\\/pt\\\/?s={search_term_string}\"},\"query-input\":{\"@type\":\"PropertyValueSpecification\",\"valueRequired\":true,\"valueName\":\"search_term_string\"}}],\"inLanguage\":\"pt-PT\"}]}<\/script>\n<!-- \/ Yoast SEO plugin. -->","yoast_head_json":{"title":"Gloss\u00e1rio | Termos fiscais e aduaneiros | Desucla","description":"Um gloss\u00e1rio abrangente de termos de fiscalidade transfronteiri\u00e7a, IVA, alf\u00e2ndegas e conformidade para ajud\u00e1-lo a navegar o com\u00e9rcio internacional e os requisitos regulamentares.","robots":{"index":"index","follow":"follow","max-snippet":"max-snippet:-1","max-image-preview":"max-image-preview:large","max-video-preview":"max-video-preview:-1"},"canonical":"https:\/\/www.desucla.com\/pt\/glossario\/","og_locale":"pt_PT","og_type":"article","og_title":"Gloss\u00e1rio | Termos fiscais e aduaneiros | Desucla","og_description":"Um gloss\u00e1rio abrangente de termos de fiscalidade transfronteiri\u00e7a, IVA, alf\u00e2ndegas e conformidade para ajud\u00e1-lo a navegar o com\u00e9rcio internacional e os requisitos regulamentares.","og_url":"https:\/\/www.desucla.com\/pt\/glossario\/","og_site_name":"Desucla","article_modified_time":"2026-03-03T23:53:55+00:00","twitter_card":"summary_large_image","schema":{"@context":"https:\/\/schema.org","@graph":[{"@type":"WebPage","@id":"https:\/\/www.desucla.com\/pt\/glossario\/","url":"https:\/\/www.desucla.com\/pt\/glossario\/","name":"Gloss\u00e1rio | Termos fiscais e aduaneiros | Desucla","isPartOf":{"@id":"https:\/\/www.desucla.com\/pt\/#website"},"datePublished":"2026-03-03T23:46:21+00:00","dateModified":"2026-03-03T23:53:55+00:00","description":"Um gloss\u00e1rio abrangente de termos de fiscalidade transfronteiri\u00e7a, IVA, alf\u00e2ndegas e conformidade para ajud\u00e1-lo a navegar o com\u00e9rcio internacional e os requisitos regulamentares.","breadcrumb":{"@id":"https:\/\/www.desucla.com\/pt\/glossario\/#breadcrumb"},"inLanguage":"pt-PT","potentialAction":[{"@type":"ReadAction","target":["https:\/\/www.desucla.com\/pt\/glossario\/"]}]},{"@type":"BreadcrumbList","@id":"https:\/\/www.desucla.com\/pt\/glossario\/#breadcrumb","itemListElement":[{"@type":"ListItem","position":1,"name":"Home","item":"https:\/\/www.desucla.com\/pt\/"},{"@type":"ListItem","position":2,"name":"Gloss\u00e1rio"}]},{"@type":"WebSite","@id":"https:\/\/www.desucla.com\/pt\/#website","url":"https:\/\/www.desucla.com\/pt\/","name":"Desucla","description":"","potentialAction":[{"@type":"SearchAction","target":{"@type":"EntryPoint","urlTemplate":"https:\/\/www.desucla.com\/pt\/?s={search_term_string}"},"query-input":{"@type":"PropertyValueSpecification","valueRequired":true,"valueName":"search_term_string"}}],"inLanguage":"pt-PT"}]}},"_links":{"self":[{"href":"https:\/\/www.desucla.com\/pt\/wp-json\/wp\/v2\/pages\/1914","targetHints":{"allow":["GET"]}}],"collection":[{"href":"https:\/\/www.desucla.com\/pt\/wp-json\/wp\/v2\/pages"}],"about":[{"href":"https:\/\/www.desucla.com\/pt\/wp-json\/wp\/v2\/types\/page"}],"author":[{"embeddable":true,"href":"https:\/\/www.desucla.com\/pt\/wp-json\/wp\/v2\/users\/1"}],"replies":[{"embeddable":true,"href":"https:\/\/www.desucla.com\/pt\/wp-json\/wp\/v2\/comments?post=1914"}],"version-history":[{"count":0,"href":"https:\/\/www.desucla.com\/pt\/wp-json\/wp\/v2\/pages\/1914\/revisions"}],"wp:attachment":[{"href":"https:\/\/www.desucla.com\/pt\/wp-json\/wp\/v2\/media?parent=1914"}],"curies":[{"name":"wp","href":"https:\/\/api.w.org\/{rel}","templated":true}]}}