{"id":1911,"date":"2026-03-03T23:19:59","date_gmt":"2026-03-03T23:19:59","guid":{"rendered":"https:\/\/desucla.com\/contacto\/"},"modified":"2026-03-03T23:19:59","modified_gmt":"2026-03-03T23:19:59","slug":"contacto","status":"publish","type":"page","link":"https:\/\/www.desucla.com\/pt\/contacto\/","title":{"rendered":"Contacto"},"content":{"rendered":"<section class=\"contact-hero\">\n\t<div class=\"contact-hero-container\">\n\t\t<h1>Entre em contacto<\/h1>\t\t<p>Quer esteja a rever a infraestrutura de conformidade ou a escalabilidade transfronteiri\u00e7a, fale com a nossa equipa sobre as suas necessidades.<\/p>\t<\/div>\n<\/section>\n\n\n<section class=\"contact-main\">\n\t<div class=\"contact-main-container\">\n\t\t<div class=\"contact-form-wrapper\">\n\t\t\t<h2>Envie-nos uma mensagem<\/h2>\t\t\t\t\t\t<form id=\"contact-form-block_1458f0d9d27af2ee9548efa4f2badc01\" class=\"contact-form taxpay-form js-service-hero-hubspot-form contact-page-hubspot-form\" method=\"post\" action=\"\" novalidate\n\t\t\t\tdata-portal-id=\"145781135\"\n\t\t\t\tdata-form-guid=\"5630d2db-78f4-4038-8c17-2537cea1c73e\"\n\t\t\t\tdata-rest-url=\"https:\/\/www.desucla.com\/pt\/wp-json\/desucla\/v1\/hubspot-submit\"\n\t\t\t\tdata-nonce=\"3ac99a529f\"\n\t\t\t\tdata-ajax-url=\"https:\/\/www.desucla.com\/wp-admin\/admin-ajax.php\"\n\t\t\t\tdata-contact-nonce=\"562f407054\"\n\t\t\t\tdata-thank-you-url=\"https:\/\/www.desucla.com\/thank-you\/\">\n\t\t\t\t\t\t\t\t<div class=\"form-row\">\n\t\t\t\t\t<div class=\"form-group\">\n\t\t\t\t\t\t<input type=\"text\" id=\"contact-firstname\" name=\"firstname\" required aria-required=\"true\" placeholder=\"Primeiro Nome *\" aria-label=\"Primeiro Nome\">\n\t\t\t\t\t<\/div>\n\t\t\t\t\t<div class=\"form-group\">\n\t\t\t\t\t\t<input type=\"text\" id=\"contact-lastname\" name=\"lastname\" required aria-required=\"true\" placeholder=\"\u00daltimo Nome *\" aria-label=\"\u00daltimo Nome\">\n\t\t\t\t\t<\/div>\n\t\t\t\t<\/div>\n\t\t\t\t<div class=\"form-row\">\n\t\t\t\t\t<div class=\"form-group\">\n\t\t\t\t\t\t<input type=\"email\" id=\"contact-email\" name=\"email\" required aria-required=\"true\" placeholder=\"Email de Trabalho *\" aria-label=\"Email de Trabalho\">\n\t\t\t\t\t<\/div>\n\t\t\t\t\t<div class=\"form-group\">\n\t\t\t\t\t\t<input type=\"tel\" id=\"contact-phone\" name=\"phone\" required aria-required=\"true\" placeholder=\"N\u00famero de Telefone *\" aria-label=\"N\u00famero de Telefone\">\n\t\t\t\t\t<\/div>\n\t\t\t\t<\/div>\n\t\t\t\t<div class=\"form-group\">\n\t\t\t\t\t<input type=\"text\" id=\"contact-company\" name=\"company\" required aria-required=\"true\" placeholder=\"Empresa *\" aria-label=\"Empresa\">\n\t\t\t\t<\/div>\n\t\t\t\t<div class=\"form-group\">\n\t\t\t\t\t<select id=\"contact-help\" name=\"help\" aria-label=\"Como podemos ajudar?\">\n\t\t\t\t\t\t<option value=\"\">Como podemos ajudar?<\/option>\n\t\t\t\t\t\t<option value=\"Sales Inquiry\">Consulta de vendas<\/option>\n\t\t\t\t\t\t<option value=\"Partnership opportunity\">Oportunidade de parceria<\/option>\n\t\t\t\t\t\t<option value=\"Technical support\">Suporte t\u00e9cnico<\/option>\n\t\t\t\t\t\t<option value=\"Request a demo\">Solicitar uma demonstra\u00e7\u00e3o<\/option>\n\t\t\t\t\t\t<option value=\"Integration questions\">Quest\u00f5es de integra\u00e7\u00e3o<\/option>\n\t\t\t\t\t<\/select>\n\t\t\t\t<\/div>\n\t\t\t\t<div class=\"form-group\">\n\t\t\t\t\t<textarea id=\"contact-message\" name=\"message\" rows=\"6\" placeholder=\"Mensagem\" aria-label=\"Mensagem\"><\/textarea>\n\t\t\t\t<\/div>\n\t\t\t\t<label class=\"taxpay-form-checkbox form-consent-label\">\n\t\t\t\t\t<input type=\"checkbox\" name=\"agree_to_communications\" value=\"yes\" required aria-required=\"true\" aria-label=\"Consentimento para processar dados pessoais\">\n\t\t\t\t\t<span>Ao marcar esta caixa, dou o meu consentimento para que a Desucla processe os meus dados pessoais e me contacte sobre servi\u00e7os de conformidade. <span class=\"required\">*<\/span><\/span>\n\t\t\t\t<\/label>\n\t\t\t\t<p class=\"form-disclaimer\">* Campos obrigat\u00f3rios. Ao enviar este formul\u00e1rio, concorda com a nossa pol\u00edtica de privacidade.<\/p>\n\t\t\t\t<button type=\"submit\" class=\"btn btn-primary btn-large\">\n\t\t\t\t\t<span>Enviar agora<\/span>\n\t\t\t\t\t<img decoding=\"async\" src=\"https:\/\/www.desucla.com\/wp-content\/themes\/desucla\/assets\/images\/button-arrow.svg\" alt=\"Contacto\" class=\"btn-arrow\">\n\t\t\t\t<\/button>\n\t\t\t\t<div class=\"taxpay-form-message\" aria-live=\"polite\" hidden><\/div>\n\t\t\t<\/form>\n\t\t\t\t\t<\/div>\n\n\t\t<div class=\"contact-info-card\">\n\t\t\t<div class=\"contact-info-image\">\n\t\t\t\t<img decoding=\"async\" src=\"https:\/\/www.desucla.com\/wp-content\/uploads\/2026\/03\/Desucla-Contact.webp\" alt=\"Contacto\" class=\"contact-image\">\n\t\t\t\t<div class=\"contact-image-overlay\"><\/div>\n\t\t\t<\/div>\n\t\t\t<div class=\"contact-info-content\">\n\t\t\t\t<h3>Informa\u00e7\u00f5es de contacto<\/h3>\t\t\t\t<div class=\"contact-info-item\">\n\t\t\t\t\t<div class=\"contact-info-icon\">\n\t\t\t\t\t\t<img decoding=\"async\" src=\"https:\/\/www.desucla.com\/wp-content\/themes\/desucla\/assets\/images\/location.svg\" alt=\"Contacto\">\n\t\t\t\t\t<\/div>\n\t\t\t\t\t<div class=\"contact-info-text\">\n\t\t\t\t\t\t<p class=\"contact-info-title\">Londres, Reino Unido<\/p>\t\t\t\t\t\t<p class=\"contact-info-detail\">29 Euston Road, Londres, NW1 2SD<\/p>\t\t\t\t\t<\/div>\n\t\t\t\t<\/div>\n\t\t\t\t<div class=\"contact-info-item\">\n\t\t\t\t\t<div class=\"contact-info-icon\">\n\t\t\t\t\t\t<img decoding=\"async\" src=\"https:\/\/www.desucla.com\/wp-content\/themes\/desucla\/assets\/images\/phone.svg\" alt=\"Contacto\">\n\t\t\t\t\t<\/div>\n\t\t\t\t\t<div class=\"contact-info-text\">\n\t\t\t\t\t\t<p class=\"contact-info-title\">+44 20 3633 9763<\/p>\t\t\t\t\t\t\t\t\t\t\t<\/div>\n\t\t\t\t<\/div>\n\t\t\t<\/div>\n\t\t<\/div>\n\t<\/div>\n<\/section>\n\n\n<section class=\"contact-options\">\n\t<div class=\"contact-options-container\">\n\t\t<h2>\u00c0 procura de algo espec\u00edfico?<\/h2>\t\t<div class=\"contact-options-grid\">\n\t\t\t\t\t\t<div class=\"contact-option-card\">\n\t\t\t\t<h3>Consultas de vendas<\/h3>\t\t\t\t<p>Discuta a cobertura de entrega de conformidade, alinhamento de fluxo de trabalho e adequa\u00e7\u00e3o operacional com a nossa equipa.<\/p>\t\t\t\t<a href=\"mailto:sales@desucla.com\" class=\"contact-option-link\">sales@desucla.com<\/a>\t\t\t<\/div>\n\t\t\t\t\t\t<div class=\"contact-option-card\">\n\t\t\t\t<h3>Parceria connosco<\/h3>\t\t\t\t<p>Explore modelos estruturados de entrega de conformidade operacional para empresas de consultoria e conformidade.<\/p>\t\t\t\t<a href=\"mailto:partnerships@desucla.com\" class=\"contact-option-link\">partnerships@desucla.com<\/a>\t\t\t<\/div>\n\t\t\t\t\t\t<div class=\"contact-option-card\">\n\t\t\t\t<h3>Suporte<\/h3>\t\t\t\t<p>Suporte estruturado e assist\u00eancia operacional para clientes existentes.<\/p>\t\t\t\t<a href=\"mailto:support@desucla.com\" class=\"contact-option-link\">support@desucla.com<\/a>\t\t\t<\/div>\n\t\t\t\t\t<\/div>\n\t<\/div>\n<\/section>\n","protected":false},"excerpt":{"rendered":"","protected":false},"author":1,"featured_media":0,"parent":0,"menu_order":0,"comment_status":"closed","ping_status":"closed","template":"page-contact.php","meta":{"_acf_changed":false,"footnotes":""},"class_list":["post-1911","page","type-page","status-publish","hentry"],"acf":[],"yoast_head":"<!-- This site is optimized with the Yoast SEO plugin v27.4 - https:\/\/yoast.com\/product\/yoast-seo-wordpress\/ -->\n<title>Contacte-nos | Desucla<\/title>\n<meta name=\"description\" content=\"Entre em contacto com a Desucla. Fale com a nossa equipa sobre conformidade fiscal transfronteiri\u00e7a, representa\u00e7\u00e3o aduaneira e como a nossa plataforma pode apoiar as suas opera\u00e7\u00f5es.\" \/>\n<meta name=\"robots\" content=\"index, follow, max-snippet:-1, max-image-preview:large, max-video-preview:-1\" \/>\n<link rel=\"canonical\" href=\"https:\/\/www.desucla.com\/pt\/contacto\/\" \/>\n<meta property=\"og:locale\" content=\"pt_PT\" \/>\n<meta property=\"og:type\" content=\"article\" \/>\n<meta property=\"og:title\" content=\"Contacte-nos | Desucla\" \/>\n<meta property=\"og:description\" content=\"Entre em contacto com a Desucla. Fale com a nossa equipa sobre conformidade fiscal transfronteiri\u00e7a, representa\u00e7\u00e3o aduaneira e como a nossa plataforma pode apoiar as suas opera\u00e7\u00f5es.\" \/>\n<meta property=\"og:url\" content=\"https:\/\/www.desucla.com\/pt\/contacto\/\" \/>\n<meta property=\"og:site_name\" content=\"Desucla\" \/>\n<meta name=\"twitter:card\" content=\"summary_large_image\" \/>\n<script type=\"application\/ld+json\" class=\"yoast-schema-graph\">{\"@context\":\"https:\\\/\\\/schema.org\",\"@graph\":[{\"@type\":\"WebPage\",\"@id\":\"https:\\\/\\\/www.desucla.com\\\/pt\\\/contacto\\\/\",\"url\":\"https:\\\/\\\/www.desucla.com\\\/pt\\\/contacto\\\/\",\"name\":\"Contacte-nos | Desucla\",\"isPartOf\":{\"@id\":\"https:\\\/\\\/www.desucla.com\\\/pt\\\/#website\"},\"datePublished\":\"2026-03-03T23:19:59+00:00\",\"description\":\"Entre em contacto com a Desucla. Fale com a nossa equipa sobre conformidade fiscal transfronteiri\u00e7a, representa\u00e7\u00e3o aduaneira e como a nossa plataforma pode apoiar as suas opera\u00e7\u00f5es.\",\"breadcrumb\":{\"@id\":\"https:\\\/\\\/www.desucla.com\\\/pt\\\/contacto\\\/#breadcrumb\"},\"inLanguage\":\"pt-PT\",\"potentialAction\":[{\"@type\":\"ReadAction\",\"target\":[\"https:\\\/\\\/www.desucla.com\\\/pt\\\/contacto\\\/\"]}]},{\"@type\":\"BreadcrumbList\",\"@id\":\"https:\\\/\\\/www.desucla.com\\\/pt\\\/contacto\\\/#breadcrumb\",\"itemListElement\":[{\"@type\":\"ListItem\",\"position\":1,\"name\":\"Home\",\"item\":\"https:\\\/\\\/www.desucla.com\\\/pt\\\/\"},{\"@type\":\"ListItem\",\"position\":2,\"name\":\"Contacto\"}]},{\"@type\":\"WebSite\",\"@id\":\"https:\\\/\\\/www.desucla.com\\\/pt\\\/#website\",\"url\":\"https:\\\/\\\/www.desucla.com\\\/pt\\\/\",\"name\":\"Desucla\",\"description\":\"\",\"potentialAction\":[{\"@type\":\"SearchAction\",\"target\":{\"@type\":\"EntryPoint\",\"urlTemplate\":\"https:\\\/\\\/www.desucla.com\\\/pt\\\/?s={search_term_string}\"},\"query-input\":{\"@type\":\"PropertyValueSpecification\",\"valueRequired\":true,\"valueName\":\"search_term_string\"}}],\"inLanguage\":\"pt-PT\"}]}<\/script>\n<!-- \/ Yoast SEO plugin. -->","yoast_head_json":{"title":"Contacte-nos | Desucla","description":"Entre em contacto com a Desucla. Fale com a nossa equipa sobre conformidade fiscal transfronteiri\u00e7a, representa\u00e7\u00e3o aduaneira e como a nossa plataforma pode apoiar as suas opera\u00e7\u00f5es.","robots":{"index":"index","follow":"follow","max-snippet":"max-snippet:-1","max-image-preview":"max-image-preview:large","max-video-preview":"max-video-preview:-1"},"canonical":"https:\/\/www.desucla.com\/pt\/contacto\/","og_locale":"pt_PT","og_type":"article","og_title":"Contacte-nos | Desucla","og_description":"Entre em contacto com a Desucla. Fale com a nossa equipa sobre conformidade fiscal transfronteiri\u00e7a, representa\u00e7\u00e3o aduaneira e como a nossa plataforma pode apoiar as suas opera\u00e7\u00f5es.","og_url":"https:\/\/www.desucla.com\/pt\/contacto\/","og_site_name":"Desucla","twitter_card":"summary_large_image","schema":{"@context":"https:\/\/schema.org","@graph":[{"@type":"WebPage","@id":"https:\/\/www.desucla.com\/pt\/contacto\/","url":"https:\/\/www.desucla.com\/pt\/contacto\/","name":"Contacte-nos | Desucla","isPartOf":{"@id":"https:\/\/www.desucla.com\/pt\/#website"},"datePublished":"2026-03-03T23:19:59+00:00","description":"Entre em contacto com a Desucla. Fale com a nossa equipa sobre conformidade fiscal transfronteiri\u00e7a, representa\u00e7\u00e3o aduaneira e como a nossa plataforma pode apoiar as suas opera\u00e7\u00f5es.","breadcrumb":{"@id":"https:\/\/www.desucla.com\/pt\/contacto\/#breadcrumb"},"inLanguage":"pt-PT","potentialAction":[{"@type":"ReadAction","target":["https:\/\/www.desucla.com\/pt\/contacto\/"]}]},{"@type":"BreadcrumbList","@id":"https:\/\/www.desucla.com\/pt\/contacto\/#breadcrumb","itemListElement":[{"@type":"ListItem","position":1,"name":"Home","item":"https:\/\/www.desucla.com\/pt\/"},{"@type":"ListItem","position":2,"name":"Contacto"}]},{"@type":"WebSite","@id":"https:\/\/www.desucla.com\/pt\/#website","url":"https:\/\/www.desucla.com\/pt\/","name":"Desucla","description":"","potentialAction":[{"@type":"SearchAction","target":{"@type":"EntryPoint","urlTemplate":"https:\/\/www.desucla.com\/pt\/?s={search_term_string}"},"query-input":{"@type":"PropertyValueSpecification","valueRequired":true,"valueName":"search_term_string"}}],"inLanguage":"pt-PT"}]}},"_links":{"self":[{"href":"https:\/\/www.desucla.com\/pt\/wp-json\/wp\/v2\/pages\/1911","targetHints":{"allow":["GET"]}}],"collection":[{"href":"https:\/\/www.desucla.com\/pt\/wp-json\/wp\/v2\/pages"}],"about":[{"href":"https:\/\/www.desucla.com\/pt\/wp-json\/wp\/v2\/types\/page"}],"author":[{"embeddable":true,"href":"https:\/\/www.desucla.com\/pt\/wp-json\/wp\/v2\/users\/1"}],"replies":[{"embeddable":true,"href":"https:\/\/www.desucla.com\/pt\/wp-json\/wp\/v2\/comments?post=1911"}],"version-history":[{"count":0,"href":"https:\/\/www.desucla.com\/pt\/wp-json\/wp\/v2\/pages\/1911\/revisions"}],"wp:attachment":[{"href":"https:\/\/www.desucla.com\/pt\/wp-json\/wp\/v2\/media?parent=1911"}],"curies":[{"name":"wp","href":"https:\/\/api.w.org\/{rel}","templated":true}]}}