{"id":1882,"date":"2026-03-03T23:07:48","date_gmt":"2026-03-03T23:07:48","guid":{"rendered":"https:\/\/desucla.com\/sobre\/"},"modified":"2026-03-12T16:52:19","modified_gmt":"2026-03-12T16:52:19","slug":"sobre","status":"publish","type":"page","link":"https:\/\/www.desucla.com\/pt\/sobre\/","title":{"rendered":"Sobre"},"content":{"rendered":"<section class=\"about-hero\">\n\t<div class=\"about-hero-container\">\n\t\t<div class=\"about-hero-content\">\n\t\t\t<span class=\"about-eyebrow\">SOBRE N\u00d3S<\/span>\n\t\t\t<h1>Infraestrutura de execu\u00e7\u00e3o de conformidade transfronteiri\u00e7a<\/h1>\n\t\t\t<p>Para empresas e firmas de servi\u00e7os profissionais que operam em v\u00e1rias entidades e jurisdi\u00e7\u00f5es. A Desucla consolida a apresenta\u00e7\u00e3o, liquida\u00e7\u00e3o e representa\u00e7\u00e3o fiscal num \u00fanico ambiente de execu\u00e7\u00e3o de submiss\u00e3o e liquida\u00e7\u00e3o controlado.<\/p>\n\t\t\t<a href=\"\/pt\/\/#how-it-works\" class=\"btn btn-primary\">\n\t\t\t\t<span>Veja como funciona<\/span>\n\t\t\t\t<img decoding=\"async\" src=\"https:\/\/www.desucla.com\/wp-content\/themes\/desucla\/assets\/images\/button-arrow.svg\" alt=\"Infraestrutura de execu\u00e7\u00e3o de conformidade transfronteiri\u00e7a\" class=\"btn-arrow\">\n\t\t\t<\/a>\n\t\t<\/div>\n\t\t<div class=\"about-hero-visual\" aria-hidden=\"true\">\n\t\t\t<div class=\"about-hero-image\">\n\t\t\t\t<img decoding=\"async\" src=\"https:\/\/www.desucla.com\/wp-content\/uploads\/2026\/03\/About-us.webp\" alt=\"Infraestrutura de execu\u00e7\u00e3o de conformidade transfronteiri\u00e7a\">\n\t\t\t<\/div>\n\t\t<\/div>\n\t<\/div>\n<\/section>\n\n\n<section class=\"about-highlight\">\n\t<div class=\"about-highlight-container\">\n\t\t<div class=\"about-highlight-image\">\n\t\t\t<img decoding=\"async\" src=\"https:\/\/www.desucla.com\/wp-content\/uploads\/2026\/03\/About-us-team.webp\" alt=\"\">\n\t\t<\/div>\n\t\t<div class=\"about-highlight-quote\">\n\t\t\t<span class=\"about-quote-mark\" aria-hidden=\"true\">&#8220;<\/span>\n\t\t\t<p>A conformidade transfronteiri\u00e7a requer controlos definidos. A Desucla oferece execu\u00e7\u00e3o estruturada, responsabilidade clara e supervis\u00e3o em todas as jurisdi\u00e7\u00f5es.<\/p>\n\t\t\t<span class=\"about-quote-mark about-quote-mark-close\" aria-hidden=\"true\">&#8220;<\/span>\n\t\t<\/div>\n\t\t<div class=\"about-highlight-stat\">\n\t\t\t\t\t\t<div class=\"about-highlight-value\">Centralizado<\/div>\n\t\t\t<p>Submiss\u00e3o e liquida\u00e7\u00e3o dentro de um \u00fanico quadro controlado.<\/p>\n\t\t<\/div>\n\t<\/div>\n<\/section>\n\n\n<section class=\"about-story\">\n\t<div class=\"about-story-container\">\n\t\t<div class=\"about-story-header\">\n\t\t\t<span class=\"about-eyebrow about-eyebrow-light\">Sobre<\/span>\n\t\t\t<h2>Submiss\u00f5es estruturadas de declara\u00e7\u00e3o fiscal transfronteiri\u00e7a e entrega de conformidade final<\/h2>\n\t\t<\/div>\n\t\t<div class=\"about-story-body\">\n\t\t\t<p><span style=\"font-weight: 400\">A Desucla opera um modelo de entrega habilitado por plataforma para administra\u00e7\u00e3o de impostos indiretos globalmente. Registos, declara\u00e7\u00f5es, pagamentos e representa\u00e7\u00e3o s\u00e3o submetidos atrav\u00e9s de fluxos de trabalho definidos alinhados com os requisitos das autoridades locais.<\/span><\/p>\n<p><span style=\"font-weight: 400\">O nosso foco \u00e9 a entrega operacional de conformidade, n\u00e3o servi\u00e7os de consultoria. A submiss\u00e3o, liquida\u00e7\u00e3o e monitoriza\u00e7\u00e3o fiscal s\u00e3o estruturadas dentro de um \u00fanico ambiente governado, proporcionando controlo a n\u00edvel empresarial, padroniza\u00e7\u00e3o e supervis\u00e3o em todas as jurisdi\u00e7\u00f5es.<\/span><\/p>\n<p><span style=\"font-weight: 400\">A entrega fragmentada de conformidade atrav\u00e9s de m\u00faltiplos fornecedores aumenta o risco de erros, atrasos e arrasto operacional. Ao alinhar a apresenta\u00e7\u00e3o e liquida\u00e7\u00e3o fiscal dentro de um \u00fanico quadro, a conformidade transfronteiri\u00e7a torna-se previs\u00edvel, audit\u00e1vel e mais f\u00e1cil de escalar. <\/span><\/p>\n\t\t<\/div>\n\t<\/div>\n\t\t<div class=\"about-story-stats\">\n\t\t\t\t\t\t\t\t<div class=\"about-story-stat\">\n\t\t\t\t<span class=\"about-story-value\">Global<\/span>\n\t\t\t\t<span class=\"about-story-label\">Cobertura jurisdicional<\/span>\n\t\t\t<\/div>\n\t\t\t\t\t<span class=\"about-story-divider\" aria-hidden=\"true\"><\/span>\t\t\t<div class=\"about-story-stat\">\n\t\t\t\t<span class=\"about-story-value\">Multi-Entidade<\/span>\n\t\t\t\t<span class=\"about-story-label\">Suporte operacional<\/span>\n\t\t\t<\/div>\n\t\t\t\t\t<span class=\"about-story-divider\" aria-hidden=\"true\"><\/span>\t\t\t<div class=\"about-story-stat\">\n\t\t\t\t<span class=\"about-story-value\">Integrado<\/span>\n\t\t\t\t<span class=\"about-story-label\">Apresenta\u00e7\u00e3o e\/ou liquida\u00e7\u00e3o, conforme necess\u00e1rio<\/span>\n\t\t\t<\/div>\n\t\t\t\t\t<span class=\"about-story-divider\" aria-hidden=\"true\"><\/span>\t\t\t<div class=\"about-story-stat\">\n\t\t\t\t<span class=\"about-story-value\">Estruturado<\/span>\n\t\t\t\t<span class=\"about-story-label\">Modelos de representa\u00e7\u00e3o<\/span>\n\t\t\t<\/div>\n\t\t\t<\/div>\n\t<\/section>\n\n\n<section class=\"about-leadership\" id=\"leadership\">\n\t<div class=\"about-leadership-container\">\n\t\t<div class=\"about-leadership-intro\">\n\t\t\t<span class=\"about-eyebrow\">Lideran\u00e7a<\/span>\n\t\t\t<h2>Experi\u00eancia operacional em impostos e pagamentos<\/h2>\n\t\t\t<p>A nossa lideran\u00e7a traz uma profunda experi\u00eancia em impostos indiretos, representa\u00e7\u00e3o fiscal e infraestrutura de pagamento regulada. O seu foco \u00e9 construir uma entrega de conformidade estruturada e escal\u00e1vel em v\u00e1rias jurisdi\u00e7\u00f5es e entidades.<\/p>\t\t\t<a href=\"https:\/\/www.desucla.com\/pt\/resources\/\" class=\"btn btn-outline-dark\">\n\t\t\t\t<span>Veja o nosso pensamento<\/span>\n\t\t\t\t<img decoding=\"async\" src=\"https:\/\/www.desucla.com\/wp-content\/themes\/desucla\/assets\/images\/button-arrow.svg\" alt=\"Leadership\" class=\"btn-arrow\">\n\t\t\t<\/a>\n\t\t<\/div>\n\t\t<div class=\"about-leadership-grid about-leadership-grid--top\">\n\t\t\t\t\t\t\t<article class=\"about-leader-card\">\n\t\t\t\t\t<div class=\"about-leader-image\">\n\t\t\t\t\t\t<img decoding=\"async\" src=\"https:\/\/www.desucla.com\/wp-content\/uploads\/2026\/02\/Richard-Baxter.webp\" alt=\"Richard Baxter\">\n\t\t\t\t\t\t<div class=\"about-leader-links\">\n\t\t\t\t\t\t\t<a href=\"https:\/\/www.linkedin.com\/in\/ribaxter\/\" target=\"_blank\" rel=\"noopener noreferrer\" aria-label=\"LinkedIn\"><img decoding=\"async\" src=\"https:\/\/www.desucla.com\/wp-content\/themes\/desucla\/assets\/images\/linkedin.svg\" alt=\"Leadership\"><\/a>\t\t\t\t\t\t\t\t\t\t\t\t\t<\/div>\n\t\t\t\t\t<\/div>\n\t\t\t\t\t<div class=\"about-leader-content\">\n\t\t\t\t\t\t<h3>Richard Baxter<\/h3>\n\t\t\t\t\t\t<p>Fundador<\/p>\t\t\t\t\t<\/div>\n\t\t\t\t<\/article>\n\t\t\t\t\t\t\t<article class=\"about-leader-card\">\n\t\t\t\t\t<div class=\"about-leader-image\">\n\t\t\t\t\t\t<img decoding=\"async\" src=\"https:\/\/www.desucla.com\/wp-content\/uploads\/2026\/02\/Ryan-Bishop.webp\" alt=\"Ryan Bishop\">\n\t\t\t\t\t\t<div class=\"about-leader-links\">\n\t\t\t\t\t\t\t<a href=\"https:\/\/www.linkedin.com\/in\/ukryanbishop\/\" target=\"_blank\" rel=\"noopener noreferrer\" aria-label=\"LinkedIn\"><img decoding=\"async\" src=\"https:\/\/www.desucla.com\/wp-content\/themes\/desucla\/assets\/images\/linkedin.svg\" alt=\"Leadership\"><\/a>\t\t\t\t\t\t\t\t\t\t\t\t\t<\/div>\n\t\t\t\t\t<\/div>\n\t\t\t\t\t<div class=\"about-leader-content\">\n\t\t\t\t\t\t<h3>Ryan Bishop<\/h3>\n\t\t\t\t\t\t<p>Diretor Comercial<\/p>\t\t\t\t\t<\/div>\n\t\t\t\t<\/article>\n\t\t\t\t\t<\/div>\n\t\t\t\t<div class=\"about-leadership-grid about-leadership-grid--bottom\">\n\t\t\t\t\t\t\t<article class=\"about-leader-card\">\n\t\t\t\t\t<div class=\"about-leader-image\">\n\t\t\t\t\t\t<img decoding=\"async\" src=\"https:\/\/www.desucla.com\/wp-content\/uploads\/2026\/02\/Stephen-Gregson-e1772212002733.webp\" alt=\"Stephen Gregson\">\n\t\t\t\t\t\t<div class=\"about-leader-links\">\n\t\t\t\t\t\t\t<a href=\"https:\/\/www.linkedin.com\/in\/stephen-gregson-a776393\/\" target=\"_blank\" rel=\"noopener noreferrer\" aria-label=\"LinkedIn\"><img decoding=\"async\" src=\"https:\/\/www.desucla.com\/wp-content\/themes\/desucla\/assets\/images\/linkedin.svg\" alt=\"Leadership\"><\/a>\t\t\t\t\t\t\t\t\t\t\t\t\t<\/div>\n\t\t\t\t\t<\/div>\n\t\t\t\t\t<div class=\"about-leader-content\">\n\t\t\t\t\t\t<h3>Stephen Gregson<\/h3>\n\t\t\t\t\t\t<p>Diretor Financeiro<\/p>\t\t\t\t\t<\/div>\n\t\t\t\t<\/article>\n\t\t\t\t\t\t\t<article class=\"about-leader-card\">\n\t\t\t\t\t<div class=\"about-leader-image\">\n\t\t\t\t\t\t<img decoding=\"async\" src=\"https:\/\/www.desucla.com\/wp-content\/uploads\/2026\/02\/Syed-Khalid-e1772211991890.webp\" alt=\"Syed Khalid\">\n\t\t\t\t\t\t<div class=\"about-leader-links\">\n\t\t\t\t\t\t\t<a href=\"https:\/\/www.linkedin.com\/in\/syed-khalid76\/\" target=\"_blank\" rel=\"noopener noreferrer\" aria-label=\"LinkedIn\"><img decoding=\"async\" src=\"https:\/\/www.desucla.com\/wp-content\/themes\/desucla\/assets\/images\/linkedin.svg\" alt=\"Leadership\"><\/a>\t\t\t\t\t\t\t\t\t\t\t\t\t<\/div>\n\t\t\t\t\t<\/div>\n\t\t\t\t\t<div class=\"about-leader-content\">\n\t\t\t\t\t\t<h3>Syed Khalid<\/h3>\n\t\t\t\t\t\t<p>Diretor de Conformidade<\/p>\t\t\t\t\t<\/div>\n\t\t\t\t<\/article>\n\t\t\t\t\t\t\t<article class=\"about-leader-card\">\n\t\t\t\t\t<div class=\"about-leader-image\">\n\t\t\t\t\t\t<img decoding=\"async\" src=\"https:\/\/www.desucla.com\/wp-content\/uploads\/2026\/02\/Raluca-Fadur.webp\" alt=\"Raluca Fadur\">\n\t\t\t\t\t\t<div class=\"about-leader-links\">\n\t\t\t\t\t\t\t<a href=\"https:\/\/www.linkedin.com\/in\/ralucafadur-ref3\/\" target=\"_blank\" rel=\"noopener noreferrer\" aria-label=\"LinkedIn\"><img decoding=\"async\" src=\"https:\/\/www.desucla.com\/wp-content\/themes\/desucla\/assets\/images\/linkedin.svg\" alt=\"Leadership\"><\/a>\t\t\t\t\t\t\t\t\t\t\t\t\t<\/div>\n\t\t\t\t\t<\/div>\n\t\t\t\t\t<div class=\"about-leader-content\">\n\t\t\t\t\t\t<h3>Raluca Fadur<\/h3>\n\t\t\t\t\t\t<p>Chefe da Rede de Representa\u00e7\u00e3o Fiscal\/Impostos<\/p>\t\t\t\t\t<\/div>\n\t\t\t\t<\/article>\n\t\t\t\t\t<\/div>\n\t\t\t<\/div>\n<\/section>\n\n\n<section class=\"about-differentiators\">\n\t<div class=\"about-differentiators-container\">\n\t\t<div class=\"about-differentiators-content\">\n\t\t\t<span class=\"about-eyebrow\">O nosso modelo<\/span>\n\t\t\t<h2>Desenhado para entrega de conformidade transfronteiri\u00e7a<\/h2>\n\t\t\t<p>A Desucla estrutura a execu\u00e7\u00e3o, monitoriza\u00e7\u00e3o e evid\u00eancia de conformidade dentro de fluxos de trabalho definidos, permitindo que as empresas expandam a cobertura jurisdicional sem complexidade adicional ou entrega fragmentada.<\/p>\n\t\t\t<div class=\"about-differentiators-grid\">\n\t\t\t\t\t\t\t\t\t<div class=\"about-differentiator-card\">\n\t\t\t\t\t\t<div class=\"about-differentiator-icon\"><img decoding=\"async\" src=\"https:\/\/www.desucla.com\/wp-content\/uploads\/2026\/02\/gurant.svg\" alt=\"\"><\/div>\t\t\t\t\t\t<h3>Execu\u00e7\u00e3o unificada<\/h3>\n\t\t\t\t\t\t<p>Apresenta\u00e7\u00e3o e liquida\u00e7\u00e3o fiscal estruturadas dentro de um \u00fanico ambiente controlado.\r\n<\/p>\t\t\t\t\t<\/div>\n\t\t\t\t\t\t\t\t\t<div class=\"about-differentiator-card\">\n\t\t\t\t\t\t<div class=\"about-differentiator-icon\"><img decoding=\"async\" src=\"https:\/\/www.desucla.com\/wp-content\/uploads\/2026\/02\/gloabe-about.svg\" alt=\"\"><\/div>\t\t\t\t\t\t<h3>Pagamentos validados<\/h3>\n\t\t\t\t\t\t<p>Os pagamentos s\u00e3o encaminhados atrav\u00e9s de bancos regulados com aprova\u00e7\u00f5es controladas.<\/p>\t\t\t\t\t<\/div>\n\t\t\t\t\t\t\t\t\t<div class=\"about-differentiator-card\">\n\t\t\t\t\t\t<div class=\"about-differentiator-icon\"><img decoding=\"async\" src=\"https:\/\/www.desucla.com\/wp-content\/uploads\/2026\/02\/standard.svg\" alt=\"\"><\/div>\t\t\t\t\t\t<h3>Responsabilidade definida<\/h3>\n\t\t\t\t\t\t<p>Fun\u00e7\u00f5es, responsabilidades e aprova\u00e7\u00f5es associadas s\u00e3o configuradas durante a integra\u00e7\u00e3o.<\/p>\t\t\t\t\t<\/div>\n\t\t\t\t\t\t\t\t\t<div class=\"about-differentiator-card\">\n\t\t\t\t\t\t<div class=\"about-differentiator-icon\"><img decoding=\"async\" src=\"https:\/\/www.desucla.com\/wp-content\/uploads\/2026\/02\/operational.svg\" alt=\"\"><\/div>\t\t\t\t\t\t<h3>Registos prontos para auditoria<\/h3>\n\t\t\t\t\t\t<p>As submiss\u00f5es fiscais e confirma\u00e7\u00f5es de pagamento s\u00e3o retidas centralmente.<\/p>\t\t\t\t\t<\/div>\n\t\t\t\t\t\t\t<\/div>\n\t\t<\/div>\n\t\t\t\t<div class=\"about-differentiators-visual\" aria-hidden=\"true\">\n\t\t\t<img decoding=\"async\" src=\"https:\/\/www.desucla.com\/wp-content\/uploads\/2026\/03\/What-sets-us-apart.webp\" alt=\"\">\n\t\t<\/div>\n\t\t\t<\/div>\n<\/section>\n\n\n<section class=\"footer-cta\">\n\t<div class=\"footer-cta-container\">\n\t\t<h2>Execu\u00e7\u00e3o. Liquida\u00e7\u00e3o. Responsabilidade.<\/h2>\t\t<p>Operar a conformidade transfronteiri\u00e7a dentro de um \u00fanico quadro de execu\u00e7\u00e3o estruturado, alinhado com os requisitos jurisdicionais locais.<\/p>\t\t\t\t<div class=\"footer-cta-actions\">\n\t\t\t<a href=\"https:\/\/www.desucla.com\/contact\/\" class=\"btn btn-primary btn-large\">\n\t\t\t\t<span>Fale com um especialista<\/span>\n\t\t\t\t<img decoding=\"async\" src=\"https:\/\/www.desucla.com\/wp-content\/themes\/desucla\/assets\/images\/button-arrow.svg\" alt=\"Execu\u00e7\u00e3o. Liquida\u00e7\u00e3o. Responsabilidade.\" class=\"btn-arrow\">\n\t\t\t<\/a>\n\t\t<\/div>\n\t\t\t<\/div>\n<\/section>\n","protected":false},"excerpt":{"rendered":"","protected":false},"author":1,"featured_media":0,"parent":0,"menu_order":0,"comment_status":"closed","ping_status":"closed","template":"page-about.php","meta":{"_acf_changed":false,"footnotes":""},"class_list":["post-1882","page","type-page","status-publish","hentry"],"acf":[],"yoast_head":"<!-- This site is optimized with the Yoast SEO plugin v27.4 - https:\/\/yoast.com\/product\/yoast-seo-wordpress\/ -->\n<title>Sobre a Desucla | Infraestrutura de Conformidade Transfronteiri\u00e7a<\/title>\n<meta name=\"description\" content=\"A Desucla consolida a declara\u00e7\u00e3o fiscal, a liquida\u00e7\u00e3o e a representa\u00e7\u00e3o para empresas e firmas de servi\u00e7os profissionais que operam em m\u00faltiplas entidades e jurisdi\u00e7\u00f5es.\" \/>\n<meta name=\"robots\" content=\"index, follow, max-snippet:-1, max-image-preview:large, max-video-preview:-1\" \/>\n<link rel=\"canonical\" href=\"https:\/\/www.desucla.com\/pt\/sobre\/\" \/>\n<meta property=\"og:locale\" content=\"pt_PT\" \/>\n<meta property=\"og:type\" content=\"article\" \/>\n<meta property=\"og:title\" content=\"Sobre a Desucla | Infraestrutura de Conformidade Transfronteiri\u00e7a\" \/>\n<meta property=\"og:description\" content=\"A Desucla consolida a declara\u00e7\u00e3o fiscal, a liquida\u00e7\u00e3o e a representa\u00e7\u00e3o para empresas e firmas de servi\u00e7os profissionais que operam em m\u00faltiplas entidades e jurisdi\u00e7\u00f5es.\" \/>\n<meta property=\"og:url\" content=\"https:\/\/www.desucla.com\/pt\/sobre\/\" \/>\n<meta property=\"og:site_name\" content=\"Desucla\" \/>\n<meta property=\"article:modified_time\" content=\"2026-03-12T16:52:19+00:00\" \/>\n<meta name=\"twitter:card\" content=\"summary_large_image\" \/>\n<meta name=\"twitter:label1\" content=\"Tempo estimado de leitura\" \/>\n\t<meta name=\"twitter:data1\" content=\"5 minutos\" \/>\n<script type=\"application\/ld+json\" class=\"yoast-schema-graph\">{\"@context\":\"https:\\\/\\\/schema.org\",\"@graph\":[{\"@type\":\"WebPage\",\"@id\":\"https:\\\/\\\/www.desucla.com\\\/pt\\\/sobre\\\/\",\"url\":\"https:\\\/\\\/www.desucla.com\\\/pt\\\/sobre\\\/\",\"name\":\"Sobre a Desucla | Infraestrutura de Conformidade Transfronteiri\u00e7a\",\"isPartOf\":{\"@id\":\"https:\\\/\\\/www.desucla.com\\\/pt\\\/#website\"},\"datePublished\":\"2026-03-03T23:07:48+00:00\",\"dateModified\":\"2026-03-12T16:52:19+00:00\",\"description\":\"A Desucla consolida a declara\u00e7\u00e3o fiscal, a liquida\u00e7\u00e3o e a representa\u00e7\u00e3o para empresas e firmas de servi\u00e7os profissionais que operam em m\u00faltiplas entidades e jurisdi\u00e7\u00f5es.\",\"breadcrumb\":{\"@id\":\"https:\\\/\\\/www.desucla.com\\\/pt\\\/sobre\\\/#breadcrumb\"},\"inLanguage\":\"pt-PT\",\"potentialAction\":[{\"@type\":\"ReadAction\",\"target\":[\"https:\\\/\\\/www.desucla.com\\\/pt\\\/sobre\\\/\"]}]},{\"@type\":\"BreadcrumbList\",\"@id\":\"https:\\\/\\\/www.desucla.com\\\/pt\\\/sobre\\\/#breadcrumb\",\"itemListElement\":[{\"@type\":\"ListItem\",\"position\":1,\"name\":\"Home\",\"item\":\"https:\\\/\\\/www.desucla.com\\\/pt\\\/\"},{\"@type\":\"ListItem\",\"position\":2,\"name\":\"Sobre\"}]},{\"@type\":\"WebSite\",\"@id\":\"https:\\\/\\\/www.desucla.com\\\/pt\\\/#website\",\"url\":\"https:\\\/\\\/www.desucla.com\\\/pt\\\/\",\"name\":\"Desucla\",\"description\":\"\",\"potentialAction\":[{\"@type\":\"SearchAction\",\"target\":{\"@type\":\"EntryPoint\",\"urlTemplate\":\"https:\\\/\\\/www.desucla.com\\\/pt\\\/?s={search_term_string}\"},\"query-input\":{\"@type\":\"PropertyValueSpecification\",\"valueRequired\":true,\"valueName\":\"search_term_string\"}}],\"inLanguage\":\"pt-PT\"}]}<\/script>\n<!-- \/ Yoast SEO plugin. -->","yoast_head_json":{"title":"Sobre a Desucla | Infraestrutura de Conformidade Transfronteiri\u00e7a","description":"A Desucla consolida a declara\u00e7\u00e3o fiscal, a liquida\u00e7\u00e3o e a representa\u00e7\u00e3o para empresas e firmas de servi\u00e7os profissionais que operam em m\u00faltiplas entidades e jurisdi\u00e7\u00f5es.","robots":{"index":"index","follow":"follow","max-snippet":"max-snippet:-1","max-image-preview":"max-image-preview:large","max-video-preview":"max-video-preview:-1"},"canonical":"https:\/\/www.desucla.com\/pt\/sobre\/","og_locale":"pt_PT","og_type":"article","og_title":"Sobre a Desucla | Infraestrutura de Conformidade Transfronteiri\u00e7a","og_description":"A Desucla consolida a declara\u00e7\u00e3o fiscal, a liquida\u00e7\u00e3o e a representa\u00e7\u00e3o para empresas e firmas de servi\u00e7os profissionais que operam em m\u00faltiplas entidades e jurisdi\u00e7\u00f5es.","og_url":"https:\/\/www.desucla.com\/pt\/sobre\/","og_site_name":"Desucla","article_modified_time":"2026-03-12T16:52:19+00:00","twitter_card":"summary_large_image","twitter_misc":{"Tempo estimado de leitura":"5 minutos"},"schema":{"@context":"https:\/\/schema.org","@graph":[{"@type":"WebPage","@id":"https:\/\/www.desucla.com\/pt\/sobre\/","url":"https:\/\/www.desucla.com\/pt\/sobre\/","name":"Sobre a Desucla | Infraestrutura de Conformidade Transfronteiri\u00e7a","isPartOf":{"@id":"https:\/\/www.desucla.com\/pt\/#website"},"datePublished":"2026-03-03T23:07:48+00:00","dateModified":"2026-03-12T16:52:19+00:00","description":"A Desucla consolida a declara\u00e7\u00e3o fiscal, a liquida\u00e7\u00e3o e a representa\u00e7\u00e3o para empresas e firmas de servi\u00e7os profissionais que operam em m\u00faltiplas entidades e jurisdi\u00e7\u00f5es.","breadcrumb":{"@id":"https:\/\/www.desucla.com\/pt\/sobre\/#breadcrumb"},"inLanguage":"pt-PT","potentialAction":[{"@type":"ReadAction","target":["https:\/\/www.desucla.com\/pt\/sobre\/"]}]},{"@type":"BreadcrumbList","@id":"https:\/\/www.desucla.com\/pt\/sobre\/#breadcrumb","itemListElement":[{"@type":"ListItem","position":1,"name":"Home","item":"https:\/\/www.desucla.com\/pt\/"},{"@type":"ListItem","position":2,"name":"Sobre"}]},{"@type":"WebSite","@id":"https:\/\/www.desucla.com\/pt\/#website","url":"https:\/\/www.desucla.com\/pt\/","name":"Desucla","description":"","potentialAction":[{"@type":"SearchAction","target":{"@type":"EntryPoint","urlTemplate":"https:\/\/www.desucla.com\/pt\/?s={search_term_string}"},"query-input":{"@type":"PropertyValueSpecification","valueRequired":true,"valueName":"search_term_string"}}],"inLanguage":"pt-PT"}]}},"_links":{"self":[{"href":"https:\/\/www.desucla.com\/pt\/wp-json\/wp\/v2\/pages\/1882","targetHints":{"allow":["GET"]}}],"collection":[{"href":"https:\/\/www.desucla.com\/pt\/wp-json\/wp\/v2\/pages"}],"about":[{"href":"https:\/\/www.desucla.com\/pt\/wp-json\/wp\/v2\/types\/page"}],"author":[{"embeddable":true,"href":"https:\/\/www.desucla.com\/pt\/wp-json\/wp\/v2\/users\/1"}],"replies":[{"embeddable":true,"href":"https:\/\/www.desucla.com\/pt\/wp-json\/wp\/v2\/comments?post=1882"}],"version-history":[{"count":2,"href":"https:\/\/www.desucla.com\/pt\/wp-json\/wp\/v2\/pages\/1882\/revisions"}],"predecessor-version":[{"id":2712,"href":"https:\/\/www.desucla.com\/pt\/wp-json\/wp\/v2\/pages\/1882\/revisions\/2712"}],"wp:attachment":[{"href":"https:\/\/www.desucla.com\/pt\/wp-json\/wp\/v2\/media?parent=1882"}],"curies":[{"name":"wp","href":"https:\/\/api.w.org\/{rel}","templated":true}]}}