{"id":1962,"date":"2026-03-04T00:47:28","date_gmt":"2026-03-04T00:47:28","guid":{"rendered":"https:\/\/desucla.com\/carrieres\/"},"modified":"2026-03-12T15:23:19","modified_gmt":"2026-03-12T15:23:19","slug":"carrieres","status":"publish","type":"page","link":"https:\/\/www.desucla.com\/fr\/carrieres\/","title":{"rendered":"Carri\u00e8res"},"content":{"rendered":"<section class=\"careers-hero\">\n\t<div class=\"container\">\n\t\t<div class=\"careers-hero-content\">\n\t\t\t<div class=\"careers-hero-label\">Carri\u00e8res chez Desucla<\/div>\t\t\t<h1>Construire une infrastructure de plateforme pour la livraison de conformit\u00e9 transfrontali\u00e8re<\/h1>\t\t\t<p>Rejoignez une \u00e9quipe d&#039;experts construisant une infrastructure de qualit\u00e9 tr\u00e9sorerie contr\u00f4l\u00e9e pour la livraison de conformit\u00e9 op\u00e9rationnelle fiscale et commerciale transfrontali\u00e8re. Nos syst\u00e8mes et solutions sont de confiance pour les entreprises et organisations op\u00e9rant \u00e0 l&#039;\u00e9chelle mondiale.<\/p>\t\t\t\t\t\t\t<a href=\"#open-positions\" class=\"btn btn-primary\">\n\t\t\t\t\tVoir les postes ouverts\t\t\t\t\t<img decoding=\"async\" src=\"https:\/\/www.desucla.com\/wp-content\/themes\/desucla\/assets\/images\/button-arrow.svg\" alt=\"Careers\">\n\t\t\t\t<\/a>\n\t\t\t\t\t<\/div>\n\t<\/div>\n\t<div class=\"careers-hero-image\">\n\t\t<img decoding=\"async\" src=\"https:\/\/www.desucla.com\/wp-content\/uploads\/2026\/03\/careers.webp\" alt=\"Desucla team collaborating\">\n\t<\/div>\n<\/section>\n\n\n<section class=\"careers-stats\">\n\t<div class=\"container\">\n\t\t<div class=\"careers-stats-grid\">\n\t\t\t\t\t\t\t<div class=\"careers-stat\">\n\t\t\t\t\t<div class=\"careers-stat-value\">50+<\/div>\n\t\t\t\t\t<div class=\"careers-stat-label\">Membres de l&#039;\u00e9quipe<\/div>\t\t\t\t<\/div>\n\t\t\t\t\t\t\t<div class=\"careers-stat\">\n\t\t\t\t\t<div class=\"careers-stat-value\">12<\/div>\n\t\t\t\t\t<div class=\"careers-stat-label\">Pays<\/div>\t\t\t\t<\/div>\n\t\t\t\t\t\t\t<div class=\"careers-stat\">\n\t\t\t\t\t<div class=\"careers-stat-value\">\u20ac2B+<\/div>\n\t\t\t\t\t<div class=\"careers-stat-label\">Transactions trait\u00e9es<\/div>\t\t\t\t<\/div>\n\t\t\t\t\t\t\t<div class=\"careers-stat\">\n\t\t\t\t\t<div class=\"careers-stat-value\">100+<\/div>\n\t\t\t\t\t<div class=\"careers-stat-label\">Clients d&#039;entreprise<\/div>\t\t\t\t<\/div>\n\t\t\t\t\t<\/div>\n\t<\/div>\n<\/section>\n\n\n<section class=\"careers-why\">\n\t<div class=\"container\">\n\t\t<div class=\"careers-why-layout\">\n\t\t\t<div class=\"careers-why-intro\">\n\t\t\t\t<h2>Pourquoi rejoindre Desucla ?<\/h2>\t\t\t\t<p>Nous op\u00e9rons \u00e0 l&#039;intersection de la livraison de conformit\u00e9 op\u00e9rationnelle, de l&#039;ex\u00e9cution des paiements et de la technologie de plateforme gouvern\u00e9e. Nos \u00e9quipes con\u00e7oivent et d\u00e9livrent des mod\u00e8les de traitement de conformit\u00e9 structur\u00e9s utilis\u00e9s dans des environnements d&#039;entreprise r\u00e9glement\u00e9s.<\/p>\t\t\t\t\t\t\t\t\t<a href=\"https:\/\/www.desucla.com\/fr\/a-propos\/\" class=\"btn btn-primary\">\n\t\t\t\t\t\tRencontrez l&#039;\u00e9quipe\t\t\t\t\t\t<img decoding=\"async\" src=\"https:\/\/www.desucla.com\/wp-content\/themes\/desucla\/assets\/images\/button-arrow.svg\" alt=\"Pourquoi rejoindre Desucla ?\">\n\t\t\t\t\t<\/a>\n\t\t\t\t\t\t\t<\/div>\n\t\t\t\t\t\t\t<div class=\"careers-why-grid\">\n\t\t\t\t\t\t\t\t\t\t\t<div class=\"careers-why-card\">\n\t\t\t\t\t\t\t<div class=\"careers-why-icon\">\n\t\t\t\t\t\t\t\t<img decoding=\"async\" src=\"https:\/\/www.desucla.com\/wp-content\/uploads\/2026\/02\/impact.svg\" alt=\"Travail \u00e0 fort impact\">\n\t\t\t\t\t\t\t<\/div>\n\t\t\t\t\t\t\t<h3>Travail \u00e0 fort impact<\/h3>\t\t\t\t\t\t\t<p>Contribuez \u00e0 la construction des syst\u00e8mes qui soutiennent la livraison de conformit\u00e9 transfrontali\u00e8re essentielle \u00e0 la mission.<\/p>\t\t\t\t\t\t<\/div>\n\t\t\t\t\t\t\t\t\t\t\t<div class=\"careers-why-card\">\n\t\t\t\t\t\t\t<div class=\"careers-why-icon\">\n\t\t\t\t\t\t\t\t<img decoding=\"async\" src=\"https:\/\/www.desucla.com\/wp-content\/uploads\/2026\/02\/expert.svg\" alt=\"Profondeur r\u00e9glementaire\">\n\t\t\t\t\t\t\t<\/div>\n\t\t\t\t\t\t\t<h3>Profondeur r\u00e9glementaire<\/h3>\t\t\t\t\t\t\t<p>Travaillez aux c\u00f4t\u00e9s de sp\u00e9cialistes en fiscalit\u00e9, douane et tr\u00e9sorerie pour fournir des solutions de conformit\u00e9 op\u00e9rationnelle dans des environnements r\u00e9glementaires complexes.<\/p>\t\t\t\t\t\t<\/div>\n\t\t\t\t\t\t\t\t\t\t\t<div class=\"careers-why-card\">\n\t\t\t\t\t\t\t<div class=\"careers-why-icon\">\n\t\t\t\t\t\t\t\t<img decoding=\"async\" src=\"https:\/\/www.desucla.com\/wp-content\/uploads\/2026\/02\/global.svg\" alt=\"Port\u00e9e internationale\">\n\t\t\t\t\t\t\t<\/div>\n\t\t\t\t\t\t\t<h3>Port\u00e9e internationale<\/h3>\t\t\t\t\t\t\t<p>Travaillez sur les march\u00e9s internationaux et avec des \u00e9quipes sp\u00e9cialis\u00e9es pour offrir une solution compl\u00e8te de livraison de conformit\u00e9 op\u00e9rationnelle internationale.<\/p>\t\t\t\t\t\t<\/div>\n\t\t\t\t\t\t\t\t\t\t\t<div class=\"careers-why-card\">\n\t\t\t\t\t\t\t<div class=\"careers-why-icon\">\n\t\t\t\t\t\t\t\t<img decoding=\"async\" src=\"https:\/\/www.desucla.com\/wp-content\/uploads\/2026\/02\/systems.svg\" alt=\"Syst\u00e8mes contr\u00f4l\u00e9s\">\n\t\t\t\t\t\t\t<\/div>\n\t\t\t\t\t\t\t<h3>Syst\u00e8mes contr\u00f4l\u00e9s<\/h3>\t\t\t\t\t\t\t<p>Construisez une infrastructure con\u00e7ue pour offrir tra\u00e7abilit\u00e9, responsabilit\u00e9 et gouvernance au niveau de l&#039;entreprise.<\/p>\t\t\t\t\t\t<\/div>\n\t\t\t\t\t\t\t\t\t<\/div>\n\t\t\t\t\t<\/div>\n\t<\/div>\n<\/section>\n\n\n<section class=\"careers-life\">\n\t<div class=\"container\">\n\t\t<div class=\"careers-life-header\">\n\t\t\t<h2>La vie chez Desucla<\/h2>\t\t\t<p>Un environnement structur\u00e9 et collaboratif o\u00f9 l&#039;expertise op\u00e9rationnelle et l&#039;ing\u00e9nierie de plateforme se rejoignent pour offrir des r\u00e9sultats mesurables.<\/p>\t\t<\/div>\n\t\t<div class=\"careers-life-gallery\">\n\t\t\t<div class=\"careers-life-image careers-life-image-large\">\n\t\t\t\t<img decoding=\"async\" src=\"https:\/\/www.desucla.com\/wp-content\/uploads\/2026\/03\/Life-at-Desucla.webp\" alt=\"Team collaboration\">\n\t\t\t<\/div>\n\t\t\t<div class=\"careers-life-image\">\n\t\t\t\t<img decoding=\"async\" src=\"https:\/\/www.desucla.com\/wp-content\/uploads\/2026\/03\/Life-at-Desucla2.webp\" alt=\"Office environment\">\n\t\t\t<\/div>\n\t\t\t<div class=\"careers-life-image\">\n\t\t\t\t<img decoding=\"async\" src=\"https:\/\/www.desucla.com\/wp-content\/uploads\/2026\/03\/Life-at-Desucla3.webp\" alt=\"Team meeting\">\n\t\t\t<\/div>\n\t\t<\/div>\n\t<\/div>\n<\/section>\n\n\n<section class=\"careers-benefits\">\n\t<div class=\"container\">\n\t\t<div class=\"careers-benefits-header\">\n\t\t\t<h2>Avantages &amp; B\u00e9n\u00e9fices<\/h2>\t\t\t<p>Des avantages tangibles pour les professionnels construisant des syst\u00e8mes \u00e0 long terme et \u00e0 haute responsabilit\u00e9.<\/p>\t\t<\/div>\n\t\t\t\t\t<div class=\"careers-benefits-grid\">\n\t\t\t\t\t\t\t\t\t<div class=\"careers-benefit-card\">\n\t\t\t\t\t\t<h3>R\u00e9mun\u00e9ration comp\u00e9titive<\/h3>\t\t\t\t\t\t<p>Salaire align\u00e9 sur le march\u00e9, incitations \u00e0 la performance et participation \u00e0 long terme \u00e0 la croissance de l&#039;entreprise.<\/p>\t\t\t\t\t<\/div>\n\t\t\t\t\t\t\t\t\t<div class=\"careers-benefit-card\">\n\t\t\t\t\t\t<h3>Sant\u00e9 &amp; Bien-\u00eatre<\/h3>\t\t\t\t\t\t<p>Avantages en mati\u00e8re de sant\u00e9 et de bien-\u00eatre pour vous et votre famille.<\/p>\t\t\t\t\t<\/div>\n\t\t\t\t\t\t\t\t\t<div class=\"careers-benefit-card\">\n\t\t\t\t\t\t<h3>Travail flexible<\/h3>\t\t\t\t\t\t<p>Options de travail hybride et \u00e0 distance, offrant flexibilit\u00e9 et \u00e9quilibre travail-vie personnelle.<\/p>\t\t\t\t\t<\/div>\n\t\t\t\t\t\t\t\t\t<div class=\"careers-benefit-card\">\n\t\t\t\t\t\t<h3>D\u00e9veloppement professionnel<\/h3>\t\t\t\t\t\t<p>Formation continue, soutien \u00e0 la certification et opportunit\u00e9s structur\u00e9es de d\u00e9veloppement personnel et de carri\u00e8re.<\/p>\t\t\t\t\t<\/div>\n\t\t\t\t\t\t\t\t\t<div class=\"careers-benefit-card\">\n\t\t\t\t\t\t<h3>Cong\u00e9s annuels<\/h3>\t\t\t\t\t\t<p>Cong\u00e9s annuels statutaires standard plus jours f\u00e9ri\u00e9s, ainsi que cong\u00e9s parentaux structur\u00e9s.<\/p>\t\t\t\t\t<\/div>\n\t\t\t\t\t\t\t\t\t<div class=\"careers-benefit-card\">\n\t\t\t\t\t\t<h3>Retraite<\/h3>\t\t\t\t\t\t<p>R\u00e9compenses de retraite comp\u00e9titives et soutien \u00e0 la planification financi\u00e8re \u00e0 long terme selon le lieu.<\/p>\t\t\t\t\t<\/div>\n\t\t\t\t\t\t\t<\/div>\n\t\t\t<\/div>\n<\/section>\n","protected":false},"excerpt":{"rendered":"","protected":false},"author":1,"featured_media":0,"parent":0,"menu_order":0,"comment_status":"closed","ping_status":"closed","template":"page-careers.php","meta":{"_acf_changed":false,"footnotes":""},"class_list":["post-1962","page","type-page","status-publish","hentry"],"acf":[],"yoast_head":"<!-- This site is optimized with the Yoast SEO plugin v27.4 - https:\/\/yoast.com\/product\/yoast-seo-wordpress\/ -->\n<title>Carri\u00e8res chez Desucla | Rejoignez notre \u00e9quipe<\/title>\n<meta name=\"description\" content=\"D\u00e9couvrez les postes ouverts chez Desucla. Nous recrutons dans les \u00e9quipes ing\u00e9nierie, conformit\u00e9, produit et commercial pour construire l&#039;avenir de l&#039;infrastructure de conformit\u00e9 transfrontali\u00e8re.\" \/>\n<meta name=\"robots\" content=\"index, follow, max-snippet:-1, max-image-preview:large, max-video-preview:-1\" \/>\n<link rel=\"canonical\" href=\"https:\/\/www.desucla.com\/fr\/carrieres\/\" \/>\n<meta property=\"og:locale\" content=\"fr_FR\" \/>\n<meta property=\"og:type\" content=\"article\" \/>\n<meta property=\"og:title\" content=\"Carri\u00e8res chez Desucla | Rejoignez notre \u00e9quipe\" \/>\n<meta property=\"og:description\" content=\"D\u00e9couvrez les postes ouverts chez Desucla. Nous recrutons dans les \u00e9quipes ing\u00e9nierie, conformit\u00e9, produit et commercial pour construire l&#039;avenir de l&#039;infrastructure de conformit\u00e9 transfrontali\u00e8re.\" \/>\n<meta property=\"og:url\" content=\"https:\/\/www.desucla.com\/fr\/carrieres\/\" \/>\n<meta property=\"og:site_name\" content=\"Desucla\" \/>\n<meta property=\"article:modified_time\" content=\"2026-03-12T15:23:19+00:00\" \/>\n<meta name=\"twitter:card\" content=\"summary_large_image\" \/>\n<meta name=\"twitter:label1\" content=\"Dur\u00e9e de lecture estim\u00e9e\" \/>\n\t<meta name=\"twitter:data1\" content=\"4 minutes\" \/>\n<script type=\"application\/ld+json\" class=\"yoast-schema-graph\">{\"@context\":\"https:\\\/\\\/schema.org\",\"@graph\":[{\"@type\":\"WebPage\",\"@id\":\"https:\\\/\\\/www.desucla.com\\\/fr\\\/carrieres\\\/\",\"url\":\"https:\\\/\\\/www.desucla.com\\\/fr\\\/carrieres\\\/\",\"name\":\"Carri\u00e8res chez Desucla | Rejoignez notre \u00e9quipe\",\"isPartOf\":{\"@id\":\"https:\\\/\\\/www.desucla.com\\\/fr\\\/#website\"},\"datePublished\":\"2026-03-04T00:47:28+00:00\",\"dateModified\":\"2026-03-12T15:23:19+00:00\",\"description\":\"D\u00e9couvrez les postes ouverts chez Desucla. Nous recrutons dans les \u00e9quipes ing\u00e9nierie, conformit\u00e9, produit et commercial pour construire l'avenir de l'infrastructure de conformit\u00e9 transfrontali\u00e8re.\",\"breadcrumb\":{\"@id\":\"https:\\\/\\\/www.desucla.com\\\/fr\\\/carrieres\\\/#breadcrumb\"},\"inLanguage\":\"fr-FR\",\"potentialAction\":[{\"@type\":\"ReadAction\",\"target\":[\"https:\\\/\\\/www.desucla.com\\\/fr\\\/carrieres\\\/\"]}]},{\"@type\":\"BreadcrumbList\",\"@id\":\"https:\\\/\\\/www.desucla.com\\\/fr\\\/carrieres\\\/#breadcrumb\",\"itemListElement\":[{\"@type\":\"ListItem\",\"position\":1,\"name\":\"Home\",\"item\":\"https:\\\/\\\/www.desucla.com\\\/fr\\\/\"},{\"@type\":\"ListItem\",\"position\":2,\"name\":\"Carri\u00e8res\"}]},{\"@type\":\"WebSite\",\"@id\":\"https:\\\/\\\/www.desucla.com\\\/fr\\\/#website\",\"url\":\"https:\\\/\\\/www.desucla.com\\\/fr\\\/\",\"name\":\"Desucla\",\"description\":\"\",\"potentialAction\":[{\"@type\":\"SearchAction\",\"target\":{\"@type\":\"EntryPoint\",\"urlTemplate\":\"https:\\\/\\\/www.desucla.com\\\/fr\\\/?s={search_term_string}\"},\"query-input\":{\"@type\":\"PropertyValueSpecification\",\"valueRequired\":true,\"valueName\":\"search_term_string\"}}],\"inLanguage\":\"fr-FR\"}]}<\/script>\n<!-- \/ Yoast SEO plugin. -->","yoast_head_json":{"title":"Carri\u00e8res chez Desucla | Rejoignez notre \u00e9quipe","description":"D\u00e9couvrez les postes ouverts chez Desucla. Nous recrutons dans les \u00e9quipes ing\u00e9nierie, conformit\u00e9, produit et commercial pour construire l'avenir de l'infrastructure de conformit\u00e9 transfrontali\u00e8re.","robots":{"index":"index","follow":"follow","max-snippet":"max-snippet:-1","max-image-preview":"max-image-preview:large","max-video-preview":"max-video-preview:-1"},"canonical":"https:\/\/www.desucla.com\/fr\/carrieres\/","og_locale":"fr_FR","og_type":"article","og_title":"Carri\u00e8res chez Desucla | Rejoignez notre \u00e9quipe","og_description":"D\u00e9couvrez les postes ouverts chez Desucla. Nous recrutons dans les \u00e9quipes ing\u00e9nierie, conformit\u00e9, produit et commercial pour construire l'avenir de l'infrastructure de conformit\u00e9 transfrontali\u00e8re.","og_url":"https:\/\/www.desucla.com\/fr\/carrieres\/","og_site_name":"Desucla","article_modified_time":"2026-03-12T15:23:19+00:00","twitter_card":"summary_large_image","twitter_misc":{"Dur\u00e9e de lecture estim\u00e9e":"4 minutes"},"schema":{"@context":"https:\/\/schema.org","@graph":[{"@type":"WebPage","@id":"https:\/\/www.desucla.com\/fr\/carrieres\/","url":"https:\/\/www.desucla.com\/fr\/carrieres\/","name":"Carri\u00e8res chez Desucla | Rejoignez notre \u00e9quipe","isPartOf":{"@id":"https:\/\/www.desucla.com\/fr\/#website"},"datePublished":"2026-03-04T00:47:28+00:00","dateModified":"2026-03-12T15:23:19+00:00","description":"D\u00e9couvrez les postes ouverts chez Desucla. Nous recrutons dans les \u00e9quipes ing\u00e9nierie, conformit\u00e9, produit et commercial pour construire l'avenir de l'infrastructure de conformit\u00e9 transfrontali\u00e8re.","breadcrumb":{"@id":"https:\/\/www.desucla.com\/fr\/carrieres\/#breadcrumb"},"inLanguage":"fr-FR","potentialAction":[{"@type":"ReadAction","target":["https:\/\/www.desucla.com\/fr\/carrieres\/"]}]},{"@type":"BreadcrumbList","@id":"https:\/\/www.desucla.com\/fr\/carrieres\/#breadcrumb","itemListElement":[{"@type":"ListItem","position":1,"name":"Home","item":"https:\/\/www.desucla.com\/fr\/"},{"@type":"ListItem","position":2,"name":"Carri\u00e8res"}]},{"@type":"WebSite","@id":"https:\/\/www.desucla.com\/fr\/#website","url":"https:\/\/www.desucla.com\/fr\/","name":"Desucla","description":"","potentialAction":[{"@type":"SearchAction","target":{"@type":"EntryPoint","urlTemplate":"https:\/\/www.desucla.com\/fr\/?s={search_term_string}"},"query-input":{"@type":"PropertyValueSpecification","valueRequired":true,"valueName":"search_term_string"}}],"inLanguage":"fr-FR"}]}},"_links":{"self":[{"href":"https:\/\/www.desucla.com\/fr\/wp-json\/wp\/v2\/pages\/1962","targetHints":{"allow":["GET"]}}],"collection":[{"href":"https:\/\/www.desucla.com\/fr\/wp-json\/wp\/v2\/pages"}],"about":[{"href":"https:\/\/www.desucla.com\/fr\/wp-json\/wp\/v2\/types\/page"}],"author":[{"embeddable":true,"href":"https:\/\/www.desucla.com\/fr\/wp-json\/wp\/v2\/users\/1"}],"replies":[{"embeddable":true,"href":"https:\/\/www.desucla.com\/fr\/wp-json\/wp\/v2\/comments?post=1962"}],"version-history":[{"count":1,"href":"https:\/\/www.desucla.com\/fr\/wp-json\/wp\/v2\/pages\/1962\/revisions"}],"predecessor-version":[{"id":2556,"href":"https:\/\/www.desucla.com\/fr\/wp-json\/wp\/v2\/pages\/1962\/revisions\/2556"}],"wp:attachment":[{"href":"https:\/\/www.desucla.com\/fr\/wp-json\/wp\/v2\/media?parent=1962"}],"curies":[{"name":"wp","href":"https:\/\/api.w.org\/{rel}","templated":true}]}}