{"id":1910,"date":"2026-03-03T23:19:54","date_gmt":"2026-03-03T23:19:54","guid":{"rendered":"https:\/\/desucla.com\/contact\/"},"modified":"2026-03-03T23:19:54","modified_gmt":"2026-03-03T23:19:54","slug":"contact","status":"publish","type":"page","link":"https:\/\/www.desucla.com\/fr\/contact\/","title":{"rendered":"Contact"},"content":{"rendered":"<section class=\"contact-hero\">\n\t<div class=\"contact-hero-container\">\n\t\t<h1>Prenez contact<\/h1>\t\t<p>Que ce soit pour examiner l&#039;infrastructure de conformit\u00e9 ou la scalabilit\u00e9 transfrontali\u00e8re, parlez \u00e0 notre \u00e9quipe de vos besoins.<\/p>\t<\/div>\n<\/section>\n\n\n<section class=\"contact-main\">\n\t<div class=\"contact-main-container\">\n\t\t<div class=\"contact-form-wrapper\">\n\t\t\t<h2>Envoyez-nous un message<\/h2>\t\t\t\t\t\t<form id=\"contact-form-block_c31e3f4aa548d98499a39f9b43021787\" class=\"contact-form taxpay-form js-service-hero-hubspot-form contact-page-hubspot-form\" method=\"post\" action=\"\" novalidate\n\t\t\t\tdata-portal-id=\"145781135\"\n\t\t\t\tdata-form-guid=\"5630d2db-78f4-4038-8c17-2537cea1c73e\"\n\t\t\t\tdata-rest-url=\"https:\/\/www.desucla.com\/fr\/wp-json\/desucla\/v1\/hubspot-submit\"\n\t\t\t\tdata-nonce=\"3ac99a529f\"\n\t\t\t\tdata-ajax-url=\"https:\/\/www.desucla.com\/wp-admin\/admin-ajax.php\"\n\t\t\t\tdata-contact-nonce=\"562f407054\"\n\t\t\t\tdata-thank-you-url=\"https:\/\/www.desucla.com\/thank-you\/\">\n\t\t\t\t\t\t\t\t<div class=\"form-row\">\n\t\t\t\t\t<div class=\"form-group\">\n\t\t\t\t\t\t<input type=\"text\" id=\"contact-firstname\" name=\"firstname\" required aria-required=\"true\" placeholder=\"Pr\u00e9nom *\" aria-label=\"Pr\u00e9nom\">\n\t\t\t\t\t<\/div>\n\t\t\t\t\t<div class=\"form-group\">\n\t\t\t\t\t\t<input type=\"text\" id=\"contact-lastname\" name=\"lastname\" required aria-required=\"true\" placeholder=\"Nom de famille *\" aria-label=\"Nom de famille\">\n\t\t\t\t\t<\/div>\n\t\t\t\t<\/div>\n\t\t\t\t<div class=\"form-row\">\n\t\t\t\t\t<div class=\"form-group\">\n\t\t\t\t\t\t<input type=\"email\" id=\"contact-email\" name=\"email\" required aria-required=\"true\" placeholder=\"Email professionnel *\" aria-label=\"Email professionnel\">\n\t\t\t\t\t<\/div>\n\t\t\t\t\t<div class=\"form-group\">\n\t\t\t\t\t\t<input type=\"tel\" id=\"contact-phone\" name=\"phone\" required aria-required=\"true\" placeholder=\"Num\u00e9ro de t\u00e9l\u00e9phone *\" aria-label=\"Num\u00e9ro de t\u00e9l\u00e9phone\">\n\t\t\t\t\t<\/div>\n\t\t\t\t<\/div>\n\t\t\t\t<div class=\"form-group\">\n\t\t\t\t\t<input type=\"text\" id=\"contact-company\" name=\"company\" required aria-required=\"true\" placeholder=\"Entreprise *\" aria-label=\"Entreprise\">\n\t\t\t\t<\/div>\n\t\t\t\t<div class=\"form-group\">\n\t\t\t\t\t<select id=\"contact-help\" name=\"help\" aria-label=\"Comment pouvons-nous vous aider ?\">\n\t\t\t\t\t\t<option value=\"\">Comment pouvons-nous vous aider ?<\/option>\n\t\t\t\t\t\t<option value=\"Sales Inquiry\">Demande commerciale<\/option>\n\t\t\t\t\t\t<option value=\"Partnership opportunity\">Opportunit\u00e9 de partenariat<\/option>\n\t\t\t\t\t\t<option value=\"Technical support\">Support technique<\/option>\n\t\t\t\t\t\t<option value=\"Request a demo\">Demander une d\u00e9mo<\/option>\n\t\t\t\t\t\t<option value=\"Integration questions\">Questions d&#039;int\u00e9gration<\/option>\n\t\t\t\t\t<\/select>\n\t\t\t\t<\/div>\n\t\t\t\t<div class=\"form-group\">\n\t\t\t\t\t<textarea id=\"contact-message\" name=\"message\" rows=\"6\" placeholder=\"Message\" aria-label=\"Message\"><\/textarea>\n\t\t\t\t<\/div>\n\t\t\t\t<label class=\"taxpay-form-checkbox form-consent-label\">\n\t\t\t\t\t<input type=\"checkbox\" name=\"agree_to_communications\" value=\"yes\" required aria-required=\"true\" aria-label=\"Consentement au traitement des donn\u00e9es personnelles\">\n\t\t\t\t\t<span>En cochant cette case, je donne mon consentement \u00e0 Desucla pour traiter mes donn\u00e9es personnelles et me contacter au sujet des services de conformit\u00e9. <span class=\"required\">*<\/span><\/span>\n\t\t\t\t<\/label>\n\t\t\t\t<p class=\"form-disclaimer\">* Champs obligatoires. En soumettant ce formulaire, vous acceptez notre politique de confidentialit\u00e9.<\/p>\n\t\t\t\t<button type=\"submit\" class=\"btn btn-primary btn-large\">\n\t\t\t\t\t<span>Soumettre maintenant<\/span>\n\t\t\t\t\t<img decoding=\"async\" src=\"https:\/\/www.desucla.com\/wp-content\/themes\/desucla\/assets\/images\/button-arrow.svg\" alt=\"Contact\" class=\"btn-arrow\">\n\t\t\t\t<\/button>\n\t\t\t\t<div class=\"taxpay-form-message\" aria-live=\"polite\" hidden><\/div>\n\t\t\t<\/form>\n\t\t\t\t\t<\/div>\n\n\t\t<div class=\"contact-info-card\">\n\t\t\t<div class=\"contact-info-image\">\n\t\t\t\t<img decoding=\"async\" src=\"https:\/\/www.desucla.com\/wp-content\/uploads\/2026\/03\/Desucla-Contact.webp\" alt=\"Contact\" class=\"contact-image\">\n\t\t\t\t<div class=\"contact-image-overlay\"><\/div>\n\t\t\t<\/div>\n\t\t\t<div class=\"contact-info-content\">\n\t\t\t\t<h3>Informations de contact<\/h3>\t\t\t\t<div class=\"contact-info-item\">\n\t\t\t\t\t<div class=\"contact-info-icon\">\n\t\t\t\t\t\t<img decoding=\"async\" src=\"https:\/\/www.desucla.com\/wp-content\/themes\/desucla\/assets\/images\/location.svg\" alt=\"Contact\">\n\t\t\t\t\t<\/div>\n\t\t\t\t\t<div class=\"contact-info-text\">\n\t\t\t\t\t\t<p class=\"contact-info-title\">Londres, Royaume-Uni<\/p>\t\t\t\t\t\t<p class=\"contact-info-detail\">29 Euston Road, Londres, NW1 2SD<\/p>\t\t\t\t\t<\/div>\n\t\t\t\t<\/div>\n\t\t\t\t<div class=\"contact-info-item\">\n\t\t\t\t\t<div class=\"contact-info-icon\">\n\t\t\t\t\t\t<img decoding=\"async\" src=\"https:\/\/www.desucla.com\/wp-content\/themes\/desucla\/assets\/images\/phone.svg\" alt=\"Contact\">\n\t\t\t\t\t<\/div>\n\t\t\t\t\t<div class=\"contact-info-text\">\n\t\t\t\t\t\t<p class=\"contact-info-title\">+44 20 3633 9763<\/p>\t\t\t\t\t\t\t\t\t\t\t<\/div>\n\t\t\t\t<\/div>\n\t\t\t<\/div>\n\t\t<\/div>\n\t<\/div>\n<\/section>\n\n\n<section class=\"contact-options\">\n\t<div class=\"contact-options-container\">\n\t\t<h2>Vous cherchez quelque chose de sp\u00e9cifique ?<\/h2>\t\t<div class=\"contact-options-grid\">\n\t\t\t\t\t\t<div class=\"contact-option-card\">\n\t\t\t\t<h3>Demandes commerciales<\/h3>\t\t\t\t<p>Discutez de votre couverture de livraison de conformit\u00e9, de l&#039;alignement des flux de travail et de l&#039;ad\u00e9quation op\u00e9rationnelle avec notre \u00e9quipe.<\/p>\t\t\t\t<a href=\"mailto:sales@desucla.com\" class=\"contact-option-link\">sales@desucla.com<\/a>\t\t\t<\/div>\n\t\t\t\t\t\t<div class=\"contact-option-card\">\n\t\t\t\t<h3>Partenariat avec nous<\/h3>\t\t\t\t<p>Explorez des mod\u00e8les de livraison de conformit\u00e9 op\u00e9rationnelle structur\u00e9e pour les cabinets de conseil et de conformit\u00e9.<\/p>\t\t\t\t<a href=\"mailto:partnerships@desucla.com\" class=\"contact-option-link\">partnerships@desucla.com<\/a>\t\t\t<\/div>\n\t\t\t\t\t\t<div class=\"contact-option-card\">\n\t\t\t\t<h3>Support<\/h3>\t\t\t\t<p>Support structur\u00e9 et assistance op\u00e9rationnelle pour les clients existants.<\/p>\t\t\t\t<a href=\"mailto:support@desucla.com\" class=\"contact-option-link\">support@desucla.com<\/a>\t\t\t<\/div>\n\t\t\t\t\t<\/div>\n\t<\/div>\n<\/section>\n","protected":false},"excerpt":{"rendered":"","protected":false},"author":1,"featured_media":0,"parent":0,"menu_order":0,"comment_status":"closed","ping_status":"closed","template":"page-contact.php","meta":{"_acf_changed":false,"footnotes":""},"class_list":["post-1910","page","type-page","status-publish","hentry"],"acf":[],"yoast_head":"<!-- This site is optimized with the Yoast SEO plugin v27.4 - https:\/\/yoast.com\/product\/yoast-seo-wordpress\/ -->\n<title>Contactez-nous | Desucla<\/title>\n<meta name=\"description\" content=\"Contactez Desucla. \u00c9changez avec notre \u00e9quipe sur la conformit\u00e9 fiscale transfrontali\u00e8re, la repr\u00e9sentation douani\u00e8re et comment notre plateforme peut soutenir vos op\u00e9rations.\" \/>\n<meta name=\"robots\" content=\"index, follow, max-snippet:-1, max-image-preview:large, max-video-preview:-1\" \/>\n<link rel=\"canonical\" href=\"https:\/\/www.desucla.com\/fr\/contact\/\" \/>\n<meta property=\"og:locale\" content=\"fr_FR\" \/>\n<meta property=\"og:type\" content=\"article\" \/>\n<meta property=\"og:title\" content=\"Contactez-nous | Desucla\" \/>\n<meta property=\"og:description\" content=\"Contactez Desucla. \u00c9changez avec notre \u00e9quipe sur la conformit\u00e9 fiscale transfrontali\u00e8re, la repr\u00e9sentation douani\u00e8re et comment notre plateforme peut soutenir vos op\u00e9rations.\" \/>\n<meta property=\"og:url\" content=\"https:\/\/www.desucla.com\/fr\/contact\/\" \/>\n<meta property=\"og:site_name\" content=\"Desucla\" \/>\n<meta name=\"twitter:card\" content=\"summary_large_image\" \/>\n<script type=\"application\/ld+json\" class=\"yoast-schema-graph\">{\"@context\":\"https:\\\/\\\/schema.org\",\"@graph\":[{\"@type\":\"WebPage\",\"@id\":\"https:\\\/\\\/www.desucla.com\\\/fr\\\/contact\\\/\",\"url\":\"https:\\\/\\\/www.desucla.com\\\/fr\\\/contact\\\/\",\"name\":\"Contactez-nous | Desucla\",\"isPartOf\":{\"@id\":\"https:\\\/\\\/www.desucla.com\\\/fr\\\/#website\"},\"datePublished\":\"2026-03-03T23:19:54+00:00\",\"description\":\"Contactez Desucla. \u00c9changez avec notre \u00e9quipe sur la conformit\u00e9 fiscale transfrontali\u00e8re, la repr\u00e9sentation douani\u00e8re et comment notre plateforme peut soutenir vos op\u00e9rations.\",\"breadcrumb\":{\"@id\":\"https:\\\/\\\/www.desucla.com\\\/fr\\\/contact\\\/#breadcrumb\"},\"inLanguage\":\"fr-FR\",\"potentialAction\":[{\"@type\":\"ReadAction\",\"target\":[\"https:\\\/\\\/www.desucla.com\\\/fr\\\/contact\\\/\"]}]},{\"@type\":\"BreadcrumbList\",\"@id\":\"https:\\\/\\\/www.desucla.com\\\/fr\\\/contact\\\/#breadcrumb\",\"itemListElement\":[{\"@type\":\"ListItem\",\"position\":1,\"name\":\"Home\",\"item\":\"https:\\\/\\\/www.desucla.com\\\/fr\\\/\"},{\"@type\":\"ListItem\",\"position\":2,\"name\":\"Contact\"}]},{\"@type\":\"WebSite\",\"@id\":\"https:\\\/\\\/www.desucla.com\\\/fr\\\/#website\",\"url\":\"https:\\\/\\\/www.desucla.com\\\/fr\\\/\",\"name\":\"Desucla\",\"description\":\"\",\"potentialAction\":[{\"@type\":\"SearchAction\",\"target\":{\"@type\":\"EntryPoint\",\"urlTemplate\":\"https:\\\/\\\/www.desucla.com\\\/fr\\\/?s={search_term_string}\"},\"query-input\":{\"@type\":\"PropertyValueSpecification\",\"valueRequired\":true,\"valueName\":\"search_term_string\"}}],\"inLanguage\":\"fr-FR\"}]}<\/script>\n<!-- \/ Yoast SEO plugin. -->","yoast_head_json":{"title":"Contactez-nous | Desucla","description":"Contactez Desucla. \u00c9changez avec notre \u00e9quipe sur la conformit\u00e9 fiscale transfrontali\u00e8re, la repr\u00e9sentation douani\u00e8re et comment notre plateforme peut soutenir vos op\u00e9rations.","robots":{"index":"index","follow":"follow","max-snippet":"max-snippet:-1","max-image-preview":"max-image-preview:large","max-video-preview":"max-video-preview:-1"},"canonical":"https:\/\/www.desucla.com\/fr\/contact\/","og_locale":"fr_FR","og_type":"article","og_title":"Contactez-nous | Desucla","og_description":"Contactez Desucla. \u00c9changez avec notre \u00e9quipe sur la conformit\u00e9 fiscale transfrontali\u00e8re, la repr\u00e9sentation douani\u00e8re et comment notre plateforme peut soutenir vos op\u00e9rations.","og_url":"https:\/\/www.desucla.com\/fr\/contact\/","og_site_name":"Desucla","twitter_card":"summary_large_image","schema":{"@context":"https:\/\/schema.org","@graph":[{"@type":"WebPage","@id":"https:\/\/www.desucla.com\/fr\/contact\/","url":"https:\/\/www.desucla.com\/fr\/contact\/","name":"Contactez-nous | Desucla","isPartOf":{"@id":"https:\/\/www.desucla.com\/fr\/#website"},"datePublished":"2026-03-03T23:19:54+00:00","description":"Contactez Desucla. \u00c9changez avec notre \u00e9quipe sur la conformit\u00e9 fiscale transfrontali\u00e8re, la repr\u00e9sentation douani\u00e8re et comment notre plateforme peut soutenir vos op\u00e9rations.","breadcrumb":{"@id":"https:\/\/www.desucla.com\/fr\/contact\/#breadcrumb"},"inLanguage":"fr-FR","potentialAction":[{"@type":"ReadAction","target":["https:\/\/www.desucla.com\/fr\/contact\/"]}]},{"@type":"BreadcrumbList","@id":"https:\/\/www.desucla.com\/fr\/contact\/#breadcrumb","itemListElement":[{"@type":"ListItem","position":1,"name":"Home","item":"https:\/\/www.desucla.com\/fr\/"},{"@type":"ListItem","position":2,"name":"Contact"}]},{"@type":"WebSite","@id":"https:\/\/www.desucla.com\/fr\/#website","url":"https:\/\/www.desucla.com\/fr\/","name":"Desucla","description":"","potentialAction":[{"@type":"SearchAction","target":{"@type":"EntryPoint","urlTemplate":"https:\/\/www.desucla.com\/fr\/?s={search_term_string}"},"query-input":{"@type":"PropertyValueSpecification","valueRequired":true,"valueName":"search_term_string"}}],"inLanguage":"fr-FR"}]}},"_links":{"self":[{"href":"https:\/\/www.desucla.com\/fr\/wp-json\/wp\/v2\/pages\/1910","targetHints":{"allow":["GET"]}}],"collection":[{"href":"https:\/\/www.desucla.com\/fr\/wp-json\/wp\/v2\/pages"}],"about":[{"href":"https:\/\/www.desucla.com\/fr\/wp-json\/wp\/v2\/types\/page"}],"author":[{"embeddable":true,"href":"https:\/\/www.desucla.com\/fr\/wp-json\/wp\/v2\/users\/1"}],"replies":[{"embeddable":true,"href":"https:\/\/www.desucla.com\/fr\/wp-json\/wp\/v2\/comments?post=1910"}],"version-history":[{"count":0,"href":"https:\/\/www.desucla.com\/fr\/wp-json\/wp\/v2\/pages\/1910\/revisions"}],"wp:attachment":[{"href":"https:\/\/www.desucla.com\/fr\/wp-json\/wp\/v2\/media?parent=1910"}],"curies":[{"name":"wp","href":"https:\/\/api.w.org\/{rel}","templated":true}]}}