{"id":1843,"date":"2026-03-03T22:53:10","date_gmt":"2026-03-03T22:53:10","guid":{"rendered":"https:\/\/desucla.com\/a-propos\/"},"modified":"2026-03-03T23:17:52","modified_gmt":"2026-03-03T23:17:52","slug":"a-propos","status":"publish","type":"page","link":"https:\/\/www.desucla.com\/fr\/a-propos\/","title":{"rendered":"\u00c0 propos"},"content":{"rendered":"<section class=\"about-hero\">\n\t<div class=\"about-hero-container\">\n\t\t<div class=\"about-hero-content\">\n\t\t\t<span class=\"about-eyebrow\">\u00c0 PROPOS DE NOUS<\/span>\n\t\t\t<h1>Infrastructure d&#039;ex\u00e9cution de conformit\u00e9 transfrontali\u00e8re<\/h1>\n\t\t\t<p>Pour les entreprises et les cabinets de services professionnels op\u00e9rant \u00e0 travers plusieurs entit\u00e9s et juridictions. Desucla consolide le d\u00e9p\u00f4t fiscal, le r\u00e8glement et la repr\u00e9sentation dans un environnement unique et contr\u00f4l\u00e9 d&#039;ex\u00e9cution de soumission et de r\u00e8glement.<\/p>\n\t\t\t<a href=\"#how-it-works\" class=\"btn btn-primary\">\n\t\t\t\t<span>Voir comment cela fonctionne<\/span>\n\t\t\t\t<img decoding=\"async\" src=\"https:\/\/www.desucla.com\/wp-content\/themes\/desucla\/assets\/images\/button-arrow.svg\" alt=\"Infrastructure d&#039;ex\u00e9cution de conformit\u00e9 transfrontali\u00e8re\" class=\"btn-arrow\">\n\t\t\t<\/a>\n\t\t<\/div>\n\t\t<div class=\"about-hero-visual\" aria-hidden=\"true\">\n\t\t\t<div class=\"about-hero-image\">\n\t\t\t\t<img decoding=\"async\" src=\"https:\/\/www.desucla.com\/wp-content\/uploads\/2026\/03\/About-us.webp\" alt=\"Infrastructure d&#039;ex\u00e9cution de conformit\u00e9 transfrontali\u00e8re\">\n\t\t\t<\/div>\n\t\t<\/div>\n\t<\/div>\n<\/section>\n\n\n<section class=\"about-highlight\">\n\t<div class=\"about-highlight-container\">\n\t\t<div class=\"about-highlight-image\">\n\t\t\t<img decoding=\"async\" src=\"https:\/\/www.desucla.com\/wp-content\/uploads\/2026\/03\/About-us-team.webp\" alt=\"\">\n\t\t<\/div>\n\t\t<div class=\"about-highlight-quote\">\n\t\t\t<span class=\"about-quote-mark\" aria-hidden=\"true\">&#8220;<\/span>\n\t\t\t<p>La conformit\u00e9 transfrontali\u00e8re n\u00e9cessite des contr\u00f4les d\u00e9finis. Desucla offre une ex\u00e9cution structur\u00e9e, une responsabilit\u00e9 claire et une supervision \u00e0 travers les juridictions.<\/p>\n\t\t\t<span class=\"about-quote-mark about-quote-mark-close\" aria-hidden=\"true\">&#8220;<\/span>\n\t\t<\/div>\n\t\t<div class=\"about-highlight-stat\">\n\t\t\t\t\t\t<div class=\"about-highlight-value\">Centralis\u00e9<\/div>\n\t\t\t<p>Soumission et r\u00e8glement dans un cadre contr\u00f4l\u00e9 unique.<\/p>\n\t\t<\/div>\n\t<\/div>\n<\/section>\n\n\n<section class=\"about-story\">\n\t<div class=\"about-story-container\">\n\t\t<div class=\"about-story-header\">\n\t\t\t<span class=\"about-eyebrow about-eyebrow-light\">\u00c0 propos<\/span>\n\t\t\t<h2>Soumissions structur\u00e9es de d\u00e9clarations fiscales transfrontali\u00e8res et livraison de conformit\u00e9 de derni\u00e8re \u00e9tape<\/h2>\n\t\t<\/div>\n\t\t<div class=\"about-story-body\">\n\t\t\t<p><span style=\"font-weight: 400\">Desucla op\u00e8re un mod\u00e8le de livraison activ\u00e9 par plateforme pour l&rsquo;administration fiscale indirecte \u00e0 l&rsquo;\u00e9chelle mondiale. Les enregistrements, d\u00e9clarations, paiements et repr\u00e9sentations sont soumis \u00e0 travers des flux de travail d\u00e9finis align\u00e9s avec les exigences des autorit\u00e9s locales.<\/p>\n<p><span style=\"font-weight: 400\">Notre objectif est la livraison de conformit\u00e9 op\u00e9rationnelle, pas les services de conseil. La soumission fiscale, le r\u00e8glement et le suivi sont structur\u00e9s dans un environnement gouvern\u00e9 unique, offrant un contr\u00f4le au niveau de l&rsquo;entreprise, une standardisation et une supervision \u00e0 travers les juridictions.<\/p>\n<p><span style=\"font-weight: 400\">La livraison de conformit\u00e9 fragment\u00e9e \u00e0 travers plusieurs prestataires augmente le risque d&rsquo;erreurs, de retards et de tra\u00een\u00e9e op\u00e9rationnelle. En alignant le d\u00e9p\u00f4t fiscal et le r\u00e8glement dans un cadre unique, la conformit\u00e9 transfrontali\u00e8re est pr\u00e9visible, v\u00e9rifiable et plus facile \u00e0 \u00e9tendre. <\/p>\n\t\t<\/div>\n\t<\/div>\n\t\t<div class=\"about-story-stats\">\n\t\t\t\t\t\t\t\t<div class=\"about-story-stat\">\n\t\t\t\t<span class=\"about-story-value\">Global<\/span>\n\t\t\t\t<span class=\"about-story-label\">Couverture des juridictions<\/span>\n\t\t\t<\/div>\n\t\t\t\t\t<span class=\"about-story-divider\" aria-hidden=\"true\"><\/span>\t\t\t<div class=\"about-story-stat\">\n\t\t\t\t<span class=\"about-story-value\">Multi-Entit\u00e9<\/span>\n\t\t\t\t<span class=\"about-story-label\">Support op\u00e9rationnel<\/span>\n\t\t\t<\/div>\n\t\t\t\t\t<span class=\"about-story-divider\" aria-hidden=\"true\"><\/span>\t\t\t<div class=\"about-story-stat\">\n\t\t\t\t<span class=\"about-story-value\">Int\u00e9gr\u00e9<\/span>\n\t\t\t\t<span class=\"about-story-label\">D\u00e9p\u00f4t et\/ou r\u00e8glement, selon les besoins<\/span>\n\t\t\t<\/div>\n\t\t\t\t\t<span class=\"about-story-divider\" aria-hidden=\"true\"><\/span>\t\t\t<div class=\"about-story-stat\">\n\t\t\t\t<span class=\"about-story-value\">Structur\u00e9<\/span>\n\t\t\t\t<span class=\"about-story-label\">Mod\u00e8les de repr\u00e9sentation<\/span>\n\t\t\t<\/div>\n\t\t\t<\/div>\n\t<\/section>\n\n\n<section class=\"about-leadership\" id=\"leadership\">\n\t<div class=\"about-leadership-container\">\n\t\t<div class=\"about-leadership-intro\">\n\t\t\t<span class=\"about-eyebrow\">Leadership<\/span>\n\t\t\t<h2>Exp\u00e9rience op\u00e9rationnelle dans la fiscalit\u00e9 et les paiements<\/h2>\n\t\t\t<p>Notre leadership apporte une profonde exp\u00e9rience dans la fiscalit\u00e9 indirecte, la repr\u00e9sentation fiscale et l&#039;infrastructure de paiement r\u00e9glement\u00e9e. Leur objectif est de construire une livraison de conformit\u00e9 structur\u00e9e et \u00e9volutive \u00e0 travers plusieurs juridictions et entit\u00e9s.<\/p>\t\t\t<a href=\"https:\/\/www.desucla.com\/fr\/resources\/\" class=\"btn btn-outline-dark\">\n\t\t\t\t<span>Voir notre r\u00e9flexion<\/span>\n\t\t\t\t<img decoding=\"async\" src=\"https:\/\/www.desucla.com\/wp-content\/themes\/desucla\/assets\/images\/button-arrow.svg\" alt=\"Leadership\" class=\"btn-arrow\">\n\t\t\t<\/a>\n\t\t<\/div>\n\t\t<div class=\"about-leadership-grid about-leadership-grid--top\">\n\t\t\t\t\t\t\t<article class=\"about-leader-card\">\n\t\t\t\t\t<div class=\"about-leader-image\">\n\t\t\t\t\t\t<img decoding=\"async\" src=\"https:\/\/www.desucla.com\/wp-content\/uploads\/2026\/02\/Richard-Baxter.webp\" alt=\"Richard Baxter\">\n\t\t\t\t\t\t<div class=\"about-leader-links\">\n\t\t\t\t\t\t\t<a href=\"https:\/\/www.linkedin.com\/in\/ribaxter\/\" target=\"_blank\" rel=\"noopener noreferrer\" aria-label=\"LinkedIn\"><img decoding=\"async\" src=\"https:\/\/www.desucla.com\/wp-content\/themes\/desucla\/assets\/images\/linkedin.svg\" alt=\"Leadership\"><\/a>\t\t\t\t\t\t\t\t\t\t\t\t\t<\/div>\n\t\t\t\t\t<\/div>\n\t\t\t\t\t<div class=\"about-leader-content\">\n\t\t\t\t\t\t<h3>Richard Baxter<\/h3>\n\t\t\t\t\t\t<p>Fondateur<\/p>\t\t\t\t\t<\/div>\n\t\t\t\t<\/article>\n\t\t\t\t\t\t\t<article class=\"about-leader-card\">\n\t\t\t\t\t<div class=\"about-leader-image\">\n\t\t\t\t\t\t<img decoding=\"async\" src=\"https:\/\/www.desucla.com\/wp-content\/uploads\/2026\/02\/Ryan-Bishop.webp\" alt=\"Ryan Bishop\">\n\t\t\t\t\t\t<div class=\"about-leader-links\">\n\t\t\t\t\t\t\t<a href=\"https:\/\/www.linkedin.com\/in\/ukryanbishop\/\" target=\"_blank\" rel=\"noopener noreferrer\" aria-label=\"LinkedIn\"><img decoding=\"async\" src=\"https:\/\/www.desucla.com\/wp-content\/themes\/desucla\/assets\/images\/linkedin.svg\" alt=\"Leadership\"><\/a>\t\t\t\t\t\t\t\t\t\t\t\t\t<\/div>\n\t\t\t\t\t<\/div>\n\t\t\t\t\t<div class=\"about-leader-content\">\n\t\t\t\t\t\t<h3>Ryan Bishop<\/h3>\n\t\t\t\t\t\t<p>Directeur Commercial<\/p>\t\t\t\t\t<\/div>\n\t\t\t\t<\/article>\n\t\t\t\t\t<\/div>\n\t\t\t\t<div class=\"about-leadership-grid about-leadership-grid--bottom\">\n\t\t\t\t\t\t\t<article class=\"about-leader-card\">\n\t\t\t\t\t<div class=\"about-leader-image\">\n\t\t\t\t\t\t<img decoding=\"async\" src=\"https:\/\/www.desucla.com\/wp-content\/uploads\/2026\/02\/Stephen-Gregson-e1772212002733.webp\" alt=\"Stephen Gregson\">\n\t\t\t\t\t\t<div class=\"about-leader-links\">\n\t\t\t\t\t\t\t<a href=\"https:\/\/www.linkedin.com\/in\/stephen-gregson-a776393\/\" target=\"_blank\" rel=\"noopener noreferrer\" aria-label=\"LinkedIn\"><img decoding=\"async\" src=\"https:\/\/www.desucla.com\/wp-content\/themes\/desucla\/assets\/images\/linkedin.svg\" alt=\"Leadership\"><\/a>\t\t\t\t\t\t\t\t\t\t\t\t\t<\/div>\n\t\t\t\t\t<\/div>\n\t\t\t\t\t<div class=\"about-leader-content\">\n\t\t\t\t\t\t<h3>Stephen Gregson<\/h3>\n\t\t\t\t\t\t<p>Directeur Financier<\/p>\t\t\t\t\t<\/div>\n\t\t\t\t<\/article>\n\t\t\t\t\t\t\t<article class=\"about-leader-card\">\n\t\t\t\t\t<div class=\"about-leader-image\">\n\t\t\t\t\t\t<img decoding=\"async\" src=\"https:\/\/www.desucla.com\/wp-content\/uploads\/2026\/02\/Syed-Khalid-e1772211991890.webp\" alt=\"Syed Khalid\">\n\t\t\t\t\t\t<div class=\"about-leader-links\">\n\t\t\t\t\t\t\t<a href=\"https:\/\/www.linkedin.com\/in\/syed-khalid76\/\" target=\"_blank\" rel=\"noopener noreferrer\" aria-label=\"LinkedIn\"><img decoding=\"async\" src=\"https:\/\/www.desucla.com\/wp-content\/themes\/desucla\/assets\/images\/linkedin.svg\" alt=\"Leadership\"><\/a>\t\t\t\t\t\t\t\t\t\t\t\t\t<\/div>\n\t\t\t\t\t<\/div>\n\t\t\t\t\t<div class=\"about-leader-content\">\n\t\t\t\t\t\t<h3>Syed Khalid<\/h3>\n\t\t\t\t\t\t<p>Directeur de la Conformit\u00e9<\/p>\t\t\t\t\t<\/div>\n\t\t\t\t<\/article>\n\t\t\t\t\t\t\t<article class=\"about-leader-card\">\n\t\t\t\t\t<div class=\"about-leader-image\">\n\t\t\t\t\t\t<img decoding=\"async\" src=\"https:\/\/www.desucla.com\/wp-content\/uploads\/2026\/02\/Raluca-Fadur.webp\" alt=\"Raluca Fadur\">\n\t\t\t\t\t\t<div class=\"about-leader-links\">\n\t\t\t\t\t\t\t<a href=\"https:\/\/www.linkedin.com\/in\/ralucafadur-ref3\/\" target=\"_blank\" rel=\"noopener noreferrer\" aria-label=\"LinkedIn\"><img decoding=\"async\" src=\"https:\/\/www.desucla.com\/wp-content\/themes\/desucla\/assets\/images\/linkedin.svg\" alt=\"Leadership\"><\/a>\t\t\t\t\t\t\t\t\t\t\t\t\t<\/div>\n\t\t\t\t\t<\/div>\n\t\t\t\t\t<div class=\"about-leader-content\">\n\t\t\t\t\t\t<h3>Raluca Fadur<\/h3>\n\t\t\t\t\t\t<p>Responsable du R\u00e9seau de Repr\u00e9sentation Fiscale<\/p>\t\t\t\t\t<\/div>\n\t\t\t\t<\/article>\n\t\t\t\t\t<\/div>\n\t\t\t<\/div>\n<\/section>\n\n\n<section class=\"about-differentiators\">\n\t<div class=\"about-differentiators-container\">\n\t\t<div class=\"about-differentiators-content\">\n\t\t\t<span class=\"about-eyebrow\">Notre mod\u00e8le<\/span>\n\t\t\t<h2>Con\u00e7u pour la livraison de conformit\u00e9 transfrontali\u00e8re<\/h2>\n\t\t\t<p>Desucla structure l&#039;ex\u00e9cution de la conformit\u00e9, le suivi et les preuves dans des flux de travail d\u00e9finis, permettant aux entreprises d&#039;\u00e9tendre la couverture juridictionnelle sans complexit\u00e9 suppl\u00e9mentaire ou livraison fragment\u00e9e.<\/p>\n\t\t\t<div class=\"about-differentiators-grid\">\n\t\t\t\t\t\t\t\t\t<div class=\"about-differentiator-card\">\n\t\t\t\t\t\t<div class=\"about-differentiator-icon\"><img decoding=\"async\" src=\"https:\/\/www.desucla.com\/wp-content\/uploads\/2026\/02\/gurant.svg\" alt=\"\"><\/div>\t\t\t\t\t\t<h3>Ex\u00e9cution unifi\u00e9e<\/h3>\n\t\t\t\t\t\t<p>D\u00e9p\u00f4t fiscal et r\u00e8glement structur\u00e9s dans un environnement unique et contr\u00f4l\u00e9.\r\n<\/p>\t\t\t\t\t<\/div>\n\t\t\t\t\t\t\t\t\t<div class=\"about-differentiator-card\">\n\t\t\t\t\t\t<div class=\"about-differentiator-icon\"><img decoding=\"async\" src=\"https:\/\/www.desucla.com\/wp-content\/uploads\/2026\/02\/gloabe-about.svg\" alt=\"\"><\/div>\t\t\t\t\t\t<h3>Paiements valid\u00e9s<\/h3>\n\t\t\t\t\t\t<p>Les paiements sont achemin\u00e9s via des banques r\u00e9glement\u00e9es avec des approbations contr\u00f4l\u00e9es.<\/p>\t\t\t\t\t<\/div>\n\t\t\t\t\t\t\t\t\t<div class=\"about-differentiator-card\">\n\t\t\t\t\t\t<div class=\"about-differentiator-icon\"><img decoding=\"async\" src=\"https:\/\/www.desucla.com\/wp-content\/uploads\/2026\/02\/standard.svg\" alt=\"\"><\/div>\t\t\t\t\t\t<h3>Responsabilit\u00e9 d\u00e9finie<\/h3>\n\t\t\t\t\t\t<p>Les r\u00f4les, responsabilit\u00e9s et approbations associ\u00e9es sont d\u00e9finis lors de l&#039;int\u00e9gration.<\/p>\t\t\t\t\t<\/div>\n\t\t\t\t\t\t\t\t\t<div class=\"about-differentiator-card\">\n\t\t\t\t\t\t<div class=\"about-differentiator-icon\"><img decoding=\"async\" src=\"https:\/\/www.desucla.com\/wp-content\/uploads\/2026\/02\/operational.svg\" alt=\"\"><\/div>\t\t\t\t\t\t<h3>Documents pr\u00eats pour l&#039;audit<\/h3>\n\t\t\t\t\t\t<p>Les soumissions fiscales et les confirmations de paiement sont conserv\u00e9es de mani\u00e8re centralis\u00e9e.<\/p>\t\t\t\t\t<\/div>\n\t\t\t\t\t\t\t<\/div>\n\t\t<\/div>\n\t\t\t\t<div class=\"about-differentiators-visual\" aria-hidden=\"true\">\n\t\t\t<img decoding=\"async\" src=\"https:\/\/www.desucla.com\/wp-content\/uploads\/2026\/03\/What-sets-us-apart.webp\" alt=\"\">\n\t\t<\/div>\n\t\t\t<\/div>\n<\/section>\n\n\n<section class=\"footer-cta\">\n\t<div class=\"footer-cta-container\">\n\t\t<h2>Ex\u00e9cution. R\u00e8glement. Responsabilit\u00e9.<\/h2>\t\t<p>Op\u00e9rez la conformit\u00e9 transfrontali\u00e8re dans un cadre d&#039;ex\u00e9cution unique et structur\u00e9, align\u00e9 avec les exigences juridictionnelles locales.<\/p>\t\t\t\t<div class=\"footer-cta-actions\">\n\t\t\t<a href=\"https:\/\/www.desucla.com\/contact\/\" class=\"btn btn-primary btn-large\">\n\t\t\t\t<span>Parlez \u00e0 un expert<\/span>\n\t\t\t\t<img decoding=\"async\" src=\"https:\/\/www.desucla.com\/wp-content\/themes\/desucla\/assets\/images\/button-arrow.svg\" alt=\"Ex\u00e9cution. R\u00e8glement. Responsabilit\u00e9.\" class=\"btn-arrow\">\n\t\t\t<\/a>\n\t\t<\/div>\n\t\t\t<\/div>\n<\/section>\n","protected":false},"excerpt":{"rendered":"","protected":false},"author":1,"featured_media":0,"parent":0,"menu_order":0,"comment_status":"closed","ping_status":"closed","template":"page-about.php","meta":{"_acf_changed":false,"footnotes":""},"class_list":["post-1843","page","type-page","status-publish","hentry"],"acf":[],"yoast_head":"<!-- This site is optimized with the Yoast SEO plugin v27.4 - https:\/\/yoast.com\/product\/yoast-seo-wordpress\/ -->\n<title>\u00c0 propos de Desucla | Infrastructure de Conformit\u00e9 Transfrontali\u00e8re<\/title>\n<meta name=\"description\" content=\"Desucla consolide la d\u00e9claration fiscale, le r\u00e8glement et la repr\u00e9sentation pour les entreprises et cabinets professionnels op\u00e9rant \u00e0 travers plusieurs entit\u00e9s et juridictions.\" \/>\n<meta name=\"robots\" content=\"index, follow, max-snippet:-1, max-image-preview:large, max-video-preview:-1\" \/>\n<link rel=\"canonical\" href=\"https:\/\/www.desucla.com\/fr\/a-propos\/\" \/>\n<meta property=\"og:locale\" content=\"fr_FR\" \/>\n<meta property=\"og:type\" content=\"article\" \/>\n<meta property=\"og:title\" content=\"\u00c0 propos de Desucla | Infrastructure de Conformit\u00e9 Transfrontali\u00e8re\" \/>\n<meta property=\"og:description\" content=\"Desucla consolide la d\u00e9claration fiscale, le r\u00e8glement et la repr\u00e9sentation pour les entreprises et cabinets professionnels op\u00e9rant \u00e0 travers plusieurs entit\u00e9s et juridictions.\" \/>\n<meta property=\"og:url\" content=\"https:\/\/www.desucla.com\/fr\/a-propos\/\" \/>\n<meta property=\"og:site_name\" content=\"Desucla\" \/>\n<meta property=\"article:modified_time\" content=\"2026-03-03T23:17:52+00:00\" \/>\n<meta name=\"twitter:card\" content=\"summary_large_image\" \/>\n<script type=\"application\/ld+json\" class=\"yoast-schema-graph\">{\"@context\":\"https:\\\/\\\/schema.org\",\"@graph\":[{\"@type\":\"WebPage\",\"@id\":\"https:\\\/\\\/www.desucla.com\\\/fr\\\/a-propos\\\/\",\"url\":\"https:\\\/\\\/www.desucla.com\\\/fr\\\/a-propos\\\/\",\"name\":\"\u00c0 propos de Desucla | Infrastructure de Conformit\u00e9 Transfrontali\u00e8re\",\"isPartOf\":{\"@id\":\"https:\\\/\\\/www.desucla.com\\\/fr\\\/#website\"},\"datePublished\":\"2026-03-03T22:53:10+00:00\",\"dateModified\":\"2026-03-03T23:17:52+00:00\",\"description\":\"Desucla consolide la d\u00e9claration fiscale, le r\u00e8glement et la repr\u00e9sentation pour les entreprises et cabinets professionnels op\u00e9rant \u00e0 travers plusieurs entit\u00e9s et juridictions.\",\"breadcrumb\":{\"@id\":\"https:\\\/\\\/www.desucla.com\\\/fr\\\/a-propos\\\/#breadcrumb\"},\"inLanguage\":\"fr-FR\",\"potentialAction\":[{\"@type\":\"ReadAction\",\"target\":[\"https:\\\/\\\/www.desucla.com\\\/fr\\\/a-propos\\\/\"]}]},{\"@type\":\"BreadcrumbList\",\"@id\":\"https:\\\/\\\/www.desucla.com\\\/fr\\\/a-propos\\\/#breadcrumb\",\"itemListElement\":[{\"@type\":\"ListItem\",\"position\":1,\"name\":\"Home\",\"item\":\"https:\\\/\\\/www.desucla.com\\\/fr\\\/\"},{\"@type\":\"ListItem\",\"position\":2,\"name\":\"\u00c0 propos\"}]},{\"@type\":\"WebSite\",\"@id\":\"https:\\\/\\\/www.desucla.com\\\/fr\\\/#website\",\"url\":\"https:\\\/\\\/www.desucla.com\\\/fr\\\/\",\"name\":\"Desucla\",\"description\":\"\",\"potentialAction\":[{\"@type\":\"SearchAction\",\"target\":{\"@type\":\"EntryPoint\",\"urlTemplate\":\"https:\\\/\\\/www.desucla.com\\\/fr\\\/?s={search_term_string}\"},\"query-input\":{\"@type\":\"PropertyValueSpecification\",\"valueRequired\":true,\"valueName\":\"search_term_string\"}}],\"inLanguage\":\"fr-FR\"}]}<\/script>\n<!-- \/ Yoast SEO plugin. -->","yoast_head_json":{"title":"\u00c0 propos de Desucla | Infrastructure de Conformit\u00e9 Transfrontali\u00e8re","description":"Desucla consolide la d\u00e9claration fiscale, le r\u00e8glement et la repr\u00e9sentation pour les entreprises et cabinets professionnels op\u00e9rant \u00e0 travers plusieurs entit\u00e9s et juridictions.","robots":{"index":"index","follow":"follow","max-snippet":"max-snippet:-1","max-image-preview":"max-image-preview:large","max-video-preview":"max-video-preview:-1"},"canonical":"https:\/\/www.desucla.com\/fr\/a-propos\/","og_locale":"fr_FR","og_type":"article","og_title":"\u00c0 propos de Desucla | Infrastructure de Conformit\u00e9 Transfrontali\u00e8re","og_description":"Desucla consolide la d\u00e9claration fiscale, le r\u00e8glement et la repr\u00e9sentation pour les entreprises et cabinets professionnels op\u00e9rant \u00e0 travers plusieurs entit\u00e9s et juridictions.","og_url":"https:\/\/www.desucla.com\/fr\/a-propos\/","og_site_name":"Desucla","article_modified_time":"2026-03-03T23:17:52+00:00","twitter_card":"summary_large_image","schema":{"@context":"https:\/\/schema.org","@graph":[{"@type":"WebPage","@id":"https:\/\/www.desucla.com\/fr\/a-propos\/","url":"https:\/\/www.desucla.com\/fr\/a-propos\/","name":"\u00c0 propos de Desucla | Infrastructure de Conformit\u00e9 Transfrontali\u00e8re","isPartOf":{"@id":"https:\/\/www.desucla.com\/fr\/#website"},"datePublished":"2026-03-03T22:53:10+00:00","dateModified":"2026-03-03T23:17:52+00:00","description":"Desucla consolide la d\u00e9claration fiscale, le r\u00e8glement et la repr\u00e9sentation pour les entreprises et cabinets professionnels op\u00e9rant \u00e0 travers plusieurs entit\u00e9s et juridictions.","breadcrumb":{"@id":"https:\/\/www.desucla.com\/fr\/a-propos\/#breadcrumb"},"inLanguage":"fr-FR","potentialAction":[{"@type":"ReadAction","target":["https:\/\/www.desucla.com\/fr\/a-propos\/"]}]},{"@type":"BreadcrumbList","@id":"https:\/\/www.desucla.com\/fr\/a-propos\/#breadcrumb","itemListElement":[{"@type":"ListItem","position":1,"name":"Home","item":"https:\/\/www.desucla.com\/fr\/"},{"@type":"ListItem","position":2,"name":"\u00c0 propos"}]},{"@type":"WebSite","@id":"https:\/\/www.desucla.com\/fr\/#website","url":"https:\/\/www.desucla.com\/fr\/","name":"Desucla","description":"","potentialAction":[{"@type":"SearchAction","target":{"@type":"EntryPoint","urlTemplate":"https:\/\/www.desucla.com\/fr\/?s={search_term_string}"},"query-input":{"@type":"PropertyValueSpecification","valueRequired":true,"valueName":"search_term_string"}}],"inLanguage":"fr-FR"}]}},"_links":{"self":[{"href":"https:\/\/www.desucla.com\/fr\/wp-json\/wp\/v2\/pages\/1843","targetHints":{"allow":["GET"]}}],"collection":[{"href":"https:\/\/www.desucla.com\/fr\/wp-json\/wp\/v2\/pages"}],"about":[{"href":"https:\/\/www.desucla.com\/fr\/wp-json\/wp\/v2\/types\/page"}],"author":[{"embeddable":true,"href":"https:\/\/www.desucla.com\/fr\/wp-json\/wp\/v2\/users\/1"}],"replies":[{"embeddable":true,"href":"https:\/\/www.desucla.com\/fr\/wp-json\/wp\/v2\/comments?post=1843"}],"version-history":[{"count":0,"href":"https:\/\/www.desucla.com\/fr\/wp-json\/wp\/v2\/pages\/1843\/revisions"}],"wp:attachment":[{"href":"https:\/\/www.desucla.com\/fr\/wp-json\/wp\/v2\/media?parent=1843"}],"curies":[{"name":"wp","href":"https:\/\/api.w.org\/{rel}","templated":true}]}}