{"id":2000,"date":"2026-03-04T01:13:37","date_gmt":"2026-03-04T01:13:37","guid":{"rendered":"https:\/\/desucla.com\/centro-de-ayuda\/"},"modified":"2026-03-12T16:27:43","modified_gmt":"2026-03-12T16:27:43","slug":"centro-de-ayuda","status":"publish","type":"page","link":"https:\/\/www.desucla.com\/es\/centro-de-ayuda\/","title":{"rendered":"Centro de Ayuda"},"content":{"rendered":"","protected":false},"excerpt":{"rendered":"","protected":false},"author":1,"featured_media":0,"parent":0,"menu_order":0,"comment_status":"closed","ping_status":"closed","template":"page-templates\/page-help-centre.php","meta":{"_acf_changed":false,"footnotes":""},"class_list":["post-2000","page","type-page","status-publish","hentry"],"acf":[],"yoast_head":"<!-- This site is optimized with the Yoast SEO plugin v27.4 - https:\/\/yoast.com\/product\/yoast-seo-wordpress\/ -->\n<title>Centro de Ayuda | Desucla<\/title>\n<meta name=\"description\" content=\"Gu\u00edas pr\u00e1cticas y respuestas estructuradas para apoyar la incorporaci\u00f3n, las operaciones de cumplimiento diarias y la gobernanza con Desucla.\" \/>\n<meta name=\"robots\" content=\"index, follow, max-snippet:-1, max-image-preview:large, max-video-preview:-1\" \/>\n<link rel=\"canonical\" href=\"https:\/\/www.desucla.com\/es\/centro-de-ayuda\/\" \/>\n<meta property=\"og:locale\" content=\"es_ES\" \/>\n<meta property=\"og:type\" content=\"article\" \/>\n<meta property=\"og:title\" content=\"Centro de Ayuda | Desucla\" \/>\n<meta property=\"og:description\" content=\"Gu\u00edas pr\u00e1cticas y respuestas estructuradas para apoyar la incorporaci\u00f3n, las operaciones de cumplimiento diarias y la gobernanza con Desucla.\" \/>\n<meta property=\"og:url\" content=\"https:\/\/www.desucla.com\/es\/centro-de-ayuda\/\" \/>\n<meta property=\"og:site_name\" content=\"Desucla\" \/>\n<meta property=\"article:modified_time\" content=\"2026-03-12T16:27:43+00:00\" \/>\n<meta name=\"twitter:card\" content=\"summary_large_image\" \/>\n<meta name=\"twitter:label1\" content=\"Tiempo de lectura\" \/>\n\t<meta name=\"twitter:data1\" content=\"1 minuto\" \/>\n<script type=\"application\/ld+json\" class=\"yoast-schema-graph\">{\"@context\":\"https:\\\/\\\/schema.org\",\"@graph\":[{\"@type\":\"WebPage\",\"@id\":\"https:\\\/\\\/www.desucla.com\\\/es\\\/centro-de-ayuda\\\/\",\"url\":\"https:\\\/\\\/www.desucla.com\\\/es\\\/centro-de-ayuda\\\/\",\"name\":\"Centro de Ayuda | Desucla\",\"isPartOf\":{\"@id\":\"https:\\\/\\\/www.desucla.com\\\/es\\\/#website\"},\"datePublished\":\"2026-03-04T01:13:37+00:00\",\"dateModified\":\"2026-03-12T16:27:43+00:00\",\"description\":\"Gu\u00edas pr\u00e1cticas y respuestas estructuradas para apoyar la incorporaci\u00f3n, las operaciones de cumplimiento diarias y la gobernanza con Desucla.\",\"breadcrumb\":{\"@id\":\"https:\\\/\\\/www.desucla.com\\\/es\\\/centro-de-ayuda\\\/#breadcrumb\"},\"inLanguage\":\"es\",\"potentialAction\":[{\"@type\":\"ReadAction\",\"target\":[\"https:\\\/\\\/www.desucla.com\\\/es\\\/centro-de-ayuda\\\/\"]}]},{\"@type\":\"BreadcrumbList\",\"@id\":\"https:\\\/\\\/www.desucla.com\\\/es\\\/centro-de-ayuda\\\/#breadcrumb\",\"itemListElement\":[{\"@type\":\"ListItem\",\"position\":1,\"name\":\"Home\",\"item\":\"https:\\\/\\\/www.desucla.com\\\/es\\\/\"},{\"@type\":\"ListItem\",\"position\":2,\"name\":\"Centro de Ayuda\"}]},{\"@type\":\"WebSite\",\"@id\":\"https:\\\/\\\/www.desucla.com\\\/es\\\/#website\",\"url\":\"https:\\\/\\\/www.desucla.com\\\/es\\\/\",\"name\":\"Desucla\",\"description\":\"\",\"potentialAction\":[{\"@type\":\"SearchAction\",\"target\":{\"@type\":\"EntryPoint\",\"urlTemplate\":\"https:\\\/\\\/www.desucla.com\\\/es\\\/?s={search_term_string}\"},\"query-input\":{\"@type\":\"PropertyValueSpecification\",\"valueRequired\":true,\"valueName\":\"search_term_string\"}}],\"inLanguage\":\"es\"}]}<\/script>\n<!-- \/ Yoast SEO plugin. -->","yoast_head_json":{"title":"Centro de Ayuda | Desucla","description":"Gu\u00edas pr\u00e1cticas y respuestas estructuradas para apoyar la incorporaci\u00f3n, las operaciones de cumplimiento diarias y la gobernanza con Desucla.","robots":{"index":"index","follow":"follow","max-snippet":"max-snippet:-1","max-image-preview":"max-image-preview:large","max-video-preview":"max-video-preview:-1"},"canonical":"https:\/\/www.desucla.com\/es\/centro-de-ayuda\/","og_locale":"es_ES","og_type":"article","og_title":"Centro de Ayuda | Desucla","og_description":"Gu\u00edas pr\u00e1cticas y respuestas estructuradas para apoyar la incorporaci\u00f3n, las operaciones de cumplimiento diarias y la gobernanza con Desucla.","og_url":"https:\/\/www.desucla.com\/es\/centro-de-ayuda\/","og_site_name":"Desucla","article_modified_time":"2026-03-12T16:27:43+00:00","twitter_card":"summary_large_image","twitter_misc":{"Tiempo de lectura":"1 minuto"},"schema":{"@context":"https:\/\/schema.org","@graph":[{"@type":"WebPage","@id":"https:\/\/www.desucla.com\/es\/centro-de-ayuda\/","url":"https:\/\/www.desucla.com\/es\/centro-de-ayuda\/","name":"Centro de Ayuda | Desucla","isPartOf":{"@id":"https:\/\/www.desucla.com\/es\/#website"},"datePublished":"2026-03-04T01:13:37+00:00","dateModified":"2026-03-12T16:27:43+00:00","description":"Gu\u00edas pr\u00e1cticas y respuestas estructuradas para apoyar la incorporaci\u00f3n, las operaciones de cumplimiento diarias y la gobernanza con Desucla.","breadcrumb":{"@id":"https:\/\/www.desucla.com\/es\/centro-de-ayuda\/#breadcrumb"},"inLanguage":"es","potentialAction":[{"@type":"ReadAction","target":["https:\/\/www.desucla.com\/es\/centro-de-ayuda\/"]}]},{"@type":"BreadcrumbList","@id":"https:\/\/www.desucla.com\/es\/centro-de-ayuda\/#breadcrumb","itemListElement":[{"@type":"ListItem","position":1,"name":"Home","item":"https:\/\/www.desucla.com\/es\/"},{"@type":"ListItem","position":2,"name":"Centro de Ayuda"}]},{"@type":"WebSite","@id":"https:\/\/www.desucla.com\/es\/#website","url":"https:\/\/www.desucla.com\/es\/","name":"Desucla","description":"","potentialAction":[{"@type":"SearchAction","target":{"@type":"EntryPoint","urlTemplate":"https:\/\/www.desucla.com\/es\/?s={search_term_string}"},"query-input":{"@type":"PropertyValueSpecification","valueRequired":true,"valueName":"search_term_string"}}],"inLanguage":"es"}]}},"_links":{"self":[{"href":"https:\/\/www.desucla.com\/es\/wp-json\/wp\/v2\/pages\/2000","targetHints":{"allow":["GET"]}}],"collection":[{"href":"https:\/\/www.desucla.com\/es\/wp-json\/wp\/v2\/pages"}],"about":[{"href":"https:\/\/www.desucla.com\/es\/wp-json\/wp\/v2\/types\/page"}],"author":[{"embeddable":true,"href":"https:\/\/www.desucla.com\/es\/wp-json\/wp\/v2\/users\/1"}],"replies":[{"embeddable":true,"href":"https:\/\/www.desucla.com\/es\/wp-json\/wp\/v2\/comments?post=2000"}],"version-history":[{"count":1,"href":"https:\/\/www.desucla.com\/es\/wp-json\/wp\/v2\/pages\/2000\/revisions"}],"predecessor-version":[{"id":2608,"href":"https:\/\/www.desucla.com\/es\/wp-json\/wp\/v2\/pages\/2000\/revisions\/2608"}],"wp:attachment":[{"href":"https:\/\/www.desucla.com\/es\/wp-json\/wp\/v2\/media?parent=2000"}],"curies":[{"name":"wp","href":"https:\/\/api.w.org\/{rel}","templated":true}]}}