{"id":1973,"date":"2026-03-04T00:53:11","date_gmt":"2026-03-04T00:53:11","guid":{"rendered":"https:\/\/desucla.com\/carreras\/"},"modified":"2026-03-12T16:31:46","modified_gmt":"2026-03-12T16:31:46","slug":"carreras","status":"publish","type":"page","link":"https:\/\/www.desucla.com\/es\/carreras\/","title":{"rendered":"Carreras"},"content":{"rendered":"<section class=\"careers-hero\">\n\t<div class=\"container\">\n\t\t<div class=\"careers-hero-content\">\n\t\t\t<div class=\"careers-hero-label\">Carreras en Desucla<\/div>\t\t\t<h1>Construir infraestructura de plataforma para la entrega de cumplimiento transfronterizo<\/h1>\t\t\t<p>\u00danete a un equipo experto que construye infraestructura controlada de grado tesorer\u00eda para la entrega operativa de cumplimiento fiscal y comercial transfronterizo. Nuestros sistemas y soluciones son confiables por empresas y organizaciones que operan a nivel global.<\/p>\t\t\t\t\t\t\t<a href=\"#open-positions\" class=\"btn btn-primary\">\n\t\t\t\t\tVer posiciones abiertas\t\t\t\t\t<img decoding=\"async\" src=\"https:\/\/www.desucla.com\/wp-content\/themes\/desucla\/assets\/images\/button-arrow.svg\" alt=\"Careers\">\n\t\t\t\t<\/a>\n\t\t\t\t\t<\/div>\n\t<\/div>\n\t<div class=\"careers-hero-image\">\n\t\t<img decoding=\"async\" src=\"https:\/\/www.desucla.com\/wp-content\/uploads\/2026\/03\/careers.webp\" alt=\"Desucla team collaborating\">\n\t<\/div>\n<\/section>\n\n\n<section class=\"careers-stats\">\n\t<div class=\"container\">\n\t\t<div class=\"careers-stats-grid\">\n\t\t\t\t\t\t\t<div class=\"careers-stat\">\n\t\t\t\t\t<div class=\"careers-stat-value\">50+<\/div>\n\t\t\t\t\t<div class=\"careers-stat-label\">Miembros del equipo<\/div>\t\t\t\t<\/div>\n\t\t\t\t\t\t\t<div class=\"careers-stat\">\n\t\t\t\t\t<div class=\"careers-stat-value\">12<\/div>\n\t\t\t\t\t<div class=\"careers-stat-label\">Pa\u00edses<\/div>\t\t\t\t<\/div>\n\t\t\t\t\t\t\t<div class=\"careers-stat\">\n\t\t\t\t\t<div class=\"careers-stat-value\">\u20ac2B+<\/div>\n\t\t\t\t\t<div class=\"careers-stat-label\">Transacciones procesadas<\/div>\t\t\t\t<\/div>\n\t\t\t\t\t\t\t<div class=\"careers-stat\">\n\t\t\t\t\t<div class=\"careers-stat-value\">100+<\/div>\n\t\t\t\t\t<div class=\"careers-stat-label\">Clientes empresariales<\/div>\t\t\t\t<\/div>\n\t\t\t\t\t<\/div>\n\t<\/div>\n<\/section>\n\n\n<section class=\"careers-why\">\n\t<div class=\"container\">\n\t\t<div class=\"careers-why-layout\">\n\t\t\t<div class=\"careers-why-intro\">\n\t\t\t\t<h2>\u00bfPor qu\u00e9 unirse a Desucla?<\/h2>\t\t\t\t<p>Operamos en la intersecci\u00f3n de la entrega de cumplimiento operativo, ejecuci\u00f3n de pagos y tecnolog\u00eda de plataforma gobernada. Nuestros equipos dise\u00f1an y entregan modelos de procesamiento de cumplimiento estructurado que se utilizan en entornos corporativos regulados.<\/p>\t\t\t\t\t\t\t\t\t<a href=\"https:\/\/www.desucla.com\/es\/acerca-de\/\" class=\"btn btn-primary\">\n\t\t\t\t\t\tConoce al equipo\t\t\t\t\t\t<img decoding=\"async\" src=\"https:\/\/www.desucla.com\/wp-content\/themes\/desucla\/assets\/images\/button-arrow.svg\" alt=\"\u00bfPor qu\u00e9 unirse a Desucla?\">\n\t\t\t\t\t<\/a>\n\t\t\t\t\t\t\t<\/div>\n\t\t\t\t\t\t\t<div class=\"careers-why-grid\">\n\t\t\t\t\t\t\t\t\t\t\t<div class=\"careers-why-card\">\n\t\t\t\t\t\t\t<div class=\"careers-why-icon\">\n\t\t\t\t\t\t\t\t<img decoding=\"async\" src=\"https:\/\/www.desucla.com\/wp-content\/uploads\/2026\/02\/impact.svg\" alt=\"Trabajo de alto impacto\">\n\t\t\t\t\t\t\t<\/div>\n\t\t\t\t\t\t\t<h3>Trabajo de alto impacto<\/h3>\t\t\t\t\t\t\t<p>Contribuye a construir los sistemas que apoyan la entrega de cumplimiento transfronterizo cr\u00edtico para la misi\u00f3n.<\/p>\t\t\t\t\t\t<\/div>\n\t\t\t\t\t\t\t\t\t\t\t<div class=\"careers-why-card\">\n\t\t\t\t\t\t\t<div class=\"careers-why-icon\">\n\t\t\t\t\t\t\t\t<img decoding=\"async\" src=\"https:\/\/www.desucla.com\/wp-content\/uploads\/2026\/02\/expert.svg\" alt=\"Profundidad regulatoria\">\n\t\t\t\t\t\t\t<\/div>\n\t\t\t\t\t\t\t<h3>Profundidad regulatoria<\/h3>\t\t\t\t\t\t\t<p>Trabaja junto a especialistas en impuestos, aduanas y tesorer\u00eda para entregar soluciones de cumplimiento operativo en entornos regulatorios complejos.<\/p>\t\t\t\t\t\t<\/div>\n\t\t\t\t\t\t\t\t\t\t\t<div class=\"careers-why-card\">\n\t\t\t\t\t\t\t<div class=\"careers-why-icon\">\n\t\t\t\t\t\t\t\t<img decoding=\"async\" src=\"https:\/\/www.desucla.com\/wp-content\/uploads\/2026\/02\/global.svg\" alt=\"Alcance internacional\">\n\t\t\t\t\t\t\t<\/div>\n\t\t\t\t\t\t\t<h3>Alcance internacional<\/h3>\t\t\t\t\t\t\t<p>Trabaja en mercados internacionales y con equipos especializados para ofrecer una soluci\u00f3n integral de entrega de cumplimiento operativo internacional.<\/p>\t\t\t\t\t\t<\/div>\n\t\t\t\t\t\t\t\t\t\t\t<div class=\"careers-why-card\">\n\t\t\t\t\t\t\t<div class=\"careers-why-icon\">\n\t\t\t\t\t\t\t\t<img decoding=\"async\" src=\"https:\/\/www.desucla.com\/wp-content\/uploads\/2026\/02\/systems.svg\" alt=\"Sistemas controlados\">\n\t\t\t\t\t\t\t<\/div>\n\t\t\t\t\t\t\t<h3>Sistemas controlados<\/h3>\t\t\t\t\t\t\t<p>Construye infraestructura dise\u00f1ada para entregar trazabilidad, responsabilidad y gobernanza a nivel empresarial.<\/p>\t\t\t\t\t\t<\/div>\n\t\t\t\t\t\t\t\t\t<\/div>\n\t\t\t\t\t<\/div>\n\t<\/div>\n<\/section>\n\n\n<section class=\"careers-life\">\n\t<div class=\"container\">\n\t\t<div class=\"careers-life-header\">\n\t\t\t<h2>Vida en Desucla<\/h2>\t\t\t<p>Un entorno estructurado y colaborativo donde la experiencia operativa y la ingenier\u00eda de plataformas se unen para entregar resultados medibles.<\/p>\t\t<\/div>\n\t\t<div class=\"careers-life-gallery\">\n\t\t\t<div class=\"careers-life-image careers-life-image-large\">\n\t\t\t\t<img decoding=\"async\" src=\"https:\/\/www.desucla.com\/wp-content\/uploads\/2026\/03\/Life-at-Desucla.webp\" alt=\"Team collaboration\">\n\t\t\t<\/div>\n\t\t\t<div class=\"careers-life-image\">\n\t\t\t\t<img decoding=\"async\" src=\"https:\/\/www.desucla.com\/wp-content\/uploads\/2026\/03\/Life-at-Desucla2.webp\" alt=\"Office environment\">\n\t\t\t<\/div>\n\t\t\t<div class=\"careers-life-image\">\n\t\t\t\t<img decoding=\"async\" src=\"https:\/\/www.desucla.com\/wp-content\/uploads\/2026\/03\/Life-at-Desucla3.webp\" alt=\"Team meeting\">\n\t\t\t<\/div>\n\t\t<\/div>\n\t<\/div>\n<\/section>\n\n\n<section class=\"careers-benefits\">\n\t<div class=\"container\">\n\t\t<div class=\"careers-benefits-header\">\n\t\t\t<h2>Beneficios y Ventajas<\/h2>\t\t\t<p>Beneficios tangibles para profesionales que construyen sistemas de alta responsabilidad a largo plazo.<\/p>\t\t<\/div>\n\t\t\t\t\t<div class=\"careers-benefits-grid\">\n\t\t\t\t\t\t\t\t\t<div class=\"careers-benefit-card\">\n\t\t\t\t\t\t<h3>Compensaci\u00f3n competitiva<\/h3>\t\t\t\t\t\t<p>Salario alineado al mercado, incentivos por desempe\u00f1o y participaci\u00f3n a largo plazo en el crecimiento de la empresa.<\/p>\t\t\t\t\t<\/div>\n\t\t\t\t\t\t\t\t\t<div class=\"careers-benefit-card\">\n\t\t\t\t\t\t<h3>Salud y Bienestar<\/h3>\t\t\t\t\t\t<p>Beneficios de salud y bienestar para ti y tu familia.<\/p>\t\t\t\t\t<\/div>\n\t\t\t\t\t\t\t\t\t<div class=\"careers-benefit-card\">\n\t\t\t\t\t\t<h3>Trabajo flexible<\/h3>\t\t\t\t\t\t<p>Opciones de trabajo h\u00edbrido y remoto, ofreciendo flexibilidad y equilibrio entre trabajo y vida personal.<\/p>\t\t\t\t\t<\/div>\n\t\t\t\t\t\t\t\t\t<div class=\"careers-benefit-card\">\n\t\t\t\t\t\t<h3>Desarrollo profesional<\/h3>\t\t\t\t\t\t<p>Capacitaci\u00f3n continua, apoyo para certificaciones y oportunidades estructuradas de desarrollo personal y profesional.<\/p>\t\t\t\t\t<\/div>\n\t\t\t\t\t\t\t\t\t<div class=\"careers-benefit-card\">\n\t\t\t\t\t\t<h3>Vacaciones anuales<\/h3>\t\t\t\t\t\t<p>Vacaciones anuales legales est\u00e1ndar m\u00e1s d\u00edas festivos, as\u00ed como licencia parental estructurada.<\/p>\t\t\t\t\t<\/div>\n\t\t\t\t\t\t\t\t\t<div class=\"careers-benefit-card\">\n\t\t\t\t\t\t<h3>Pensi\u00f3n<\/h3>\t\t\t\t\t\t<p>Recompensas de pensi\u00f3n competitivas y apoyo para la planificaci\u00f3n financiera a largo plazo dependiendo de la ubicaci\u00f3n.<\/p>\t\t\t\t\t<\/div>\n\t\t\t\t\t\t\t<\/div>\n\t\t\t<\/div>\n<\/section>\n","protected":false},"excerpt":{"rendered":"","protected":false},"author":1,"featured_media":0,"parent":0,"menu_order":0,"comment_status":"closed","ping_status":"closed","template":"page-careers.php","meta":{"_acf_changed":false,"footnotes":""},"class_list":["post-1973","page","type-page","status-publish","hentry"],"acf":[],"yoast_head":"<!-- This site is optimized with the Yoast SEO plugin v27.4 - https:\/\/yoast.com\/product\/yoast-seo-wordpress\/ -->\n<title>Carreras en Desucla | \u00danase a nuestro equipo<\/title>\n<meta name=\"description\" content=\"Explore las posiciones abiertas en Desucla. Estamos contratando en los equipos de ingenier\u00eda, cumplimiento, producto y comercial para construir el futuro de la infraestructura de cumplimiento transfronterizo.\" \/>\n<meta name=\"robots\" content=\"index, follow, max-snippet:-1, max-image-preview:large, max-video-preview:-1\" \/>\n<link rel=\"canonical\" href=\"https:\/\/www.desucla.com\/es\/carreras\/\" \/>\n<meta property=\"og:locale\" content=\"es_ES\" \/>\n<meta property=\"og:type\" content=\"article\" \/>\n<meta property=\"og:title\" content=\"Carreras en Desucla | \u00danase a nuestro equipo\" \/>\n<meta property=\"og:description\" content=\"Explore las posiciones abiertas en Desucla. Estamos contratando en los equipos de ingenier\u00eda, cumplimiento, producto y comercial para construir el futuro de la infraestructura de cumplimiento transfronterizo.\" \/>\n<meta property=\"og:url\" content=\"https:\/\/www.desucla.com\/es\/carreras\/\" \/>\n<meta property=\"og:site_name\" content=\"Desucla\" \/>\n<meta property=\"article:modified_time\" content=\"2026-03-12T16:31:46+00:00\" \/>\n<meta name=\"twitter:card\" content=\"summary_large_image\" \/>\n<meta name=\"twitter:label1\" content=\"Tiempo de lectura\" \/>\n\t<meta name=\"twitter:data1\" content=\"4 minutos\" \/>\n<script type=\"application\/ld+json\" class=\"yoast-schema-graph\">{\"@context\":\"https:\\\/\\\/schema.org\",\"@graph\":[{\"@type\":\"WebPage\",\"@id\":\"https:\\\/\\\/www.desucla.com\\\/es\\\/carreras\\\/\",\"url\":\"https:\\\/\\\/www.desucla.com\\\/es\\\/carreras\\\/\",\"name\":\"Carreras en Desucla | \u00danase a nuestro equipo\",\"isPartOf\":{\"@id\":\"https:\\\/\\\/www.desucla.com\\\/es\\\/#website\"},\"datePublished\":\"2026-03-04T00:53:11+00:00\",\"dateModified\":\"2026-03-12T16:31:46+00:00\",\"description\":\"Explore las posiciones abiertas en Desucla. Estamos contratando en los equipos de ingenier\u00eda, cumplimiento, producto y comercial para construir el futuro de la infraestructura de cumplimiento transfronterizo.\",\"breadcrumb\":{\"@id\":\"https:\\\/\\\/www.desucla.com\\\/es\\\/carreras\\\/#breadcrumb\"},\"inLanguage\":\"es\",\"potentialAction\":[{\"@type\":\"ReadAction\",\"target\":[\"https:\\\/\\\/www.desucla.com\\\/es\\\/carreras\\\/\"]}]},{\"@type\":\"BreadcrumbList\",\"@id\":\"https:\\\/\\\/www.desucla.com\\\/es\\\/carreras\\\/#breadcrumb\",\"itemListElement\":[{\"@type\":\"ListItem\",\"position\":1,\"name\":\"Home\",\"item\":\"https:\\\/\\\/www.desucla.com\\\/es\\\/\"},{\"@type\":\"ListItem\",\"position\":2,\"name\":\"Carreras\"}]},{\"@type\":\"WebSite\",\"@id\":\"https:\\\/\\\/www.desucla.com\\\/es\\\/#website\",\"url\":\"https:\\\/\\\/www.desucla.com\\\/es\\\/\",\"name\":\"Desucla\",\"description\":\"\",\"potentialAction\":[{\"@type\":\"SearchAction\",\"target\":{\"@type\":\"EntryPoint\",\"urlTemplate\":\"https:\\\/\\\/www.desucla.com\\\/es\\\/?s={search_term_string}\"},\"query-input\":{\"@type\":\"PropertyValueSpecification\",\"valueRequired\":true,\"valueName\":\"search_term_string\"}}],\"inLanguage\":\"es\"}]}<\/script>\n<!-- \/ Yoast SEO plugin. -->","yoast_head_json":{"title":"Carreras en Desucla | \u00danase a nuestro equipo","description":"Explore las posiciones abiertas en Desucla. Estamos contratando en los equipos de ingenier\u00eda, cumplimiento, producto y comercial para construir el futuro de la infraestructura de cumplimiento transfronterizo.","robots":{"index":"index","follow":"follow","max-snippet":"max-snippet:-1","max-image-preview":"max-image-preview:large","max-video-preview":"max-video-preview:-1"},"canonical":"https:\/\/www.desucla.com\/es\/carreras\/","og_locale":"es_ES","og_type":"article","og_title":"Carreras en Desucla | \u00danase a nuestro equipo","og_description":"Explore las posiciones abiertas en Desucla. Estamos contratando en los equipos de ingenier\u00eda, cumplimiento, producto y comercial para construir el futuro de la infraestructura de cumplimiento transfronterizo.","og_url":"https:\/\/www.desucla.com\/es\/carreras\/","og_site_name":"Desucla","article_modified_time":"2026-03-12T16:31:46+00:00","twitter_card":"summary_large_image","twitter_misc":{"Tiempo de lectura":"4 minutos"},"schema":{"@context":"https:\/\/schema.org","@graph":[{"@type":"WebPage","@id":"https:\/\/www.desucla.com\/es\/carreras\/","url":"https:\/\/www.desucla.com\/es\/carreras\/","name":"Carreras en Desucla | \u00danase a nuestro equipo","isPartOf":{"@id":"https:\/\/www.desucla.com\/es\/#website"},"datePublished":"2026-03-04T00:53:11+00:00","dateModified":"2026-03-12T16:31:46+00:00","description":"Explore las posiciones abiertas en Desucla. Estamos contratando en los equipos de ingenier\u00eda, cumplimiento, producto y comercial para construir el futuro de la infraestructura de cumplimiento transfronterizo.","breadcrumb":{"@id":"https:\/\/www.desucla.com\/es\/carreras\/#breadcrumb"},"inLanguage":"es","potentialAction":[{"@type":"ReadAction","target":["https:\/\/www.desucla.com\/es\/carreras\/"]}]},{"@type":"BreadcrumbList","@id":"https:\/\/www.desucla.com\/es\/carreras\/#breadcrumb","itemListElement":[{"@type":"ListItem","position":1,"name":"Home","item":"https:\/\/www.desucla.com\/es\/"},{"@type":"ListItem","position":2,"name":"Carreras"}]},{"@type":"WebSite","@id":"https:\/\/www.desucla.com\/es\/#website","url":"https:\/\/www.desucla.com\/es\/","name":"Desucla","description":"","potentialAction":[{"@type":"SearchAction","target":{"@type":"EntryPoint","urlTemplate":"https:\/\/www.desucla.com\/es\/?s={search_term_string}"},"query-input":{"@type":"PropertyValueSpecification","valueRequired":true,"valueName":"search_term_string"}}],"inLanguage":"es"}]}},"_links":{"self":[{"href":"https:\/\/www.desucla.com\/es\/wp-json\/wp\/v2\/pages\/1973","targetHints":{"allow":["GET"]}}],"collection":[{"href":"https:\/\/www.desucla.com\/es\/wp-json\/wp\/v2\/pages"}],"about":[{"href":"https:\/\/www.desucla.com\/es\/wp-json\/wp\/v2\/types\/page"}],"author":[{"embeddable":true,"href":"https:\/\/www.desucla.com\/es\/wp-json\/wp\/v2\/users\/1"}],"replies":[{"embeddable":true,"href":"https:\/\/www.desucla.com\/es\/wp-json\/wp\/v2\/comments?post=1973"}],"version-history":[{"count":1,"href":"https:\/\/www.desucla.com\/es\/wp-json\/wp\/v2\/pages\/1973\/revisions"}],"predecessor-version":[{"id":2614,"href":"https:\/\/www.desucla.com\/es\/wp-json\/wp\/v2\/pages\/1973\/revisions\/2614"}],"wp:attachment":[{"href":"https:\/\/www.desucla.com\/es\/wp-json\/wp\/v2\/media?parent=1973"}],"curies":[{"name":"wp","href":"https:\/\/api.w.org\/{rel}","templated":true}]}}