{"id":1912,"date":"2026-03-03T23:20:04","date_gmt":"2026-03-03T23:20:04","guid":{"rendered":"https:\/\/desucla.com\/contacto\/"},"modified":"2026-03-03T23:20:04","modified_gmt":"2026-03-03T23:20:04","slug":"contacto","status":"publish","type":"page","link":"https:\/\/www.desucla.com\/es\/contacto\/","title":{"rendered":"Contacto"},"content":{"rendered":"<section class=\"contact-hero\">\n\t<div class=\"contact-hero-container\">\n\t\t<h1>Ponte en contacto<\/h1>\t\t<p>Ya sea revisando la infraestructura de cumplimiento o la escalabilidad transfronteriza, habla con nuestro equipo sobre tus necesidades.<\/p>\t<\/div>\n<\/section>\n\n\n<section class=\"contact-main\">\n\t<div class=\"contact-main-container\">\n\t\t<div class=\"contact-form-wrapper\">\n\t\t\t<h2>Env\u00edanos un mensaje<\/h2>\t\t\t\t\t\t<form id=\"contact-form-block_a07755c2fd59d10a5a2cdefb524aa745\" class=\"contact-form taxpay-form js-service-hero-hubspot-form contact-page-hubspot-form\" method=\"post\" action=\"\" novalidate\n\t\t\t\tdata-portal-id=\"145781135\"\n\t\t\t\tdata-form-guid=\"5630d2db-78f4-4038-8c17-2537cea1c73e\"\n\t\t\t\tdata-rest-url=\"https:\/\/www.desucla.com\/es\/wp-json\/desucla\/v1\/hubspot-submit\"\n\t\t\t\tdata-nonce=\"3ac99a529f\"\n\t\t\t\tdata-ajax-url=\"https:\/\/www.desucla.com\/wp-admin\/admin-ajax.php\"\n\t\t\t\tdata-contact-nonce=\"562f407054\"\n\t\t\t\tdata-thank-you-url=\"https:\/\/www.desucla.com\/thank-you\/\">\n\t\t\t\t\t\t\t\t<div class=\"form-row\">\n\t\t\t\t\t<div class=\"form-group\">\n\t\t\t\t\t\t<input type=\"text\" id=\"contact-firstname\" name=\"firstname\" required aria-required=\"true\" placeholder=\"Nombre *\" aria-label=\"Nombre\">\n\t\t\t\t\t<\/div>\n\t\t\t\t\t<div class=\"form-group\">\n\t\t\t\t\t\t<input type=\"text\" id=\"contact-lastname\" name=\"lastname\" required aria-required=\"true\" placeholder=\"Apellido *\" aria-label=\"Apellido\">\n\t\t\t\t\t<\/div>\n\t\t\t\t<\/div>\n\t\t\t\t<div class=\"form-row\">\n\t\t\t\t\t<div class=\"form-group\">\n\t\t\t\t\t\t<input type=\"email\" id=\"contact-email\" name=\"email\" required aria-required=\"true\" placeholder=\"Correo electr\u00f3nico del trabajo *\" aria-label=\"Correo electr\u00f3nico del trabajo\">\n\t\t\t\t\t<\/div>\n\t\t\t\t\t<div class=\"form-group\">\n\t\t\t\t\t\t<input type=\"tel\" id=\"contact-phone\" name=\"phone\" required aria-required=\"true\" placeholder=\"N\u00famero de tel\u00e9fono *\" aria-label=\"N\u00famero de tel\u00e9fono\">\n\t\t\t\t\t<\/div>\n\t\t\t\t<\/div>\n\t\t\t\t<div class=\"form-group\">\n\t\t\t\t\t<input type=\"text\" id=\"contact-company\" name=\"company\" required aria-required=\"true\" placeholder=\"Empresa *\" aria-label=\"Empresa\">\n\t\t\t\t<\/div>\n\t\t\t\t<div class=\"form-group\">\n\t\t\t\t\t<select id=\"contact-help\" name=\"help\" aria-label=\"\u00bfC\u00f3mo podemos ayudar?\">\n\t\t\t\t\t\t<option value=\"\">\u00bfC\u00f3mo podemos ayudar?<\/option>\n\t\t\t\t\t\t<option value=\"Sales Inquiry\">Consulta de ventas<\/option>\n\t\t\t\t\t\t<option value=\"Partnership opportunity\">Oportunidad de asociaci\u00f3n<\/option>\n\t\t\t\t\t\t<option value=\"Technical support\">Soporte t\u00e9cnico<\/option>\n\t\t\t\t\t\t<option value=\"Request a demo\">Solicitar una demostraci\u00f3n<\/option>\n\t\t\t\t\t\t<option value=\"Integration questions\">Preguntas sobre integraci\u00f3n<\/option>\n\t\t\t\t\t<\/select>\n\t\t\t\t<\/div>\n\t\t\t\t<div class=\"form-group\">\n\t\t\t\t\t<textarea id=\"contact-message\" name=\"message\" rows=\"6\" placeholder=\"Mensaje\" aria-label=\"Mensaje\"><\/textarea>\n\t\t\t\t<\/div>\n\t\t\t\t<label class=\"taxpay-form-checkbox form-consent-label\">\n\t\t\t\t\t<input type=\"checkbox\" name=\"agree_to_communications\" value=\"yes\" required aria-required=\"true\" aria-label=\"Consentimiento para procesar datos personales\">\n\t\t\t\t\t<span>Al marcar esta casilla, doy mi consentimiento a Desucla para procesar mis datos personales y contactarme sobre servicios de cumplimiento. <span class=\"required\">*<\/span><\/span>\n\t\t\t\t<\/label>\n\t\t\t\t<p class=\"form-disclaimer\">* Campos obligatorios. Al enviar este formulario, aceptas nuestra pol\u00edtica de privacidad.<\/p>\n\t\t\t\t<button type=\"submit\" class=\"btn btn-primary btn-large\">\n\t\t\t\t\t<span>Enviar ahora<\/span>\n\t\t\t\t\t<img decoding=\"async\" src=\"https:\/\/www.desucla.com\/wp-content\/themes\/desucla\/assets\/images\/button-arrow.svg\" alt=\"Contacto\" class=\"btn-arrow\">\n\t\t\t\t<\/button>\n\t\t\t\t<div class=\"taxpay-form-message\" aria-live=\"polite\" hidden><\/div>\n\t\t\t<\/form>\n\t\t\t\t\t<\/div>\n\n\t\t<div class=\"contact-info-card\">\n\t\t\t<div class=\"contact-info-image\">\n\t\t\t\t<img decoding=\"async\" src=\"https:\/\/www.desucla.com\/wp-content\/uploads\/2026\/03\/Desucla-Contact.webp\" alt=\"Contacto\" class=\"contact-image\">\n\t\t\t\t<div class=\"contact-image-overlay\"><\/div>\n\t\t\t<\/div>\n\t\t\t<div class=\"contact-info-content\">\n\t\t\t\t<h3>Informaci\u00f3n de contacto<\/h3>\t\t\t\t<div class=\"contact-info-item\">\n\t\t\t\t\t<div class=\"contact-info-icon\">\n\t\t\t\t\t\t<img decoding=\"async\" src=\"https:\/\/www.desucla.com\/wp-content\/themes\/desucla\/assets\/images\/location.svg\" alt=\"Contacto\">\n\t\t\t\t\t<\/div>\n\t\t\t\t\t<div class=\"contact-info-text\">\n\t\t\t\t\t\t<p class=\"contact-info-title\">Londres, Reino Unido<\/p>\t\t\t\t\t\t<p class=\"contact-info-detail\">29 Euston Road, Londres, NW1 2SD<\/p>\t\t\t\t\t<\/div>\n\t\t\t\t<\/div>\n\t\t\t\t<div class=\"contact-info-item\">\n\t\t\t\t\t<div class=\"contact-info-icon\">\n\t\t\t\t\t\t<img decoding=\"async\" src=\"https:\/\/www.desucla.com\/wp-content\/themes\/desucla\/assets\/images\/phone.svg\" alt=\"Contacto\">\n\t\t\t\t\t<\/div>\n\t\t\t\t\t<div class=\"contact-info-text\">\n\t\t\t\t\t\t<p class=\"contact-info-title\">+44 20 3633 9763<\/p>\t\t\t\t\t\t\t\t\t\t\t<\/div>\n\t\t\t\t<\/div>\n\t\t\t<\/div>\n\t\t<\/div>\n\t<\/div>\n<\/section>\n\n\n<section class=\"contact-options\">\n\t<div class=\"contact-options-container\">\n\t\t<h2>\u00bfBuscas algo espec\u00edfico?<\/h2>\t\t<div class=\"contact-options-grid\">\n\t\t\t\t\t\t<div class=\"contact-option-card\">\n\t\t\t\t<h3>Consultas de ventas<\/h3>\t\t\t\t<p>Discute la cobertura de entrega de cumplimiento, la alineaci\u00f3n del flujo de trabajo y el ajuste operativo con nuestro equipo.<\/p>\t\t\t\t<a href=\"mailto:sales@desucla.com\" class=\"contact-option-link\">sales@desucla.com<\/a>\t\t\t<\/div>\n\t\t\t\t\t\t<div class=\"contact-option-card\">\n\t\t\t\t<h3>As\u00f3ciate con nosotros<\/h3>\t\t\t\t<p>Explora modelos estructurados de entrega de cumplimiento operativo para firmas de asesor\u00eda y cumplimiento.<\/p>\t\t\t\t<a href=\"mailto:partnerships@desucla.com\" class=\"contact-option-link\">partnerships@desucla.com<\/a>\t\t\t<\/div>\n\t\t\t\t\t\t<div class=\"contact-option-card\">\n\t\t\t\t<h3>Soporte<\/h3>\t\t\t\t<p>Soporte estructurado y asistencia operativa para clientes existentes.<\/p>\t\t\t\t<a href=\"mailto:support@desucla.com\" class=\"contact-option-link\">support@desucla.com<\/a>\t\t\t<\/div>\n\t\t\t\t\t<\/div>\n\t<\/div>\n<\/section>\n","protected":false},"excerpt":{"rendered":"","protected":false},"author":1,"featured_media":0,"parent":0,"menu_order":0,"comment_status":"closed","ping_status":"closed","template":"page-contact.php","meta":{"_acf_changed":false,"footnotes":""},"class_list":["post-1912","page","type-page","status-publish","hentry"],"acf":[],"yoast_head":"<!-- This site is optimized with the Yoast SEO plugin v27.4 - https:\/\/yoast.com\/product\/yoast-seo-wordpress\/ -->\n<title>Cont\u00e1ctenos | Desucla<\/title>\n<meta name=\"description\" content=\"P\u00f3ngase en contacto con Desucla. Hable con nuestro equipo sobre cumplimiento fiscal transfronterizo, representaci\u00f3n aduanera y c\u00f3mo nuestra plataforma puede apoyar sus operaciones.\" \/>\n<meta name=\"robots\" content=\"index, follow, max-snippet:-1, max-image-preview:large, max-video-preview:-1\" \/>\n<link rel=\"canonical\" href=\"https:\/\/www.desucla.com\/es\/contacto\/\" \/>\n<meta property=\"og:locale\" content=\"es_ES\" \/>\n<meta property=\"og:type\" content=\"article\" \/>\n<meta property=\"og:title\" content=\"Cont\u00e1ctenos | Desucla\" \/>\n<meta property=\"og:description\" content=\"P\u00f3ngase en contacto con Desucla. Hable con nuestro equipo sobre cumplimiento fiscal transfronterizo, representaci\u00f3n aduanera y c\u00f3mo nuestra plataforma puede apoyar sus operaciones.\" \/>\n<meta property=\"og:url\" content=\"https:\/\/www.desucla.com\/es\/contacto\/\" \/>\n<meta property=\"og:site_name\" content=\"Desucla\" \/>\n<meta name=\"twitter:card\" content=\"summary_large_image\" \/>\n<script type=\"application\/ld+json\" class=\"yoast-schema-graph\">{\"@context\":\"https:\\\/\\\/schema.org\",\"@graph\":[{\"@type\":\"WebPage\",\"@id\":\"https:\\\/\\\/www.desucla.com\\\/es\\\/contacto\\\/\",\"url\":\"https:\\\/\\\/www.desucla.com\\\/es\\\/contacto\\\/\",\"name\":\"Cont\u00e1ctenos | Desucla\",\"isPartOf\":{\"@id\":\"https:\\\/\\\/www.desucla.com\\\/es\\\/#website\"},\"datePublished\":\"2026-03-03T23:20:04+00:00\",\"description\":\"P\u00f3ngase en contacto con Desucla. Hable con nuestro equipo sobre cumplimiento fiscal transfronterizo, representaci\u00f3n aduanera y c\u00f3mo nuestra plataforma puede apoyar sus operaciones.\",\"breadcrumb\":{\"@id\":\"https:\\\/\\\/www.desucla.com\\\/es\\\/contacto\\\/#breadcrumb\"},\"inLanguage\":\"es\",\"potentialAction\":[{\"@type\":\"ReadAction\",\"target\":[\"https:\\\/\\\/www.desucla.com\\\/es\\\/contacto\\\/\"]}]},{\"@type\":\"BreadcrumbList\",\"@id\":\"https:\\\/\\\/www.desucla.com\\\/es\\\/contacto\\\/#breadcrumb\",\"itemListElement\":[{\"@type\":\"ListItem\",\"position\":1,\"name\":\"Home\",\"item\":\"https:\\\/\\\/www.desucla.com\\\/es\\\/\"},{\"@type\":\"ListItem\",\"position\":2,\"name\":\"Contacto\"}]},{\"@type\":\"WebSite\",\"@id\":\"https:\\\/\\\/www.desucla.com\\\/es\\\/#website\",\"url\":\"https:\\\/\\\/www.desucla.com\\\/es\\\/\",\"name\":\"Desucla\",\"description\":\"\",\"potentialAction\":[{\"@type\":\"SearchAction\",\"target\":{\"@type\":\"EntryPoint\",\"urlTemplate\":\"https:\\\/\\\/www.desucla.com\\\/es\\\/?s={search_term_string}\"},\"query-input\":{\"@type\":\"PropertyValueSpecification\",\"valueRequired\":true,\"valueName\":\"search_term_string\"}}],\"inLanguage\":\"es\"}]}<\/script>\n<!-- \/ Yoast SEO plugin. -->","yoast_head_json":{"title":"Cont\u00e1ctenos | Desucla","description":"P\u00f3ngase en contacto con Desucla. Hable con nuestro equipo sobre cumplimiento fiscal transfronterizo, representaci\u00f3n aduanera y c\u00f3mo nuestra plataforma puede apoyar sus operaciones.","robots":{"index":"index","follow":"follow","max-snippet":"max-snippet:-1","max-image-preview":"max-image-preview:large","max-video-preview":"max-video-preview:-1"},"canonical":"https:\/\/www.desucla.com\/es\/contacto\/","og_locale":"es_ES","og_type":"article","og_title":"Cont\u00e1ctenos | Desucla","og_description":"P\u00f3ngase en contacto con Desucla. Hable con nuestro equipo sobre cumplimiento fiscal transfronterizo, representaci\u00f3n aduanera y c\u00f3mo nuestra plataforma puede apoyar sus operaciones.","og_url":"https:\/\/www.desucla.com\/es\/contacto\/","og_site_name":"Desucla","twitter_card":"summary_large_image","schema":{"@context":"https:\/\/schema.org","@graph":[{"@type":"WebPage","@id":"https:\/\/www.desucla.com\/es\/contacto\/","url":"https:\/\/www.desucla.com\/es\/contacto\/","name":"Cont\u00e1ctenos | Desucla","isPartOf":{"@id":"https:\/\/www.desucla.com\/es\/#website"},"datePublished":"2026-03-03T23:20:04+00:00","description":"P\u00f3ngase en contacto con Desucla. Hable con nuestro equipo sobre cumplimiento fiscal transfronterizo, representaci\u00f3n aduanera y c\u00f3mo nuestra plataforma puede apoyar sus operaciones.","breadcrumb":{"@id":"https:\/\/www.desucla.com\/es\/contacto\/#breadcrumb"},"inLanguage":"es","potentialAction":[{"@type":"ReadAction","target":["https:\/\/www.desucla.com\/es\/contacto\/"]}]},{"@type":"BreadcrumbList","@id":"https:\/\/www.desucla.com\/es\/contacto\/#breadcrumb","itemListElement":[{"@type":"ListItem","position":1,"name":"Home","item":"https:\/\/www.desucla.com\/es\/"},{"@type":"ListItem","position":2,"name":"Contacto"}]},{"@type":"WebSite","@id":"https:\/\/www.desucla.com\/es\/#website","url":"https:\/\/www.desucla.com\/es\/","name":"Desucla","description":"","potentialAction":[{"@type":"SearchAction","target":{"@type":"EntryPoint","urlTemplate":"https:\/\/www.desucla.com\/es\/?s={search_term_string}"},"query-input":{"@type":"PropertyValueSpecification","valueRequired":true,"valueName":"search_term_string"}}],"inLanguage":"es"}]}},"_links":{"self":[{"href":"https:\/\/www.desucla.com\/es\/wp-json\/wp\/v2\/pages\/1912","targetHints":{"allow":["GET"]}}],"collection":[{"href":"https:\/\/www.desucla.com\/es\/wp-json\/wp\/v2\/pages"}],"about":[{"href":"https:\/\/www.desucla.com\/es\/wp-json\/wp\/v2\/types\/page"}],"author":[{"embeddable":true,"href":"https:\/\/www.desucla.com\/es\/wp-json\/wp\/v2\/users\/1"}],"replies":[{"embeddable":true,"href":"https:\/\/www.desucla.com\/es\/wp-json\/wp\/v2\/comments?post=1912"}],"version-history":[{"count":0,"href":"https:\/\/www.desucla.com\/es\/wp-json\/wp\/v2\/pages\/1912\/revisions"}],"wp:attachment":[{"href":"https:\/\/www.desucla.com\/es\/wp-json\/wp\/v2\/media?parent=1912"}],"curies":[{"name":"wp","href":"https:\/\/api.w.org\/{rel}","templated":true}]}}