{"id":1885,"date":"2026-03-03T23:08:01","date_gmt":"2026-03-03T23:08:01","guid":{"rendered":"https:\/\/desucla.com\/acerca-de\/"},"modified":"2026-03-12T16:30:24","modified_gmt":"2026-03-12T16:30:24","slug":"acerca-de","status":"publish","type":"page","link":"https:\/\/www.desucla.com\/es\/acerca-de\/","title":{"rendered":"Acerca de"},"content":{"rendered":"<section class=\"about-hero\">\n\t<div class=\"about-hero-container\">\n\t\t<div class=\"about-hero-content\">\n\t\t\t<span class=\"about-eyebrow\">SOBRE NOSOTROS<\/span>\n\t\t\t<h1>Infraestructura de ejecuci\u00f3n de cumplimiento transfronterizo<\/h1>\n\t\t\t<p>Para empresas y firmas de servicios profesionales que operan en m\u00faltiples entidades y jurisdicciones. Desucla consolida la presentaci\u00f3n de impuestos, liquidaci\u00f3n y representaci\u00f3n en un \u00fanico entorno de ejecuci\u00f3n de presentaci\u00f3n y liquidaci\u00f3n controlado.<\/p>\n\t\t\t<a href=\"\/es\/#how-it-works\" class=\"btn btn-primary\">\n\t\t\t\t<span>Vea c\u00f3mo funciona<\/span>\n\t\t\t\t<img decoding=\"async\" src=\"https:\/\/www.desucla.com\/wp-content\/themes\/desucla\/assets\/images\/button-arrow.svg\" alt=\"Infraestructura de ejecuci\u00f3n de cumplimiento transfronterizo\" class=\"btn-arrow\">\n\t\t\t<\/a>\n\t\t<\/div>\n\t\t<div class=\"about-hero-visual\" aria-hidden=\"true\">\n\t\t\t<div class=\"about-hero-image\">\n\t\t\t\t<img decoding=\"async\" src=\"https:\/\/www.desucla.com\/wp-content\/uploads\/2026\/03\/About-us.webp\" alt=\"Infraestructura de ejecuci\u00f3n de cumplimiento transfronterizo\">\n\t\t\t<\/div>\n\t\t<\/div>\n\t<\/div>\n<\/section>\n\n\n<section class=\"about-highlight\">\n\t<div class=\"about-highlight-container\">\n\t\t<div class=\"about-highlight-image\">\n\t\t\t<img decoding=\"async\" src=\"https:\/\/www.desucla.com\/wp-content\/uploads\/2026\/03\/About-us-team.webp\" alt=\"\">\n\t\t<\/div>\n\t\t<div class=\"about-highlight-quote\">\n\t\t\t<span class=\"about-quote-mark\" aria-hidden=\"true\">&#8220;<\/span>\n\t\t\t<p>El cumplimiento transfronterizo requiere controles definidos. Desucla ofrece ejecuci\u00f3n estructurada, responsabilidad clara y supervisi\u00f3n en todas las jurisdicciones.<\/p>\n\t\t\t<span class=\"about-quote-mark about-quote-mark-close\" aria-hidden=\"true\">&#8220;<\/span>\n\t\t<\/div>\n\t\t<div class=\"about-highlight-stat\">\n\t\t\t\t\t\t<div class=\"about-highlight-value\">Centralizado<\/div>\n\t\t\t<p>Presentaci\u00f3n y liquidaci\u00f3n dentro de un marco controlado.<\/p>\n\t\t<\/div>\n\t<\/div>\n<\/section>\n\n\n<section class=\"about-story\">\n\t<div class=\"about-story-container\">\n\t\t<div class=\"about-story-header\">\n\t\t\t<span class=\"about-eyebrow about-eyebrow-light\">Acerca de<\/span>\n\t\t\t<h2>Presentaciones estructuradas de impuestos transfronterizos y entrega de cumplimiento de \u00faltima milla<\/h2>\n\t\t<\/div>\n\t\t<div class=\"about-story-body\">\n\t\t\t<p><span style=\"font-weight: 400\">Desucla opera un modelo de entrega habilitado por plataforma para la administraci\u00f3n de impuestos indirectos a nivel mundial. Las inscripciones, declaraciones, pagos y representaci\u00f3n se presentan a trav\u00e9s de flujos de trabajo definidos alineados con los requisitos de las autoridades locales.<\/p>\n<p><span style=\"font-weight: 400\">Nuestro enfoque es la entrega de cumplimiento operativo, no los servicios de asesor\u00eda. La presentaci\u00f3n, liquidaci\u00f3n y monitoreo de impuestos est\u00e1n estructurados dentro de un \u00fanico entorno gobernado, proporcionando control a nivel empresarial, estandarizaci\u00f3n y supervisi\u00f3n en todas las jurisdicciones.<\/p>\n<p><span style=\"font-weight: 400\">La entrega de cumplimiento fragmentada a trav\u00e9s de m\u00faltiples proveedores aumenta el riesgo de errores, retrasos y arrastre operativo. Al alinear la presentaci\u00f3n y liquidaci\u00f3n de impuestos dentro de un marco, el cumplimiento transfronterizo es predecible, auditable y m\u00e1s f\u00e1cil de escalar. <\/p>\n\t\t<\/div>\n\t<\/div>\n\t\t<div class=\"about-story-stats\">\n\t\t\t\t\t\t\t\t<div class=\"about-story-stat\">\n\t\t\t\t<span class=\"about-story-value\">Global<\/span>\n\t\t\t\t<span class=\"about-story-label\">Cobertura de jurisdicci\u00f3n<\/span>\n\t\t\t<\/div>\n\t\t\t\t\t<span class=\"about-story-divider\" aria-hidden=\"true\"><\/span>\t\t\t<div class=\"about-story-stat\">\n\t\t\t\t<span class=\"about-story-value\">Multi-Entidad<\/span>\n\t\t\t\t<span class=\"about-story-label\">Soporte operativo<\/span>\n\t\t\t<\/div>\n\t\t\t\t\t<span class=\"about-story-divider\" aria-hidden=\"true\"><\/span>\t\t\t<div class=\"about-story-stat\">\n\t\t\t\t<span class=\"about-story-value\">Integrado<\/span>\n\t\t\t\t<span class=\"about-story-label\">Presentaci\u00f3n y\/o liquidaci\u00f3n, seg\u00fan sea necesario<\/span>\n\t\t\t<\/div>\n\t\t\t\t\t<span class=\"about-story-divider\" aria-hidden=\"true\"><\/span>\t\t\t<div class=\"about-story-stat\">\n\t\t\t\t<span class=\"about-story-value\">Estructurado<\/span>\n\t\t\t\t<span class=\"about-story-label\">Modelos de representaci\u00f3n<\/span>\n\t\t\t<\/div>\n\t\t\t<\/div>\n\t<\/section>\n\n\n<section class=\"about-leadership\" id=\"leadership\">\n\t<div class=\"about-leadership-container\">\n\t\t<div class=\"about-leadership-intro\">\n\t\t\t<span class=\"about-eyebrow\">Liderazgo<\/span>\n\t\t\t<h2>Experiencia operativa en impuestos y pagos<\/h2>\n\t\t\t<p>Nuestro liderazgo aporta una profunda experiencia en impuestos indirectos, representaci\u00f3n fiscal e infraestructura de pagos regulada. Su enfoque est\u00e1 en construir una entrega de cumplimiento estructurada y escalable en m\u00faltiples jurisdicciones y entidades.<\/p>\t\t\t<a href=\"https:\/\/www.desucla.com\/es\/resources\/\" class=\"btn btn-outline-dark\">\n\t\t\t\t<span>Vea nuestro pensamiento<\/span>\n\t\t\t\t<img decoding=\"async\" src=\"https:\/\/www.desucla.com\/wp-content\/themes\/desucla\/assets\/images\/button-arrow.svg\" alt=\"Leadership\" class=\"btn-arrow\">\n\t\t\t<\/a>\n\t\t<\/div>\n\t\t<div class=\"about-leadership-grid about-leadership-grid--top\">\n\t\t\t\t\t\t\t<article class=\"about-leader-card\">\n\t\t\t\t\t<div class=\"about-leader-image\">\n\t\t\t\t\t\t<img decoding=\"async\" src=\"https:\/\/www.desucla.com\/wp-content\/uploads\/2026\/02\/Richard-Baxter.webp\" alt=\"Richard Baxter\">\n\t\t\t\t\t\t<div class=\"about-leader-links\">\n\t\t\t\t\t\t\t<a href=\"https:\/\/www.linkedin.com\/in\/ribaxter\/\" target=\"_blank\" rel=\"noopener noreferrer\" aria-label=\"LinkedIn\"><img decoding=\"async\" src=\"https:\/\/www.desucla.com\/wp-content\/themes\/desucla\/assets\/images\/linkedin.svg\" alt=\"Leadership\"><\/a>\t\t\t\t\t\t\t\t\t\t\t\t\t<\/div>\n\t\t\t\t\t<\/div>\n\t\t\t\t\t<div class=\"about-leader-content\">\n\t\t\t\t\t\t<h3>Richard Baxter<\/h3>\n\t\t\t\t\t\t<p>Fundador<\/p>\t\t\t\t\t<\/div>\n\t\t\t\t<\/article>\n\t\t\t\t\t\t\t<article class=\"about-leader-card\">\n\t\t\t\t\t<div class=\"about-leader-image\">\n\t\t\t\t\t\t<img decoding=\"async\" src=\"https:\/\/www.desucla.com\/wp-content\/uploads\/2026\/02\/Ryan-Bishop.webp\" alt=\"Ryan Bishop\">\n\t\t\t\t\t\t<div class=\"about-leader-links\">\n\t\t\t\t\t\t\t<a href=\"https:\/\/www.linkedin.com\/in\/ukryanbishop\/\" target=\"_blank\" rel=\"noopener noreferrer\" aria-label=\"LinkedIn\"><img decoding=\"async\" src=\"https:\/\/www.desucla.com\/wp-content\/themes\/desucla\/assets\/images\/linkedin.svg\" alt=\"Leadership\"><\/a>\t\t\t\t\t\t\t\t\t\t\t\t\t<\/div>\n\t\t\t\t\t<\/div>\n\t\t\t\t\t<div class=\"about-leader-content\">\n\t\t\t\t\t\t<h3>Ryan Bishop<\/h3>\n\t\t\t\t\t\t<p>Director Comercial<\/p>\t\t\t\t\t<\/div>\n\t\t\t\t<\/article>\n\t\t\t\t\t<\/div>\n\t\t\t\t<div class=\"about-leadership-grid about-leadership-grid--bottom\">\n\t\t\t\t\t\t\t<article class=\"about-leader-card\">\n\t\t\t\t\t<div class=\"about-leader-image\">\n\t\t\t\t\t\t<img decoding=\"async\" src=\"https:\/\/www.desucla.com\/wp-content\/uploads\/2026\/02\/Stephen-Gregson-e1772212002733.webp\" alt=\"Stephen Gregson\">\n\t\t\t\t\t\t<div class=\"about-leader-links\">\n\t\t\t\t\t\t\t<a href=\"https:\/\/www.linkedin.com\/in\/stephen-gregson-a776393\" target=\"_blank\" rel=\"noopener noreferrer\" aria-label=\"LinkedIn\"><img decoding=\"async\" src=\"https:\/\/www.desucla.com\/wp-content\/themes\/desucla\/assets\/images\/linkedin.svg\" alt=\"Leadership\"><\/a>\t\t\t\t\t\t\t\t\t\t\t\t\t<\/div>\n\t\t\t\t\t<\/div>\n\t\t\t\t\t<div class=\"about-leader-content\">\n\t\t\t\t\t\t<h3>Stephen Gregson<\/h3>\n\t\t\t\t\t\t<p>Director Financiero<\/p>\t\t\t\t\t<\/div>\n\t\t\t\t<\/article>\n\t\t\t\t\t\t\t<article class=\"about-leader-card\">\n\t\t\t\t\t<div class=\"about-leader-image\">\n\t\t\t\t\t\t<img decoding=\"async\" src=\"https:\/\/www.desucla.com\/wp-content\/uploads\/2026\/02\/Syed-Khalid-e1772211991890.webp\" alt=\"Syed Khalid\">\n\t\t\t\t\t\t<div class=\"about-leader-links\">\n\t\t\t\t\t\t\t<a href=\"https:\/\/www.linkedin.com\/in\/syed-khalid76\/\" target=\"_blank\" rel=\"noopener noreferrer\" aria-label=\"LinkedIn\"><img decoding=\"async\" src=\"https:\/\/www.desucla.com\/wp-content\/themes\/desucla\/assets\/images\/linkedin.svg\" alt=\"Leadership\"><\/a>\t\t\t\t\t\t\t\t\t\t\t\t\t<\/div>\n\t\t\t\t\t<\/div>\n\t\t\t\t\t<div class=\"about-leader-content\">\n\t\t\t\t\t\t<h3>Syed Khalid<\/h3>\n\t\t\t\t\t\t<p>Director de Cumplimiento<\/p>\t\t\t\t\t<\/div>\n\t\t\t\t<\/article>\n\t\t\t\t\t\t\t<article class=\"about-leader-card\">\n\t\t\t\t\t<div class=\"about-leader-image\">\n\t\t\t\t\t\t<img decoding=\"async\" src=\"https:\/\/www.desucla.com\/wp-content\/uploads\/2026\/02\/Raluca-Fadur.webp\" alt=\"Raluca Fadur\">\n\t\t\t\t\t\t<div class=\"about-leader-links\">\n\t\t\t\t\t\t\t<a href=\"https:\/\/www.linkedin.com\/in\/ralucafadur-ref3\/\" target=\"_blank\" rel=\"noopener noreferrer\" aria-label=\"LinkedIn\"><img decoding=\"async\" src=\"https:\/\/www.desucla.com\/wp-content\/themes\/desucla\/assets\/images\/linkedin.svg\" alt=\"Leadership\"><\/a>\t\t\t\t\t\t\t\t\t\t\t\t\t<\/div>\n\t\t\t\t\t<\/div>\n\t\t\t\t\t<div class=\"about-leader-content\">\n\t\t\t\t\t\t<h3>Raluca Fadur<\/h3>\n\t\t\t\t\t\t<p>Jefa de la Red de Representaci\u00f3n Fiscal\\\/Impuestos<\/p>\t\t\t\t\t<\/div>\n\t\t\t\t<\/article>\n\t\t\t\t\t<\/div>\n\t\t\t<\/div>\n<\/section>\n\n\n<section class=\"about-differentiators\">\n\t<div class=\"about-differentiators-container\">\n\t\t<div class=\"about-differentiators-content\">\n\t\t\t<span class=\"about-eyebrow\">Nuestro modelo<\/span>\n\t\t\t<h2>Dise\u00f1ado para la entrega de cumplimiento transfronterizo<\/h2>\n\t\t\t<p>Desucla estructura la ejecuci\u00f3n, monitoreo y evidencia de cumplimiento dentro de flujos de trabajo definidos, permitiendo a las empresas expandir la cobertura jurisdiccional sin complejidad a\u00f1adida o entrega fragmentada.<\/p>\n\t\t\t<div class=\"about-differentiators-grid\">\n\t\t\t\t\t\t\t\t\t<div class=\"about-differentiator-card\">\n\t\t\t\t\t\t<div class=\"about-differentiator-icon\"><img decoding=\"async\" src=\"https:\/\/www.desucla.com\/wp-content\/uploads\/2026\/02\/gurant.svg\" alt=\"\"><\/div>\t\t\t\t\t\t<h3>Ejecuci\u00f3n unificada<\/h3>\n\t\t\t\t\t\t<p>Presentaci\u00f3n y liquidaci\u00f3n de impuestos estructuradas dentro de un \u00fanico entorno controlado.\r\n<\/p>\t\t\t\t\t<\/div>\n\t\t\t\t\t\t\t\t\t<div class=\"about-differentiator-card\">\n\t\t\t\t\t\t<div class=\"about-differentiator-icon\"><img decoding=\"async\" src=\"https:\/\/www.desucla.com\/wp-content\/uploads\/2026\/02\/gloabe-about.svg\" alt=\"\"><\/div>\t\t\t\t\t\t<h3>Pagos validados<\/h3>\n\t\t\t\t\t\t<p>Los pagos se enrutan a trav\u00e9s de bancos regulados con aprobaciones controladas.<\/p>\t\t\t\t\t<\/div>\n\t\t\t\t\t\t\t\t\t<div class=\"about-differentiator-card\">\n\t\t\t\t\t\t<div class=\"about-differentiator-icon\"><img decoding=\"async\" src=\"https:\/\/www.desucla.com\/wp-content\/uploads\/2026\/02\/standard.svg\" alt=\"\"><\/div>\t\t\t\t\t\t<h3>Responsabilidad definida<\/h3>\n\t\t\t\t\t\t<p>Los roles, responsabilidades y aprobaciones asociadas se establecen durante la incorporaci\u00f3n.<\/p>\t\t\t\t\t<\/div>\n\t\t\t\t\t\t\t\t\t<div class=\"about-differentiator-card\">\n\t\t\t\t\t\t<div class=\"about-differentiator-icon\"><img decoding=\"async\" src=\"https:\/\/www.desucla.com\/wp-content\/uploads\/2026\/02\/operational.svg\" alt=\"\"><\/div>\t\t\t\t\t\t<h3>Registros listos para auditor\u00eda<\/h3>\n\t\t\t\t\t\t<p>Las presentaciones de impuestos y confirmaciones de pago se retienen de manera centralizada.<\/p>\t\t\t\t\t<\/div>\n\t\t\t\t\t\t\t<\/div>\n\t\t<\/div>\n\t\t\t\t<div class=\"about-differentiators-visual\" aria-hidden=\"true\">\n\t\t\t<img decoding=\"async\" src=\"https:\/\/www.desucla.com\/wp-content\/uploads\/2026\/03\/What-sets-us-apart.webp\" alt=\"\">\n\t\t<\/div>\n\t\t\t<\/div>\n<\/section>\n\n\n<section class=\"footer-cta\">\n\t<div class=\"footer-cta-container\">\n\t\t<h2>Ejecuci\u00f3n. Liquidaci\u00f3n. Responsabilidad.<\/h2>\t\t<p>Opera el cumplimiento transfronterizo dentro de un \u00fanico marco de ejecuci\u00f3n estructurado, alineado con los requisitos jurisdiccionales locales.<\/p>\t\t\t\t<div class=\"footer-cta-actions\">\n\t\t\t<a href=\"https:\/\/www.desucla.com\/contact\/\" class=\"btn btn-primary btn-large\">\n\t\t\t\t<span>Hable con un experto<\/span>\n\t\t\t\t<img decoding=\"async\" src=\"https:\/\/www.desucla.com\/wp-content\/themes\/desucla\/assets\/images\/button-arrow.svg\" alt=\"Ejecuci\u00f3n. Liquidaci\u00f3n. Responsabilidad.\" class=\"btn-arrow\">\n\t\t\t<\/a>\n\t\t<\/div>\n\t\t\t<\/div>\n<\/section>\n","protected":false},"excerpt":{"rendered":"","protected":false},"author":1,"featured_media":0,"parent":0,"menu_order":0,"comment_status":"closed","ping_status":"closed","template":"page-about.php","meta":{"_acf_changed":false,"footnotes":""},"class_list":["post-1885","page","type-page","status-publish","hentry"],"acf":[],"yoast_head":"<!-- This site is optimized with the Yoast SEO plugin v27.4 - https:\/\/yoast.com\/product\/yoast-seo-wordpress\/ -->\n<title>Acerca de Desucla | Infraestructura de Cumplimiento Transfronterizo<\/title>\n<meta name=\"description\" content=\"Desucla consolida la declaraci\u00f3n fiscal, la liquidaci\u00f3n y la representaci\u00f3n para empresas y firmas de servicios profesionales que operan en m\u00faltiples entidades y jurisdicciones.\" \/>\n<meta name=\"robots\" content=\"index, follow, max-snippet:-1, max-image-preview:large, max-video-preview:-1\" \/>\n<link rel=\"canonical\" href=\"https:\/\/www.desucla.com\/es\/acerca-de\/\" \/>\n<meta property=\"og:locale\" content=\"es_ES\" \/>\n<meta property=\"og:type\" content=\"article\" \/>\n<meta property=\"og:title\" content=\"Acerca de Desucla | Infraestructura de Cumplimiento Transfronterizo\" \/>\n<meta property=\"og:description\" content=\"Desucla consolida la declaraci\u00f3n fiscal, la liquidaci\u00f3n y la representaci\u00f3n para empresas y firmas de servicios profesionales que operan en m\u00faltiples entidades y jurisdicciones.\" \/>\n<meta property=\"og:url\" content=\"https:\/\/www.desucla.com\/es\/acerca-de\/\" \/>\n<meta property=\"og:site_name\" content=\"Desucla\" \/>\n<meta property=\"article:modified_time\" content=\"2026-03-12T16:30:24+00:00\" \/>\n<meta name=\"twitter:card\" content=\"summary_large_image\" \/>\n<meta name=\"twitter:label1\" content=\"Tiempo de lectura\" \/>\n\t<meta name=\"twitter:data1\" content=\"5 minutos\" \/>\n<script type=\"application\/ld+json\" class=\"yoast-schema-graph\">{\"@context\":\"https:\\\/\\\/schema.org\",\"@graph\":[{\"@type\":\"WebPage\",\"@id\":\"https:\\\/\\\/www.desucla.com\\\/es\\\/acerca-de\\\/\",\"url\":\"https:\\\/\\\/www.desucla.com\\\/es\\\/acerca-de\\\/\",\"name\":\"Acerca de Desucla | Infraestructura de Cumplimiento Transfronterizo\",\"isPartOf\":{\"@id\":\"https:\\\/\\\/www.desucla.com\\\/es\\\/#website\"},\"datePublished\":\"2026-03-03T23:08:01+00:00\",\"dateModified\":\"2026-03-12T16:30:24+00:00\",\"description\":\"Desucla consolida la declaraci\u00f3n fiscal, la liquidaci\u00f3n y la representaci\u00f3n para empresas y firmas de servicios profesionales que operan en m\u00faltiples entidades y jurisdicciones.\",\"breadcrumb\":{\"@id\":\"https:\\\/\\\/www.desucla.com\\\/es\\\/acerca-de\\\/#breadcrumb\"},\"inLanguage\":\"es\",\"potentialAction\":[{\"@type\":\"ReadAction\",\"target\":[\"https:\\\/\\\/www.desucla.com\\\/es\\\/acerca-de\\\/\"]}]},{\"@type\":\"BreadcrumbList\",\"@id\":\"https:\\\/\\\/www.desucla.com\\\/es\\\/acerca-de\\\/#breadcrumb\",\"itemListElement\":[{\"@type\":\"ListItem\",\"position\":1,\"name\":\"Home\",\"item\":\"https:\\\/\\\/www.desucla.com\\\/es\\\/\"},{\"@type\":\"ListItem\",\"position\":2,\"name\":\"Acerca de\"}]},{\"@type\":\"WebSite\",\"@id\":\"https:\\\/\\\/www.desucla.com\\\/es\\\/#website\",\"url\":\"https:\\\/\\\/www.desucla.com\\\/es\\\/\",\"name\":\"Desucla\",\"description\":\"\",\"potentialAction\":[{\"@type\":\"SearchAction\",\"target\":{\"@type\":\"EntryPoint\",\"urlTemplate\":\"https:\\\/\\\/www.desucla.com\\\/es\\\/?s={search_term_string}\"},\"query-input\":{\"@type\":\"PropertyValueSpecification\",\"valueRequired\":true,\"valueName\":\"search_term_string\"}}],\"inLanguage\":\"es\"}]}<\/script>\n<!-- \/ Yoast SEO plugin. -->","yoast_head_json":{"title":"Acerca de Desucla | Infraestructura de Cumplimiento Transfronterizo","description":"Desucla consolida la declaraci\u00f3n fiscal, la liquidaci\u00f3n y la representaci\u00f3n para empresas y firmas de servicios profesionales que operan en m\u00faltiples entidades y jurisdicciones.","robots":{"index":"index","follow":"follow","max-snippet":"max-snippet:-1","max-image-preview":"max-image-preview:large","max-video-preview":"max-video-preview:-1"},"canonical":"https:\/\/www.desucla.com\/es\/acerca-de\/","og_locale":"es_ES","og_type":"article","og_title":"Acerca de Desucla | Infraestructura de Cumplimiento Transfronterizo","og_description":"Desucla consolida la declaraci\u00f3n fiscal, la liquidaci\u00f3n y la representaci\u00f3n para empresas y firmas de servicios profesionales que operan en m\u00faltiples entidades y jurisdicciones.","og_url":"https:\/\/www.desucla.com\/es\/acerca-de\/","og_site_name":"Desucla","article_modified_time":"2026-03-12T16:30:24+00:00","twitter_card":"summary_large_image","twitter_misc":{"Tiempo de lectura":"5 minutos"},"schema":{"@context":"https:\/\/schema.org","@graph":[{"@type":"WebPage","@id":"https:\/\/www.desucla.com\/es\/acerca-de\/","url":"https:\/\/www.desucla.com\/es\/acerca-de\/","name":"Acerca de Desucla | Infraestructura de Cumplimiento Transfronterizo","isPartOf":{"@id":"https:\/\/www.desucla.com\/es\/#website"},"datePublished":"2026-03-03T23:08:01+00:00","dateModified":"2026-03-12T16:30:24+00:00","description":"Desucla consolida la declaraci\u00f3n fiscal, la liquidaci\u00f3n y la representaci\u00f3n para empresas y firmas de servicios profesionales que operan en m\u00faltiples entidades y jurisdicciones.","breadcrumb":{"@id":"https:\/\/www.desucla.com\/es\/acerca-de\/#breadcrumb"},"inLanguage":"es","potentialAction":[{"@type":"ReadAction","target":["https:\/\/www.desucla.com\/es\/acerca-de\/"]}]},{"@type":"BreadcrumbList","@id":"https:\/\/www.desucla.com\/es\/acerca-de\/#breadcrumb","itemListElement":[{"@type":"ListItem","position":1,"name":"Home","item":"https:\/\/www.desucla.com\/es\/"},{"@type":"ListItem","position":2,"name":"Acerca de"}]},{"@type":"WebSite","@id":"https:\/\/www.desucla.com\/es\/#website","url":"https:\/\/www.desucla.com\/es\/","name":"Desucla","description":"","potentialAction":[{"@type":"SearchAction","target":{"@type":"EntryPoint","urlTemplate":"https:\/\/www.desucla.com\/es\/?s={search_term_string}"},"query-input":{"@type":"PropertyValueSpecification","valueRequired":true,"valueName":"search_term_string"}}],"inLanguage":"es"}]}},"_links":{"self":[{"href":"https:\/\/www.desucla.com\/es\/wp-json\/wp\/v2\/pages\/1885","targetHints":{"allow":["GET"]}}],"collection":[{"href":"https:\/\/www.desucla.com\/es\/wp-json\/wp\/v2\/pages"}],"about":[{"href":"https:\/\/www.desucla.com\/es\/wp-json\/wp\/v2\/types\/page"}],"author":[{"embeddable":true,"href":"https:\/\/www.desucla.com\/es\/wp-json\/wp\/v2\/users\/1"}],"replies":[{"embeddable":true,"href":"https:\/\/www.desucla.com\/es\/wp-json\/wp\/v2\/comments?post=1885"}],"version-history":[{"count":2,"href":"https:\/\/www.desucla.com\/es\/wp-json\/wp\/v2\/pages\/1885\/revisions"}],"predecessor-version":[{"id":2613,"href":"https:\/\/www.desucla.com\/es\/wp-json\/wp\/v2\/pages\/1885\/revisions\/2613"}],"wp:attachment":[{"href":"https:\/\/www.desucla.com\/es\/wp-json\/wp\/v2\/media?parent=1885"}],"curies":[{"name":"wp","href":"https:\/\/api.w.org\/{rel}","templated":true}]}}